{"id":856,"date":"2022-10-15T15:56:10","date_gmt":"2022-10-15T15:56:10","guid":{"rendered":"https:\/\/stoerpegel.de\/?page_id=856"},"modified":"2023-01-01T12:36:37","modified_gmt":"2023-01-01T12:36:37","slug":"dicom-dateien","status":"publish","type":"page","link":"https:\/\/stoerpegel.de\/index.php\/dicom-dateien\/","title":{"rendered":"DICOM-Dateien"},"content":{"rendered":"\n<p class=\"has-text-align-center has-vivid-red-color has-text-color\">Anamnesen und Bilder bitte &#8222;kritisch&#8220; betrachten!<\/p>\n\n\n\n<p>F\u00fcr &#8222;orthop\u00e4disch-Interessierte&#8220; stelle ich hier die mir vorliegenden Bildgebungen zur Verf\u00fcgung (unverschl\u00fcsselte zip.-Dateien).<\/p>\n\n\n\n<p>Zur einfachen Betrachtung &#8211; auch in 3D &#8211; eignet sich m.E. der <a rel=\"noreferrer noopener\" href=\"https:\/\/www.radiantviewer.com\/\" target=\"_blank\">RadiAnt-Viewer <\/a>recht gut. Damit lassen sich auch einzelne Bereiche herausschneiden. Besser als die \u00fcblicherweise von den Radiologie-Instituten beigelegten Betrachtungsprogramme ist dieses allemal.<\/p>\n\n\n\n<p>Wesentlich bessere Bildgebungen sind mit dem ebenso kostenfreien Programm <a rel=\"noreferrer noopener\" href=\"https:\/\/download.slicer.org\/\" target=\"_blank\">3D-Slicer<\/a> m\u00f6glich, hier sind aber gr\u00f6\u00dfere Anforderungen an die Bedienung zu erf\u00fcllen, um z.B. eine 3D-Ansicht anzuzeigen. Dazu <a rel=\"noreferrer noopener\" href=\"https:\/\/www.dropbox.com\/s\/9jcjpl33qfh5pi6\/3DVisualizationDICOM_Slicer4.8_SoniaPujol.pdf?dl=0\" target=\"_blank\">HIER<\/a> eine gute Hilfe vom Einstieg bis zur 3D-Visualisierung (auf Englisch).<\/p>\n\n\n\n<div class=\"wp-block-media-text alignwide is-stacked-on-mobile\" style=\"grid-template-columns:67% auto\"><figure class=\"wp-block-media-text__media\"><img loading=\"lazy\" decoding=\"async\" width=\"1024\" height=\"530\" src=\"https:\/\/stoerpegel.de\/wp-content\/uploads\/2022\/10\/HWS C3 Dornfortsatz-1024x530.jpg\" alt=\"\" class=\"wp-image-861 size-full\" srcset=\"https:\/\/stoerpegel.de\/wp-content\/uploads\/2022\/10\/HWS%20C3%20Dornfortsatz-1024x530.jpg 1024w, https:\/\/stoerpegel.de\/wp-content\/uploads\/2022\/10\/HWS%20C3%20Dornfortsatz-300x155.jpg 300w, https:\/\/stoerpegel.de\/wp-content\/uploads\/2022\/10\/HWS%20C3%20Dornfortsatz-768x397.jpg 768w, https:\/\/stoerpegel.de\/wp-content\/uploads\/2022\/10\/HWS%20C3%20Dornfortsatz.jpg 1366w\" sizes=\"auto, (max-width: 1024px) 100vw, 1024px\" \/><\/figure><div class=\"wp-block-media-text__content\">\n<p>Dieser Screenshot wurde mit RadiAnt-Viewer aus &#8222;Diranuk CT Hals&#8220; erstellt.<\/p>\n\n\n\n<p>Zu sehen bzw. &#8222;fehlend&#8220; ist hier der Dornfortsatz C3 rechts.<\/p>\n<\/div><\/div>\n\n\n\n<p>Ich bitte freundlichst um R\u00fcckmeldung, sollte Ihnen dort &#8222;etwas auffallen&#8220;, auch \u00fcber erstellte Ansichten oder (automatisierte) Auswertungen durch entsprechende Programme w\u00fcrde ich mich au\u00dferordentlich freuen. Gerne direkt als Eintrag ins Forum, denn es kommen nicht alle E-Mails (info@stoerpegel.de) zu mir durch bzw. meine versendeten E-Mails kommen teils &#8211; nachweislich &#8211; ebensowenig an&#8230; <\/p>\n\n\n\n<p>Das bis heute bestehende Problem ist, dass sich die Fach\u00e4rzte ausschlie\u00dflich auf die geschriebenen Anamnesen berufen, und sich sogar gr\u00f6\u00dftenteils weigerten, die Bilder selber zu betrachten oder gar zu bewerten. Trotz meiner Hinweise auf die vielfachen Symptome und abzuleitende &#8222;Fehldiagnosen&#8220; bzw. auch inzwischen sogar f\u00fcr mich erkennbaren Abweichungen (mein &#8222;liebstes&#8220; Beispiel: abgerissener Dornfortsatz C3, der gemeinsam mit den HWS-Bandscheibenvorf\u00e4llen eindeutige &#8211; lebenseinschr\u00e4nkende &#8211; Symptomatiken verursacht, jedoch offensichtlich nicht erw\u00e4hnt werden &#8222;darf oder will&#8220; &#8211; denn dort w\u00e4re dann ja  &#8222;unverh\u00e4ltnism\u00e4\u00dfige, verbotene Gewaltanwendung unter vors\u00e4tzlicher Gef\u00e4hrdung von Leib und Leben&#8220; abzuleiten). Auch dieses ist &#8222;leicht zu ertasten&#8220;.<\/p>\n\n\n\n<p class=\"has-text-align-center has-white-color has-vivid-red-background-color has-text-color has-background has-large-font-size\">Und nochmals der Hinweis bzw. die gro\u00dfe BITTE:<\/p>\n\n\n\n<p class=\"has-white-color has-vivid-red-background-color has-text-color has-background has-larger-font-size\">Ich suche weiterhin \u00c4rzt*innen, die mir wirklich helfen m\u00f6chten &#8211; auch die hier bislang beteiligten d\u00fcrfen sich gerne melden, ich bin zu jeglichen Gespr\u00e4chen bereit&#8230; <\/p>\n\n\n\n<p class=\"has-text-align-center has-white-color has-vivid-red-background-color has-text-color has-background\">Ich habe hier noch lange nicht alle &#8222;Informationen&#8220; ver\u00f6ffentlicht&#8230; WILL ich auch nicht m\u00fcssen!<\/p>\n\n\n\n<p>Vielerlei Verletzungen sind noch heute (nach \u00fcber 3 Jahren) sogar von au\u00dfen erkennbar bzw. f\u00fchl- und h\u00f6rbar.<\/p>\n\n\n\n<p>Und sollte hier jemand Behandlungsbedarf ableiten und vielleicht sogar mir anbieten wollen &#8211; ich w\u00e4re um jede Kontaktaufnahme dankbar! Ggf. auch als Selbstzahler.<\/p>\n\n\n\n<p>Bitte machen Sie sich bei der Betrachtung der Aufnahmen klar, dass hier evtl. &#8222;Erkennbares verschwiegen&#8220; oder gar unkenntlich gemacht werden k\u00f6nnte. Denn z.B. die Bandscheibensch\u00e4digungen der HWS sind m.E. schon auf den ersten R\u00f6ntgenaufnahmen durch die geringen Wirbelabst\u00e4nde dort abzuleiten. Ein Arzt bem\u00e4ngelte z.B. die &#8222;miese Qualit\u00e4t, das geht aber besser&#8220;&#8230; . Und selbst im Ausland wurde ich &#8222;begleitet&#8220; von einem Pkw mit D\u00fcsseldorfer Kennzeichen, und das Personal dort schien mir am zweiten Tag deutlich eingesch\u00fcchtert worden zu sein&#8230;<\/p>\n\n\n\n<p>Bis heute sind keinerlei wirksame Behandlungen erfolgt, nur Physio (&gt;40x) und jeweils zwei Spritzen in HWS, LWS und eine in die Schulter, ebenso ohne merkliche Wirkung oder Besserung. Und die &#8222;missratene Knie-OP&#8220;&#8230;<\/p>\n\n\n\n<p>Soweit f\u00fcr mich m\u00f6glich und m.E. n\u00f6tig, habe ich diese Dateien anonymisiert.<\/p>\n\n\n\n<p>Die Anamnesen befinden sich im jeweiligen Hauptordner, wenn vorhanden.<\/p>\n\n\n\n<p> <\/p>\n\n\n\n<p>Diese Aufnahmen wurden in Polen auf eigene Kosten angefertig, denn in Deutschland wurde mir dieses selbst auf Anfrage als Selbstzahler vielfach verwehrt.<\/p>\n\n\n\n<p><\/p>\n\n\n\n<div class=\"wp-block-file\"><a id=\"wp-block-file--media-6bf526d3-d19a-4df6-a3fb-07c32d523722\" href=\"https:\/\/stoerpegel.de\/wp-content\/uploads\/2022\/10\/210811 TOMMA MRT WholeBody.zip\">210811 TOMMA MRT WholeBody<\/a><a href=\"https:\/\/stoerpegel.de\/wp-content\/uploads\/2022\/10\/210811 TOMMA MRT WholeBody.zip\" class=\"wp-block-file__button wp-element-button\" download aria-describedby=\"wp-block-file--media-6bf526d3-d19a-4df6-a3fb-07c32d523722\">Herunterladen<\/a><\/div>\n\n\n\n<div class=\"wp-block-file\"><a id=\"wp-block-file--media-efc45c07-6bf2-4b40-ad4b-ffe93af725f0\" href=\"https:\/\/stoerpegel.de\/wp-content\/uploads\/2022\/10\/210813 TOMMA MRT HWS+Nacken.zip\">210813 TOMMA MRT HWS+Nacken<\/a><a href=\"https:\/\/stoerpegel.de\/wp-content\/uploads\/2022\/10\/210813 TOMMA MRT HWS+Nacken.zip\" class=\"wp-block-file__button wp-element-button\" download aria-describedby=\"wp-block-file--media-efc45c07-6bf2-4b40-ad4b-ffe93af725f0\">Herunterladen<\/a><\/div>\n\n\n\n<div class=\"wp-block-file\"><a id=\"wp-block-file--media-936d417e-5b2a-4509-b89e-9c5b4b0f30e2\" href=\"https:\/\/stoerpegel.de\/wp-content\/uploads\/2022\/10\/210813 TOMMA MRT Ellenbogen li.zip\">210813 TOMMA MRT Ellenbogen li<\/a><a href=\"https:\/\/stoerpegel.de\/wp-content\/uploads\/2022\/10\/210813 TOMMA MRT Ellenbogen li.zip\" class=\"wp-block-file__button wp-element-button\" download aria-describedby=\"wp-block-file--media-936d417e-5b2a-4509-b89e-9c5b4b0f30e2\">Herunterladen<\/a><\/div>\n\n\n\n<div class=\"wp-block-file\"><a id=\"wp-block-file--media-773a7811-55eb-487b-a32e-6c893311bbb1\" href=\"https:\/\/stoerpegel.de\/wp-content\/uploads\/2022\/10\/210813 TOMMA MRT Handgelenk+ re.zip\">210813 TOMMA MRT Handgelenk+ re<\/a><a href=\"https:\/\/stoerpegel.de\/wp-content\/uploads\/2022\/10\/210813 TOMMA MRT Handgelenk+ re.zip\" class=\"wp-block-file__button wp-element-button\" download aria-describedby=\"wp-block-file--media-773a7811-55eb-487b-a32e-6c893311bbb1\">Herunterladen<\/a><\/div>\n\n\n\n<p>Hier die erste Bildgebung der HWS in einem CT &#8211; fast ein Jahr nach den ersten Verletzungen und mehrfach geschilderten Beschwerden sind dort noch immer klare &#8222;Spuren&#8220; der Gewaltanwendungen in lebensgef\u00e4hrdender Art und Weise zu erkennen &#8211; so z.B. eine Schwellung zwischen Kehlkopf und HWS, die ebenso nirgends erw\u00e4hnt wurde&#8230; eher das genaue  GEGENTEIL wie z.B. &#8222;keine oss\u00e4re Traumafolge&#8220;! Bei ebenso noch heute eindeutig bestehenden Symptomatiken, wie extreme Schluckbeschwerden. Die dazu angewendete &#8222;Technik&#8220; bestand darin, mir einen Schlagstock mit dem Griffende in den Hals zu dr\u00fccken, so dass ich keine Luft mehr bekam und dann dagegen zu treten, so dass u.a. mein Hals und Kiefer entsprechend gesch\u00e4digt wurden! Solche &#8222;Folgen&#8220; hat bislang niemand diagnostiziert.<\/p>\n\n\n\n<div class=\"wp-block-file\"><a id=\"wp-block-file--media-08014acc-0b95-4429-9e90-627b8c1cec41\" href=\"https:\/\/stoerpegel.de\/wp-content\/uploads\/2022\/10\/200513 DIRANUK CT Hals ano.zip\">200513 DIRANUK CT Hals ano<\/a><a href=\"https:\/\/stoerpegel.de\/wp-content\/uploads\/2022\/10\/200513 DIRANUK CT Hals ano.zip\" class=\"wp-block-file__button wp-element-button\" download aria-describedby=\"wp-block-file--media-08014acc-0b95-4429-9e90-627b8c1cec41\">Herunterladen<\/a><\/div>\n\n\n\n<div class=\"wp-block-media-text alignwide is-stacked-on-mobile\" style=\"grid-template-columns:46% auto\"><figure class=\"wp-block-media-text__media\"><img loading=\"lazy\" decoding=\"async\" width=\"398\" height=\"504\" src=\"https:\/\/stoerpegel.de\/wp-content\/uploads\/2022\/10\/200203-MVZ-MRT-Hand-re-pic.jpg\" alt=\"\" class=\"wp-image-872 size-full\" srcset=\"https:\/\/stoerpegel.de\/wp-content\/uploads\/2022\/10\/200203-MVZ-MRT-Hand-re-pic.jpg 398w, https:\/\/stoerpegel.de\/wp-content\/uploads\/2022\/10\/200203-MVZ-MRT-Hand-re-pic-237x300.jpg 237w\" sizes=\"auto, (max-width: 398px) 100vw, 398px\" \/><\/figure><div class=\"wp-block-media-text__content\">\n<p>Der Mittelhand-Knochen des kleinen Fingers sieht hier gebrochen aus&#8230;<\/p>\n\n\n\n<p>Aber diagnostiziert wurde es NICHT! Auch nicht die anderen Verletzungen.<\/p>\n\n\n\n<p>Und diese Bilder wurden sogar betrachtet, jedoch angeblich nichts darauf erkannt &#8211; nicht vom Radiologen und auch nicht in der Klinik, trotz klarer Hinweise meinerseits&#8230; und die vorgelegten Bilder wurden im Bericht verschwiegen.<\/p>\n\n\n\n<div data-wp-interactive=\"core\/file\" class=\"wp-block-file\"><object data-wp-bind--hidden=\"!state.hasPdfPreview\" hidden class=\"wp-block-file__embed\" data=\"https:\/\/stoerpegel.de\/wp-content\/uploads\/2022\/10\/200205 Klinikum BI Bericht H\u00e4nde anodr.pdf\" type=\"application\/pdf\" style=\"width:100%;height:600px\" aria-label=\"Einbettung von 200205 Klinikum BI Bericht H\u00e4nde anodr.\"><\/object><a id=\"wp-block-file--media-ccc398be-5452-4427-8c61-ad1273b793f3\" href=\"https:\/\/stoerpegel.de\/wp-content\/uploads\/2022\/10\/200205 Klinikum BI Bericht H\u00e4nde anodr.pdf\">200205 Klinikum BI Bericht H\u00e4nde anodr<\/a><a href=\"https:\/\/stoerpegel.de\/wp-content\/uploads\/2022\/10\/200205 Klinikum BI Bericht H\u00e4nde anodr.pdf\" class=\"wp-block-file__button wp-element-button\" download aria-describedby=\"wp-block-file--media-ccc398be-5452-4427-8c61-ad1273b793f3\">Herunterladen<\/a><\/div>\n<\/div><\/div>\n\n\n\n<div class=\"wp-block-file\"><a id=\"wp-block-file--media-df7319fd-055e-4494-a987-853245dc3b94\" href=\"https:\/\/stoerpegel.de\/wp-content\/uploads\/2022\/10\/200203 MVZ MRT Hand re.zip\">200203 MVZ MRT Hand re<\/a><a href=\"https:\/\/stoerpegel.de\/wp-content\/uploads\/2022\/10\/200203 MVZ MRT Hand re.zip\" class=\"wp-block-file__button wp-element-button\" download aria-describedby=\"wp-block-file--media-df7319fd-055e-4494-a987-853245dc3b94\">Herunterladen<\/a><\/div>\n\n\n\n<p>Die Schultern sind ebenso verletzt worden, bis diese &#8222;erfolgreich knackten und nachgaben&#8220; &#8211; bei beiden &#8222;Eins\u00e4tzen&#8220;. Auch ohne entsprechende Diagnosen oder Behandlung weiter bestehende starke Einschr\u00e4nkungen.<\/p>\n\n\n\n<p>Noch heute kaum (schmerzfrei) zu benutzen, auch dort &#8222;abgerissene Muskelstr\u00e4nge&#8220; zu ertasten, bei manchen Bewegungen h\u00f6rbares Knacken. Nennt sich bei denen &#8222;keine signifikanten Rupturzeichen&#8220;:<\/p>\n\n\n\n<div class=\"wp-block-file\"><a id=\"wp-block-file--media-523cdcb0-d2e1-4bd8-9d9b-ace45ecae47a\" href=\"https:\/\/stoerpegel.de\/wp-content\/uploads\/2022\/10\/210407+14 Rad Wiesestr MRT Schultern.zip\">210407+14 Rad Wiesestr MRT Schultern<\/a><a href=\"https:\/\/stoerpegel.de\/wp-content\/uploads\/2022\/10\/210407+14 Rad Wiesestr MRT Schultern.zip\" class=\"wp-block-file__button wp-element-button\" download aria-describedby=\"wp-block-file--media-523cdcb0-d2e1-4bd8-9d9b-ace45ecae47a\">Herunterladen<\/a><\/div>\n\n\n\n<p> <\/p>\n\n\n\n<p>Durch die erwirkten Bandscheibenvorf\u00e4lle durch massivste Torsion der Wirbels\u00e4ule (gesch\u00e4digte BWS wurde bis heute nicht untersucht&#8230;) vermute ich auch die mangelnde Steuerungsf\u00e4higkeit des rechten Beines (neben weiteren Muskel- und Gelenksch\u00e4digungen).<\/p>\n\n\n\n<div class=\"wp-block-file\"><a id=\"wp-block-file--media-2e2797e0-e847-428c-a416-cd3026bd3048\" href=\"https:\/\/stoerpegel.de\/wp-content\/uploads\/2022\/10\/201104 Rad W LWS.zip\">201104 Rad W LWS<\/a><a href=\"https:\/\/stoerpegel.de\/wp-content\/uploads\/2022\/10\/201104 Rad W LWS.zip\" class=\"wp-block-file__button wp-element-button\" download aria-describedby=\"wp-block-file--media-2e2797e0-e847-428c-a416-cd3026bd3048\">Herunterladen<\/a><\/div>\n\n\n\n<p> <\/p>\n\n\n\n<p><\/p>\n\n\n\n<figure class=\"wp-block-audio\"><audio controls src=\"https:\/\/stoerpegel.de\/wp-content\/uploads\/2022\/10\/LWS keine Nerven eingeengt norm ano.wav\"><\/audio><figcaption class=\"wp-element-caption\">Nach dem Motto: Ich sage NICHTS, obwohl auch f\u00fcr Laien ersichtlich&#8230; Beim Drehen des Oberk\u00f6rpers deutliches Knacken in der LWS &#8211; und ST\u00c4NDIGE Schmerzen&#8230;<\/figcaption><\/figure>\n\n\n\n<p>Auch die H\u00fcfte wurde zu &#8222;Lehrzwecken&#8220; zerst\u00f6rt &#8211; teilweise das Gewicht von zwei &#8222;Polizisten&#8220; bei verdrehtem (zuvor gebrochenem) Bein auf die H\u00fcfte gedr\u00fcckt und sogar gesprungen. Besonders das rechte Bein ist bis heute kaum belastbar, ohne Belastung tritt der Gelenkknochen merklich nach au\u00dfen und bei jedem Schritt h\u00f6r- und f\u00fchlbare &#8222;Abweichungen&#8220;. Jedoch auch OHNE jegliche (glaubhafte) Diagnose oder gar Behandlung\u2026 Denn Polizeigewalt darf es ja nicht geben &#8211; erst recht nicht, wenn der Sohn der B\u00fcrgermeisterin dieses als Einsatzleiter sowie Verletzender zu verantworten hat!<\/p>\n\n\n\n<div class=\"wp-block-file\"><a id=\"wp-block-file--media-bb0852e9-b4c3-4604-9aea-6124286fb8bd\" href=\"https:\/\/stoerpegel.de\/wp-content\/uploads\/2022\/10\/210706 Rad W MRT Becken.zip\">210706 Rad W MRT Becken<\/a><a href=\"https:\/\/stoerpegel.de\/wp-content\/uploads\/2022\/10\/210706 Rad W MRT Becken.zip\" class=\"wp-block-file__button wp-element-button\" download aria-describedby=\"wp-block-file--media-bb0852e9-b4c3-4604-9aea-6124286fb8bd\">Herunterladen<\/a><\/div>\n\n\n\n<div class=\"wp-block-file\"><a id=\"wp-block-file--media-ae4b4ade-9da9-46aa-844a-61fc6d1e484a\" href=\"https:\/\/stoerpegel.de\/wp-content\/uploads\/2022\/10\/200221 Klinikum HF R\u00f6ntgen Thorax Hand.zip\">200221 Klinikum HF R\u00f6ntgen Thorax Hand<\/a><a href=\"https:\/\/stoerpegel.de\/wp-content\/uploads\/2022\/10\/200221 Klinikum HF R\u00f6ntgen Thorax Hand.zip\" class=\"wp-block-file__button wp-element-button\" download aria-describedby=\"wp-block-file--media-ae4b4ade-9da9-46aa-844a-61fc6d1e484a\">Herunterladen<\/a><\/div>\n\n\n\n<div class=\"wp-block-file\"><a id=\"wp-block-file--media-027027c7-aeb4-4ddd-b144-ae7cb28254ce\" href=\"https:\/\/stoerpegel.de\/wp-content\/uploads\/2022\/10\/191202 Schulter rechts MRT JIVEX.zip\">191202 Schulter rechts MRT JIVEX<\/a><a href=\"https:\/\/stoerpegel.de\/wp-content\/uploads\/2022\/10\/191202 Schulter rechts MRT JIVEX.zip\" class=\"wp-block-file__button wp-element-button\" download aria-describedby=\"wp-block-file--media-027027c7-aeb4-4ddd-b144-ae7cb28254ce\">Herunterladen<\/a><\/div>\n\n\n\n<div class=\"wp-block-file\"><a id=\"wp-block-file--media-2c49cac5-df37-4443-a699-ed8f923f51f7\" href=\"https:\/\/stoerpegel.de\/wp-content\/uploads\/2022\/10\/190807 MVZ MRT H\u00e4nde.zip\">190807 MVZ MRT H\u00e4nde<\/a><a href=\"https:\/\/stoerpegel.de\/wp-content\/uploads\/2022\/10\/190807 MVZ MRT H\u00e4nde.zip\" class=\"wp-block-file__button wp-element-button\" download aria-describedby=\"wp-block-file--media-2c49cac5-df37-4443-a699-ed8f923f51f7\">Herunterladen<\/a><\/div>\n\n\n\n<p> Hier wurden zuerst nur die Handgelenke aufgenommen, obwohl die \u00dcberweisung &#8222;H\u00e4nde&#8220; hie\u00df. Freundlicherweise haben die auf meine R\u00fcckfrage reagiert und nochmals die gesamten H\u00e4nde aufgenommen. Wie ich finde, qualitativ hochwertige Bilder. Hoffentlich nicht ver\u00e4ndert!?<\/p>\n\n\n\n<div class=\"wp-block-file\"><a id=\"wp-block-file--media-4e7c4348-f2d3-4d37-8163-17afaab8b292\" href=\"https:\/\/stoerpegel.de\/wp-content\/uploads\/2022\/10\/190725 MVZ MRT Handgelenke.zip\">190725 MVZ MRT Handgelenke<\/a><a href=\"https:\/\/stoerpegel.de\/wp-content\/uploads\/2022\/10\/190725 MVZ MRT Handgelenke.zip\" class=\"wp-block-file__button wp-element-button\" download aria-describedby=\"wp-block-file--media-4e7c4348-f2d3-4d37-8163-17afaab8b292\">Herunterladen<\/a><\/div>\n\n\n\n<h2 class=\"wp-block-heading\">3-Phasen-Szintigrafie<\/h2>\n\n\n\n<p>Die Bilder der 3-Phasen-Szintigrafie. Die Hand wurde angeblich &#8222;unterspritzt&#8220; und daher der (zu vertuschende) Knochenbruch mit einem Magneten und beim Ganzk\u00f6rperbild mit R\u00f6ntgenfolie abgedeckt&#8230; Auf meine dortige Frage, ob ich ein &#8222;Gl\u00fchw\u00fcrmchen&#8220; sei, weil ich ja gesehen hatte, wie deutlich die vielen verletzten Gelenke der H\u00e4nde aufleuchteten eine merkw\u00fcrdige Antwort:<\/p>\n\n\n\n<p class=\"has-text-align-center has-large-font-size\"> &#8222;Das muss der Doktor ja noch bearbeiten&#8220;,<\/p>\n\n\n\n<p>und ich bekam die Bilder nicht am selben Tag. Die Reaktion einer Mitarbeiterin war dann beim Abholen der Bilder: &#8222;Das ist aber ungew\u00f6hnlich, eigentlich bekommen unsere Patienten die Bilder immer direkt mit!&#8220;!!!<\/p>\n\n\n\n<p>Bericht liegt in der Datei.<\/p>\n\n\n\n<figure class=\"wp-block-image size-full\"><img loading=\"lazy\" decoding=\"async\" width=\"720\" height=\"519\" src=\"https:\/\/stoerpegel.de\/wp-content\/uploads\/2022\/10\/Diranuk-3PS-Haende.jpg\" alt=\"\" class=\"wp-image-905\" srcset=\"https:\/\/stoerpegel.de\/wp-content\/uploads\/2022\/10\/Diranuk-3PS-Haende.jpg 720w, https:\/\/stoerpegel.de\/wp-content\/uploads\/2022\/10\/Diranuk-3PS-Haende-300x216.jpg 300w\" sizes=\"auto, (max-width: 720px) 100vw, 720px\" \/><figcaption class=\"wp-element-caption\">In dieser Ansicht ist rechts und links &#8222;vertauscht&#8220;, weil die Bilder von unten gemacht wurden. M.E. deutlichste Anreicherungen in fast allen Gelenken.<\/figcaption><\/figure>\n\n\n\n<figure class=\"wp-block-image size-full\"><img loading=\"lazy\" decoding=\"async\" width=\"455\" height=\"419\" src=\"https:\/\/stoerpegel.de\/wp-content\/uploads\/2022\/10\/Diranuk-3PS-Fuesse.jpg\" alt=\"\" class=\"wp-image-907\" srcset=\"https:\/\/stoerpegel.de\/wp-content\/uploads\/2022\/10\/Diranuk-3PS-Fuesse.jpg 455w, https:\/\/stoerpegel.de\/wp-content\/uploads\/2022\/10\/Diranuk-3PS-Fuesse-300x276.jpg 300w\" sizes=\"auto, (max-width: 455px) 100vw, 455px\" \/><\/figure>\n\n\n\n<figure class=\"wp-block-gallery has-nested-images columns-default is-cropped wp-block-gallery-1 is-layout-flex wp-block-gallery-is-layout-flex\">\n<figure class=\"wp-block-image size-large\"><img loading=\"lazy\" decoding=\"async\" width=\"1024\" height=\"362\" data-id=\"906\" src=\"https:\/\/stoerpegel.de\/wp-content\/uploads\/2022\/10\/Diranuk-3PS-Koerper-1024x362.jpg\" alt=\"\" class=\"wp-image-906\" srcset=\"https:\/\/stoerpegel.de\/wp-content\/uploads\/2022\/10\/Diranuk-3PS-Koerper-1024x362.jpg 1024w, https:\/\/stoerpegel.de\/wp-content\/uploads\/2022\/10\/Diranuk-3PS-Koerper-300x106.jpg 300w, https:\/\/stoerpegel.de\/wp-content\/uploads\/2022\/10\/Diranuk-3PS-Koerper-768x271.jpg 768w, https:\/\/stoerpegel.de\/wp-content\/uploads\/2022\/10\/Diranuk-3PS-Koerper.jpg 1107w\" sizes=\"auto, (max-width: 1024px) 100vw, 1024px\" \/><figcaption class=\"wp-element-caption\">Aufnahme von oben. Ich sehe was, was die nicht sehen (wollen)&#8230;!<\/figcaption><\/figure>\n<\/figure>\n\n\n\n<div class=\"wp-block-file\"><a id=\"wp-block-file--media-5c5c3077-4232-49a1-a4ba-3c2d8ffd1539\" href=\"https:\/\/stoerpegel.de\/wp-content\/uploads\/2022\/10\/200512 DIRANUK 3PS.zip\">200512 DIRANUK 3PS<\/a><a href=\"https:\/\/stoerpegel.de\/wp-content\/uploads\/2022\/10\/200512 DIRANUK 3PS.zip\" class=\"wp-block-file__button wp-element-button\" download aria-describedby=\"wp-block-file--media-5c5c3077-4232-49a1-a4ba-3c2d8ffd1539\">Herunterladen<\/a><\/div>\n\n\n\n<p>   <\/p>\n\n\n\n<p><\/p>\n\n\n\n<p>Fach\u00fcbergreifende Inkompetenz?<\/p>\n\n\n\n<p>Folgend nur ein Teil der Patientenakte, vollst\u00e4ndiger Bericht ist im Bild verlinkt. Die &#8222;bewusste Fehlinterpretation&#8220; und die Weigerung, die vorgelegten Bilder zu betrachten wird sich noch bei weiteren Orthop\u00e4den, Neurologen, Neurochirurgen,&#8230; &#8222;erweisen&#8220;. Sein einziger &#8222;Versuch&#8220; war EINE Spritze in die Schulter. Und selbst diese Injektion musste ich MEHRFACH &#8211; \u00fcber 6 Monate &#8211; einfordern. Doch bei abgerissenen Muskeln, vielfach gesch\u00e4digter Wirbels\u00e4ule, Frakturen, zerst\u00f6rten Gelenken, und &#8222;kollegialen&#8220; Behandlungsfehlern (die der nicht sehen will, darf oder kann) hilft das nicht wirklich.<\/p>\n\n\n\n<p class=\"has-large-font-size\">Warum eigentlich sollte ich keine Liste aller &#8222;\u00c4rzt*innen&#8220;, bei denen ich war, auff\u00fchren?<\/p>\n\n\n\n<p class=\"has-large-font-size\">Vor solchen muss doch gewarnt werden!<\/p>\n\n\n\n<p>Denn auch Laien k\u00f6nnen vielfache Gelenksch\u00e4digungen erkennen &#8211; doch dieser verweigerte sich mehrfach der Realit\u00e4t zur &#8222;mutma\u00dflichen&#8220; Vertuschung von Polizeigewalt: Untersuchungen auch nur ann\u00e4hernd vollst\u00e4ndig vorzunehmen oder anzuweisen oder auch nur vorgelegte Bilder &#8222;zu betrachten&#8220; &#8211; teils mit der Begr\u00fcndung &#8222;das kann ja nicht sein, dass die BEIDE Gelenke (z.B. Knie, Ellenbogen, H\u00e4nde,&#8230;) maltr\u00e4tiert haben!&#8220;. <\/p>\n\n\n\n<p>Selbst die durchgef\u00fchrte (ebenso fachlich und handwerklich)  &#8222;fragw\u00fcrdige&#8220; 3-Phasen-Szintigrafie schaute der sich nicht an, weigerte sich eindeutig die Bilder zu betrachten und lie\u00df von seinem Personal ausrichten &#8222;die (missratene) Untersuchung ist ausreichend und nur die geschriebene Anamnese reicht dem&#8220;. Das Einzige, was der &#8222;korrekt diagnostiziert&#8220; hat, ist die PTBS &#8211; von einem Orthop\u00e4den!!!<\/p>\n\n\n\n<p>Alleine die Begr\u00fcndung, mit einer Untersuchung der Schulter(n) abzuwarten, bis das Knie &#8222;therapiert&#8220; wurde l\u00e4sst dessen &#8222;F\u00e4higkeiten&#8220; bezweifeln. Eine BEHANDLUNG zu verschieben, weil nach (noch immer erforderlichen) Schulteroperationen (und andres Knie, Sprunggelenk, Ellenbogen, H\u00e4nde,&#8230;) das Gehen mit Kr\u00fccken nicht m\u00f6glich sei, w\u00e4re nachvollziehbar, eine UNTERSUCHUNG bzw. dringend erforderliche OPERATIONEN zu verweigern k\u00f6nnte Vertuschung von Polizeigewalt-Folgen &#8222;vermuten&#8220; lassen.<\/p>\n\n\n\n<p>Auch so ein &#8222;Arzt&#8220;, der mehr daran interessiert war, bei welchen Kollegen ich mich noch gemeldet habe, oder wie meine neue Handynummer lautet&#8230;<\/p>\n\n\n\n<figure class=\"wp-block-gallery has-nested-images columns-default is-cropped wp-block-gallery-2 is-layout-flex wp-block-gallery-is-layout-flex\">\n<figure class=\"wp-block-image size-large\"><a href=\"https:\/\/stoerpegel.de\/index.php\/orthopaede-bielefeld\/\"><img loading=\"lazy\" decoding=\"async\" width=\"763\" height=\"674\" data-id=\"1066\" src=\"https:\/\/stoerpegel.de\/wp-content\/uploads\/2023\/01\/Therapie-Br.jpg\" alt=\"\" class=\"wp-image-1066\" srcset=\"https:\/\/stoerpegel.de\/wp-content\/uploads\/2023\/01\/Therapie-Br.jpg 763w, https:\/\/stoerpegel.de\/wp-content\/uploads\/2023\/01\/Therapie-Br-300x265.jpg 300w\" sizes=\"auto, (max-width: 763px) 100vw, 763px\" \/><\/a><\/figure>\n<\/figure>\n","protected":false},"excerpt":{"rendered":"<p>Anamnesen und Bilder bitte &#8222;kritisch&#8220; betrachten! F\u00fcr &#8222;orthop\u00e4disch-Interessierte&#8220; stelle ich hier die mir vorliegenden Bildgebungen zur Verf\u00fcgung (unverschl\u00fcsselte zip.-Dateien). Zur einfachen Betrachtung &#8211; auch in 3D &#8211; eignet sich m.E. der RadiAnt-Viewer recht gut. Damit lassen sich auch einzelne Bereiche herausschneiden. Besser als die \u00fcblicherweise von den Radiologie-Instituten beigelegten Betrachtungsprogramme ist dieses allemal. Wesentlich bessere [&hellip;]<\/p>\n","protected":false},"author":1,"featured_media":0,"parent":0,"menu_order":0,"comment_status":"open","ping_status":"closed","template":"","meta":{"footnotes":""},"class_list":["post-856","page","type-page","status-publish","hentry","wpbf-post"],"_links":{"self":[{"href":"https:\/\/stoerpegel.de\/index.php\/wp-json\/wp\/v2\/pages\/856","targetHints":{"allow":["GET"]}}],"collection":[{"href":"https:\/\/stoerpegel.de\/index.php\/wp-json\/wp\/v2\/pages"}],"about":[{"href":"https:\/\/stoerpegel.de\/index.php\/wp-json\/wp\/v2\/types\/page"}],"author":[{"embeddable":true,"href":"https:\/\/stoerpegel.de\/index.php\/wp-json\/wp\/v2\/users\/1"}],"replies":[{"embeddable":true,"href":"https:\/\/stoerpegel.de\/index.php\/wp-json\/wp\/v2\/comments?post=856"}],"version-history":[{"count":16,"href":"https:\/\/stoerpegel.de\/index.php\/wp-json\/wp\/v2\/pages\/856\/revisions"}],"predecessor-version":[{"id":1069,"href":"https:\/\/stoerpegel.de\/index.php\/wp-json\/wp\/v2\/pages\/856\/revisions\/1069"}],"wp:attachment":[{"href":"https:\/\/stoerpegel.de\/index.php\/wp-json\/wp\/v2\/media?parent=856"}],"curies":[{"name":"wp","href":"https:\/\/api.w.org\/{rel}","templated":true}]}}