{"id":650,"date":"2022-05-26T17:07:32","date_gmt":"2022-05-26T17:07:32","guid":{"rendered":"https:\/\/stoerpegel.de\/?page_id=650"},"modified":"2022-10-15T12:16:16","modified_gmt":"2022-10-15T12:16:16","slug":"behandlungsverweigerung-im-sankt-elisabeth-hospital-guetersloh","status":"publish","type":"page","link":"https:\/\/stoerpegel.de\/index.php\/behandlungsverweigerung-im-sankt-elisabeth-hospital-guetersloh\/","title":{"rendered":"Behandlungsverweigerung im Sankt-Elisabeth-Hospital G\u00fctersloh!"},"content":{"rendered":"\n<h2 class=\"wp-block-heading\">Nach stundenlanger Polizeigewalt der KPB-GT.<\/h2>\n\n\n\n<figure class=\"wp-block-video\"><video controls src=\"https:\/\/stoerpegel.de\/wp-content\/uploads\/2022\/07\/Sankt-Elisabeth-Hospital G\u00fctersloh - Behandlungsverweigerung Polizeigewalt.mp4\"><\/video><\/figure>\n\n\n\n<p>Sankt-Elisabeth-Hospital G\u00fctersloh:<\/p>\n\n\n\n<p>Das Personal des Sankt-Elisabeth-Hospitals hat &#8222;kollektiv unrecht gehandelt&#8220; (bzw. NICHT gehandelt).<br><strong>Straftaten<\/strong><strong>!<\/strong><br>Begangen an einer schwer verletzten, arglosen Person, die sich Hilfe (zu Recht) von diesem Krankenhaus erhoffte und die Voraussetzungen daf\u00fcr, sowie den Anspruch darauf, klar ge\u00e4u\u00dfert hat. Diese FAKTEN sind auch aktenkundig und\/oder aufgezeichnet.<\/p>\n\n\n\n<p>Ich erkenne das Sankt-Elisabeth-Hospital G\u00fctersloh inzwischen als &#8222;Ursprung der \u00e4rztlichen Kooperation (bzw. Korruption) zur Vertuschung polizeilichen Fehlverhaltens&#8220;. Als ich vom RTW mit den akuten Verletzungen dorthin gebracht wurde, hatte ich auch noch mit &#8222;gutem medizinischem Personal&#8220; zu tun. Da wurde ich noch behandelt, &#8222;wie jeder andere&#8220;, denn es war noch nicht das &#8222;Protokoll: Vertuschung von Polizeigewalt&#8220; aktiv.<br>Dies war jedoch der Fall, als ich dann zur Knie-OP nochmals dort war. Von da an bekam ich keine &#8222;korrekten&#8220; Untersuchungen, geschweige denn ausreichende Behandlungen. Selbst wirksame Schmerzmittel wurden mir lange Zeit verwehrt: &#8222;Gehen Sie in eine Apotheke und kaufen sich was, ich verschreibe Ihnen nichts!&#8220; &#8211; sagte auch mein Hausarzt Dr. G. in Steinhagen.<\/p>\n\n\n\n<p>Hier in diesem Clip zusammengestellt mehrere Beispiele konkreter Behandlungsverweigerung:<\/p>\n\n\n\n<p>Dort redet der Arzt Dr. Z. immer nur von &#8222;Messung des Medianus&#8220;, obwohl auch f\u00fcr den die Wirbels\u00e4ulenverletzungen und neurologischen Ausf\u00e4lle einer ganzen K\u00f6rperseite erkennbar sind und ich sogar &#8222;deutlichste schlaganfall\u00e4hnliche&#8220; Symptome in der Nacht nach der OP hatte. Auch diese Information wurde der Krankenakte vorenthalten &#8211; denn vors\u00e4tzliche Behandlungsfehler bzw. Korruption sind f\u00fcr die scheinbar ein &#8222;Gefallen f\u00fcr die Polizei&#8220;&#8230; und nicht nur f\u00fcr DIE&#8230;<\/p>\n\n\n\n<p>Da dieses &#8222;Verhalten&#8220; inzwischen m.E. eindeutig im direkten Zusammenhang mit &#8222;Polizeigewalt&#8220; steht, gehe ich davon aus, dieses so ver\u00f6ffentlichen zu d\u00fcrfen. Denn es sollte im \u00f6ffentlichen Interesse stehen. Ich hatte zuvor dem Sankt-Elisabeth-Hospital die M\u00f6glichkeit gegeben, auf mein Vorhaben zu reagieren, mehrfach angeschrieben und um Gespr\u00e4che gebeten. Jedoch ohne JEGLICHE Reaktion darauf. Deute ich als &#8222;stillschweigende Zustimmung&#8220;, fast schon Gest\u00e4ndnis.<\/p>\n\n\n\n<p>Es dauerte bis zur Knie-OP fast 3 Wochen! Diese wurde einen Tag vor der geplanten OP mit &#8222;Personalmangel&#8220; begr\u00fcndet (&#8222;wir haben nicht bedacht, dass zwei Operateure erforderlich sind&#8220; und dann &#8222;der Arzt hat keinen Babysitter f\u00fcr sein Kind&#8220;) &#8211; nochmals verschoben um fast 2 Wochen! Mit dem Hinweis &#8222;die Wartezeit auf die OP geht aber von Ihrer Reha-Zeit ab&#8220;. Ich verstand zu dem Zeitpunkt noch nicht, was die da bereits vorbereiteten. Jetzt h\u00e4tten bei mir die Alarmglocken l\u00e4uten m\u00fcssen, und ich w\u00e4re besser ein anderes Krankenhaus gegangen (weit weg von der Polizei G\u00fctersloh \/ Halle (Westf.)). Von der bestehenden Tibiakopffraktur wussten die eindeutig. Aber ich hatte ja schon die Aufnahmeantr\u00e4ge abggeben, ich war (und die&#8230;) sozusagen &#8222;vertraglich verpflichtet&#8220;. Und ich war schwer traumatisiert, konnte fast nur liegen &#8211; aufgrund der Verletzungen und Schmerzen. Und die haben sich mir aufgedrungen, waren anfangs noch freundlicher&#8230;<\/p>\n\n\n\n<p>Nach der OP hatte ich eine &#8222;fiese Schmerznacht&#8220; mit Not-OP zum &#8222;Aderlass&#8220; bei extrem schmerzendem rechten Bein, Kr\u00e4mpfen und tauber K\u00f6rperseite. Selbst diese &#8211; mit der Operation im Zusammenhang stehenden &#8222;Auff\u00e4lligkeiten&#8220; sind in der Patientenakte nur mit den Worten &#8222;starke Schmerzen&#8220; beschrieben. Die umgehende Behandlung (NOTFALL!) wurde unterlassen und die Symptomatik verschwiegen. Die Untersuchungen der anderen Verletzungen wurden ebenso konsequent verweigert. Obwohl ich denen glaubte, als die sagten &#8222;um die anderen Verletzungen k\u00fcmmern wir uns, wenn Sie zur Knie-OP zu uns kommen&#8220;. Nur deshalb hatte ich davon abgesehen, die &#8222;Wartezeit&#8220; auf die OP mit weiteren Arztbesuchen &#8222;zu \u00fcberbr\u00fccken&#8220;. R\u00fcckblickend der klare Versuch, Verz\u00f6gerungen zu verursachen (zur Erzielung einer &#8222;Beweismittelunsch\u00e4rfe gegen die Polizei&#8220;).<\/p>\n\n\n\n<p>Es gibt noch viele weitere solcher Verhaltensweisen bzw. Straftaten von weiteren Kliniken und \u00c4rzt*innen &#8211; in \u00e4hnlicher Form DOKUMENTIERT &#8211; und ich habe bis heute keinen einzigen &#8222;Grund&#8220; bekommen, dar\u00fcber nicht noch detaillierter zu berichten.<\/p>\n\n\n\n<p>Aber die Hoffnung stirbt zuletzt:<\/p>\n\n\n\n<p>Weiterhin bin ich zu jeglichen Gespr\u00e4chen bereit und suche \u00c4rzt*innen, die Untersuchungen und Behandlungen &#8222;trotz Polizeigewalt&#8220; ordnungsgem\u00e4\u00df durchf\u00fchren werden. Bitte melden.<\/p>\n\n\n\n<p>Auch Medizinrechtler*innen haben bisher jegliches Mandat im Zusammenhang mit den Verletzungen aufgrund der &#8222;Ursache Polizeigewalt&#8220; abgelehnt oder mit Unt\u00e4tigkeit verbracht! Obwohl (oder WEIL?) ich noch viel mehr \u00e4rztliche (und polizeiliche,&#8230;) Straftaten aufgezeichnet habe und vorlegen wollte.<\/p>\n\n\n\n<p> <\/p>\n\n\n\n<p>Hier die &#8222;Patientenakte&#8220;, die ich so von denen nach langem Warten bekam, Unvollst\u00e4ndig. Fehlerhaft. <\/p>\n\n\n\n<p>M\u00fcssten alle Namen ausreichend gestrichen sein. Meine Kommentare sind dort farblich markiert. &gt;Einfach Reinclicken und durchscrollen&lt;<\/p>\n\n\n\n<div data-wp-interactive=\"core\/file\" class=\"wp-block-file\"><object data-wp-bind--hidden=\"!state.hasPdfPreview\" hidden class=\"wp-block-file__embed\" data=\"https:\/\/stoerpegel.de\/wp-content\/uploads\/2022\/10\/190806 StE-Hosp Berichte kpl anokompr.pdf\" type=\"application\/pdf\" style=\"width:100%;height:850px\" aria-label=\"Einbettung von Einbettung von 190806 StE-Hosp Berichte kpl anokompr..\"><\/object><a id=\"wp-block-file--media-cbf528ea-7736-478c-b66b-d50ebf055c98\" href=\"https:\/\/stoerpegel.de\/wp-content\/uploads\/2022\/10\/190806 StE-Hosp Berichte kpl anokompr.pdf\">190806 StE-Hosp Berichte kpl anokompr<\/a><a href=\"https:\/\/stoerpegel.de\/wp-content\/uploads\/2022\/10\/190806 StE-Hosp Berichte kpl anokompr.pdf\" class=\"wp-block-file__button\" download aria-describedby=\"wp-block-file--media-cbf528ea-7736-478c-b66b-d50ebf055c98\">Herunterladen<\/a><\/div>\n\n\n\n<p>Und hier der Bericht zu meinen &#8222;inneren Verletzungen und Muskelriss&#8220; &#8211; dort ebenso Fakten fehlend&#8230;<\/p>\n\n\n\n<div data-wp-interactive=\"core\/file\" class=\"wp-block-file\"><object data-wp-bind--hidden=\"!state.hasPdfPreview\" hidden class=\"wp-block-file__embed\" data=\"https:\/\/stoerpegel.de\/wp-content\/uploads\/2022\/10\/1906xx-StE-Hosp-Bauchschmerzen-a_d.pdf\" type=\"application\/pdf\" style=\"width:100%;height:600px\" aria-label=\"Einbettung von Einbettung von 1906xx-StE-Hosp-Bauchschmerzen-a_d..\"><\/object><a id=\"wp-block-file--media-6851d6f6-e1d0-4902-ab7a-e8c0cec6cc04\" href=\"https:\/\/stoerpegel.de\/wp-content\/uploads\/2022\/10\/1906xx-StE-Hosp-Bauchschmerzen-a_d.pdf\">1906xx-StE-Hosp-Bauchschmerzen-a_d<\/a><a href=\"https:\/\/stoerpegel.de\/wp-content\/uploads\/2022\/10\/1906xx-StE-Hosp-Bauchschmerzen-a_d.pdf\" class=\"wp-block-file__button\" download aria-describedby=\"wp-block-file--media-6851d6f6-e1d0-4902-ab7a-e8c0cec6cc04\">Herunterladen<\/a><\/div>\n\n\n\n<p> <\/p>\n\n\n\n<p>Und hier die MRT-Anamnese des rechten Knies &#8211; die &#8222;zittrigen Markierungen&#8220; hatte wohl mein Hausarzt dort vorgenommen &#8211; und diese Ergebnisse wurden auch an das Sankt-Elisabeth-Hospital G\u00fctersloh weitergegeben. Dieses ist die &#8222;einzige korrekte Anamnese&#8220;, die waren derzeit wohl noch nicht &#8222;eingebunden in die Vertuschungsbem\u00fchungen&#8220;; h\u00e4tte ich aber niemals erhalten sollen &#8211; war nur zuf\u00e4llig &#8222;zur richtigen Zeit am richtigen Ort&#8220;, und musste dennoch klar dessen Herausgabe einfordern!<\/p>\n\n\n\n<p>Und obwohl eine &#8222;erg\u00e4nzende CT-Aufnahme&#8220; angeraten wurde, bekam ich diese NIE.<\/p>\n\n\n\n<div data-wp-interactive=\"core\/file\" class=\"wp-block-file\"><object data-wp-bind--hidden=\"!state.hasPdfPreview\" hidden class=\"wp-block-file__embed\" data=\"https:\/\/stoerpegel.de\/wp-content\/uploads\/2022\/10\/190627 Diranuk MRT Knie re Anamnese S1+2 anodr.pdf\" type=\"application\/pdf\" style=\"width:100%;height:600px\" aria-label=\"Einbettung von Einbettung von 190627 Diranuk MRT Knie re Anamnese S1+2 anodr..\"><\/object><a id=\"wp-block-file--media-42a4ec00-f3f1-4f01-ae18-e7a6505a72ad\" href=\"https:\/\/stoerpegel.de\/wp-content\/uploads\/2022\/10\/190627 Diranuk MRT Knie re Anamnese S1+2 anodr.pdf\">190627 Diranuk MRT Knie re Anamnese S1+2 anodr<\/a><a href=\"https:\/\/stoerpegel.de\/wp-content\/uploads\/2022\/10\/190627 Diranuk MRT Knie re Anamnese S1+2 anodr.pdf\" class=\"wp-block-file__button\" download aria-describedby=\"wp-block-file--media-42a4ec00-f3f1-4f01-ae18-e7a6505a72ad\">Herunterladen<\/a><\/div>\n","protected":false},"excerpt":{"rendered":"<p>Nach stundenlanger Polizeigewalt der KPB-GT. Sankt-Elisabeth-Hospital G\u00fctersloh: Das Personal des Sankt-Elisabeth-Hospitals hat &#8222;kollektiv unrecht gehandelt&#8220; (bzw. NICHT gehandelt).Straftaten!Begangen an einer schwer verletzten, arglosen Person, die sich Hilfe (zu Recht) von diesem Krankenhaus erhoffte und die Voraussetzungen daf\u00fcr, sowie den Anspruch darauf, klar ge\u00e4u\u00dfert hat. Diese FAKTEN sind auch aktenkundig und\/oder aufgezeichnet. Ich erkenne das Sankt-Elisabeth-Hospital [&hellip;]<\/p>\n","protected":false},"author":1,"featured_media":0,"parent":0,"menu_order":0,"comment_status":"closed","ping_status":"closed","template":"","meta":{"footnotes":""},"class_list":["post-650","page","type-page","status-publish","hentry","wpbf-post"],"_links":{"self":[{"href":"https:\/\/stoerpegel.de\/index.php\/wp-json\/wp\/v2\/pages\/650","targetHints":{"allow":["GET"]}}],"collection":[{"href":"https:\/\/stoerpegel.de\/index.php\/wp-json\/wp\/v2\/pages"}],"about":[{"href":"https:\/\/stoerpegel.de\/index.php\/wp-json\/wp\/v2\/types\/page"}],"author":[{"embeddable":true,"href":"https:\/\/stoerpegel.de\/index.php\/wp-json\/wp\/v2\/users\/1"}],"replies":[{"embeddable":true,"href":"https:\/\/stoerpegel.de\/index.php\/wp-json\/wp\/v2\/comments?post=650"}],"version-history":[{"count":6,"href":"https:\/\/stoerpegel.de\/index.php\/wp-json\/wp\/v2\/pages\/650\/revisions"}],"predecessor-version":[{"id":855,"href":"https:\/\/stoerpegel.de\/index.php\/wp-json\/wp\/v2\/pages\/650\/revisions\/855"}],"wp:attachment":[{"href":"https:\/\/stoerpegel.de\/index.php\/wp-json\/wp\/v2\/media?parent=650"}],"curies":[{"name":"wp","href":"https:\/\/api.w.org\/{rel}","templated":true}]}}