{"id":643,"date":"2022-05-17T17:19:37","date_gmt":"2022-05-17T17:19:37","guid":{"rendered":"https:\/\/stoerpegel.de\/?page_id=643"},"modified":"2022-10-06T16:12:14","modified_gmt":"2022-10-06T16:12:14","slug":"was-gesagt-werden-muss","status":"publish","type":"page","link":"https:\/\/stoerpegel.de\/index.php\/was-gesagt-werden-muss\/","title":{"rendered":"Was gesagt werden muss!"},"content":{"rendered":"\n<h2 class=\"wp-block-heading\">Der gr\u00f6\u00dfte Feind der Korruption: Die Wahrheit!<\/h2>\n\n\n\n<p>So eine Schlagzeile h\u00e4tte ich mir gew\u00fcnscht:<\/p>\n\n\n\n<h2 class=\"wp-block-heading\">Stundenlanger Polizeieinsatz wegen angeblicher Ruhest\u00f6rung!<br>Vors\u00e4tzliche, schwere Misshandlungen und K\u00f6rperverletzungen<br>f\u00fchren zu lebenslanger Arbeitsunf\u00e4higkeit eines hochqualifizierten Ingenieurs &#8211;<br>Ermittlungserfolg: der Vorwurf<br>&#8222;Besitz, Handel, Herstellung, Konsum von Cannabis in nicht geringer Menge&#8220;<br>&#8211; im Wert von unter 50\u20ac!!<\/h2>\n\n\n\n<p><\/p>\n\n\n\n<h2 class=\"wp-block-heading\">Was l\u00e4uft falsch?<\/h2>\n\n\n\n<p>In einem &#8222;guten Land&#8220; bzw. ordentlichem Rechtsstaat w\u00fcrde ich die beste \u00e4rztliche Behandlungen bekommen &#8211; damit die &#8222;Folgen der Polizeigewalt&#8220; und der gesellschaftliche Schaden m\u00f6glichst klein gehalten werden. Es wird direkt ge- und behandelt und korrekt dokumentiert. Es w\u00e4ren Unterst\u00fctzungsangebote vorhanden, an die man sich vertrauensvoll wenden kann.<\/p>\n\n\n\n<p>Die Staatsanwaltschaften w\u00fcrden ermitteln und reagieren. H\u00e4tten sogar den &#8222;Racheakt&#8220; ein halbes Jahr sp\u00e4ter &#8222;proaktiv&#8220; verhindert k\u00f6nnen. Durch Beachtung der Anzeigen, der Fakten und durch entsprechendes, zeitnahes Handeln.<br>Es w\u00fcrden unabh\u00e4ngige Ermittlungen durchgef\u00fchrt. Wenigstens durch eine &#8222;entfernte&#8220; Beh\u00f6rde.<br>Medien w\u00fcrden frei dar\u00fcber berichten.<br>Die Gesellschaft w\u00e4re emp\u00f6rt &#8211; fordert &#8222;keine Polizeigewalt und offene Aufarbeitung&#8220;. Rechtsbrecherische Polizist*innen werden ge\u00e4chtet.<br>Es w\u00e4re jegliche Korruption und Vertuschungsversuche &#8222;kleingehalten&#8220;.<br>Wiederholungstaten w\u00e4ren verhindert.<br>Der Rechtsstaat funktioniert.<\/p>\n\n\n\n<h2 class=\"wp-block-heading\">Aber es ist genau das Gegenteil der Fall.<\/h2>\n\n\n\n<p>Ich werde NICHT behandelt.<\/p>\n\n\n\n<figure class=\"wp-block-image aligncenter size-full\"><img loading=\"lazy\" decoding=\"async\" width=\"626\" height=\"626\" src=\"https:\/\/stoerpegel.de\/wp-content\/uploads\/2022\/10\/polizei-arzt-und-militaermann-charakter_24908-58145.webp\" alt=\"\" class=\"wp-image-809\" srcset=\"https:\/\/stoerpegel.de\/wp-content\/uploads\/2022\/10\/polizei-arzt-und-militaermann-charakter_24908-58145.webp 626w, https:\/\/stoerpegel.de\/wp-content\/uploads\/2022\/10\/polizei-arzt-und-militaermann-charakter_24908-58145-300x300.webp 300w, https:\/\/stoerpegel.de\/wp-content\/uploads\/2022\/10\/polizei-arzt-und-militaermann-charakter_24908-58145-150x150.webp 150w\" sizes=\"auto, (max-width: 626px) 100vw, 626px\" \/><\/figure>\n\n\n\n<p>Ich kann die Verletzungen HEUTE NOCH nachweisen, sind teils f\u00fcr Jeden SICHTBAR.<br>Ich bin dadurch weiterhin arbeitsunf\u00e4higer Ingenieur.<br>Ich falle der Gemeinschaft finanziell &#8222;zur Last&#8220;.<br>Es &#8222;ermittelt&#8220; zuerst die Polizei G\u00fctersloh &#8222;gegen sich selbst&#8220;, dann die direkt \u00fcbergeordnete Beh\u00f6rde (Bielefeld).<br>Es wird verz\u00f6gert und versucht, dieses &#8222;juristisch und politisch auszusitzen&#8220;.<br>Es wird &#8222;Rufmord&#8220; des Opfers begangen.<br>Es wird Korruption offensichtlich.<br>Es werden polizeiliche Straft\u00e4ter*innen vor Verfahren &#8222;gesch\u00fctzt&#8220; &#8211; und somit das schlechteste Signal gesendet, was abgegeben werden kann:<\/p>\n\n\n\n<p>&#8222;Wir sch\u00fctzen die Polizei vor Strafe, macht nur weiter so&#8230;&#8220;<br><br><\/p>\n\n\n\n<h2 class=\"wp-block-heading\">Warum ich das hier alles &#8222;ungestraft&#8220; schreiben kann?<\/h2>\n\n\n\n<p>Weil ich hier nur die Wahrheit schreibe und dieses gr\u00f6\u00dftenteils auch beweisen kann.<br>Weil ich jede Verleumdungsklage oder &#8222;Einstweilige Verf\u00fcgung&#8220; ebenso ver\u00f6ffentlichen w\u00fcrde.<br>Weil ich schon vor dem zweiten Attentat vor diesen Polizist*innen gewarnt habe. Rechtsmittel: Anzeigen, Strafantr\u00e4ge.<br>Weil es bisher keinerlei Verfahren gegen die Polizist*innen gibt (soweit mir bekannt).<br>Weil es auch objektiv f\u00fcr mehrfache &#8222;vors\u00e4tzliche Straftaten&#8220; spricht.<br>Weil sich die Polizei-GT vielleicht doch irgendwo einen &#8222;Vorteil&#8220; durch meine Schilderungen erhofft (weitere m\u00f6gliche Absprachen der Aussagen).<br>Weil ich nicht die Polizei im Allgemeinen anprangere, sondern explizit die Straft\u00e4ter*innen der KPB-GT nenne.<br>Weil ich hoffe, dass es auch gute Polizist*innen gibt &#8211; ich nur leider keine*n kenne.<\/p>\n\n\n\n<p>Weil ich bis jetzt noch nicht beschrieben habe, dass ich fast jede Verletzung einzelnen T\u00e4ter*innen und &#8222;Techniken&#8220; zuweisen kann?<\/p>\n\n\n\n<p>Weil ich bis jetzt noch nicht von verfassungsfeindlichem Verhalten von Amtstr\u00e4gern VOR Amtstr\u00e4gern &#8211; berichtete, die ebenso f\u00fcr deren &#8222;Schweigen&#8220; &#8211; also Duldung und Vertuschung von Verfassungsfeinden im Staatsdienst &#8211; zu belangen sind.<\/p>\n\n\n\n<figure class=\"wp-block-image aligncenter size-full\"><img loading=\"lazy\" decoding=\"async\" width=\"805\" height=\"317\" src=\"https:\/\/stoerpegel.de\/wp-content\/uploads\/2022\/10\/NaziBulle.jpg\" alt=\"\" class=\"wp-image-808\" srcset=\"https:\/\/stoerpegel.de\/wp-content\/uploads\/2022\/10\/NaziBulle.jpg 805w, https:\/\/stoerpegel.de\/wp-content\/uploads\/2022\/10\/NaziBulle-300x118.jpg 300w, https:\/\/stoerpegel.de\/wp-content\/uploads\/2022\/10\/NaziBulle-768x302.jpg 768w\" sizes=\"auto, (max-width: 805px) 100vw, 805px\" \/><\/figure>\n\n\n\n<p>Dass z.B. Marvin K. den Hitlergru\u00df und weitere verfassungsfeindliche \u00c4u\u00dferungen vor versammelter Mannschaft t\u00e4tigte &#8211; der Polizist, der auch beim ersten &#8222;Einsatz&#8220; einen Gro\u00dfteil der Folter* \u00fcbernahm &#8211; gemeinsam mit Lena W. .<\/p>\n\n\n\n<blockquote class=\"wp-block-quote is-layout-flow wp-block-quote-is-layout-flow\"><p><br>Upps. Jetzt hab ich ja doch Hitler geschrieben\u2026<\/p><\/blockquote>\n\n\n\n<p><br>Die beiden wurden von Julian R.-. und Frank N. noch zus\u00e4tzlich angestachelt:<br>&#8222;&#8230;wie beim Knochenausl\u00f6sen beim H\u00e4hnchen musst Du das machen, siehste, wie das Gelenk jetzt nachgibt?&#8220;<br>&#8222;Ey, bei Dir schreit der aber gar nicht!&#8220;<br>&#8222;&#8230;bei dem knackt das so sch\u00f6n, weil der d\u00fcnn und lang ist hat man einen so guten Hebel&#8230;&#8220;<br>Stundenlang.<br>Mehrfache Bewusstlosigkeit, Lebensgefahr.<br>Lachende Polizist*innen, die diskutieren, wer denn jetzt schon wieder reanimieren muss.<br>Gemeinschaftlich begangene Straftaten von Polizist*innen der KPB G\u00fctersloh.<br>Wiederholte FOLTER*.<br>Versuchter MORD*.<br><\/p>\n\n\n\n<blockquote class=\"wp-block-quote is-layout-flow wp-block-quote-is-layout-flow\"><p>*mutma\u00dflich<\/p><\/blockquote>\n\n\n\n<figure class=\"wp-block-image size-large is-resized\"><img loading=\"lazy\" decoding=\"async\" src=\"https:\/\/stoerpegel.de\/wp-content\/uploads\/2020\/11\/Pose-liegend-Handgelenke-1024x768.jpg\" alt=\"\" class=\"wp-image-6\" width=\"748\" height=\"561\" srcset=\"https:\/\/stoerpegel.de\/wp-content\/uploads\/2020\/11\/Pose-liegend-Handgelenke-1024x768.jpg 1024w, https:\/\/stoerpegel.de\/wp-content\/uploads\/2020\/11\/Pose-liegend-Handgelenke-300x225.jpg 300w, https:\/\/stoerpegel.de\/wp-content\/uploads\/2020\/11\/Pose-liegend-Handgelenke-768x576.jpg 768w, https:\/\/stoerpegel.de\/wp-content\/uploads\/2020\/11\/Pose-liegend-Handgelenke-1536x1152.jpg 1536w, https:\/\/stoerpegel.de\/wp-content\/uploads\/2020\/11\/Pose-liegend-Handgelenke-1200x900.jpg 1200w, https:\/\/stoerpegel.de\/wp-content\/uploads\/2020\/11\/Pose-liegend-Handgelenke.jpg 1600w\" sizes=\"auto, (max-width: 748px) 100vw, 748px\" \/><\/figure>\n\n\n\n<p>Eine weitere kurze Szene der 3-st\u00fcndigen Tortour, Sommer 2019:<br>Lena W. quetscht mir die Hoden, weil ich dann &#8222;so geil schreie&#8220;.<br>Marvin K. sitzt auf meinem Brustkorb und Oberarmen und w\u00fcrgt mich &#8211; damit ich nicht mehr schreien oder atmen kann.<br>Mustafa S. steht auf meinen Handgelenken, damit ich mich nicht wegdrehen kann und versucht mich anzuspucken.<br>Frank N. steht ans Auto gelehnt und motiviert &#8222;jetzt langt mal richtig zu&#8220;.<\/p>\n\n\n\n<p>Alles Polizist*innen der Kreispolizeibeh\u00f6rde G\u00fctersloh.<\/p>\n\n\n\n<p>Anschlie\u00dfend unterstellen die mir &#8222;pr\u00e4ventiv&#8220;, ICH h\u00e4tte gespuckt, ICH h\u00e4tte &#8222;sexuell bel\u00e4stigt&#8220;, ICH w\u00e4re &#8222;von Sinnen&#8220;, ICH h\u00e4tte DIE verletzt, ICH h\u00e4tte beleidigt, ICH h\u00e4tte bedroht, ICH w\u00fcrde die Gefahr darstellen,\u2026 und DIE machten stundenlang noch so weiter\u2026<br>weil ich denen &#8222;mit dem Anwalt drohte&#8220;\u2026<br><\/p>\n\n\n\n<p>\u2026und NIEMAND will das (bis heute) aufarbeiten?<br>Weil der Sohn der B\u00fcrgermeisterin\u2026???<br>Oder bei JEDER Form der Polizeigewalt?<\/p>\n\n\n\n<p><br>EX ANTE &#8211; wenn ein Polizist sagt &#8222;Ich mache, dass Du nie wieder laufen kannst&#8220; &#8211; und damit Recht beh\u00e4lt&#8230;<\/p>\n","protected":false},"excerpt":{"rendered":"<p>Der gr\u00f6\u00dfte Feind der Korruption: Die Wahrheit! So eine Schlagzeile h\u00e4tte ich mir gew\u00fcnscht: Stundenlanger Polizeieinsatz wegen angeblicher Ruhest\u00f6rung!Vors\u00e4tzliche, schwere Misshandlungen und K\u00f6rperverletzungenf\u00fchren zu lebenslanger Arbeitsunf\u00e4higkeit eines hochqualifizierten Ingenieurs &#8211;Ermittlungserfolg: der Vorwurf&#8222;Besitz, Handel, Herstellung, Konsum von Cannabis in nicht geringer Menge&#8220;&#8211; im Wert von unter 50\u20ac!! Was l\u00e4uft falsch? In einem &#8222;guten Land&#8220; bzw. ordentlichem [&hellip;]<\/p>\n","protected":false},"author":1,"featured_media":0,"parent":0,"menu_order":0,"comment_status":"closed","ping_status":"closed","template":"","meta":{"footnotes":""},"class_list":["post-643","page","type-page","status-publish","hentry","wpbf-post"],"_links":{"self":[{"href":"https:\/\/stoerpegel.de\/index.php\/wp-json\/wp\/v2\/pages\/643","targetHints":{"allow":["GET"]}}],"collection":[{"href":"https:\/\/stoerpegel.de\/index.php\/wp-json\/wp\/v2\/pages"}],"about":[{"href":"https:\/\/stoerpegel.de\/index.php\/wp-json\/wp\/v2\/types\/page"}],"author":[{"embeddable":true,"href":"https:\/\/stoerpegel.de\/index.php\/wp-json\/wp\/v2\/users\/1"}],"replies":[{"embeddable":true,"href":"https:\/\/stoerpegel.de\/index.php\/wp-json\/wp\/v2\/comments?post=643"}],"version-history":[{"count":4,"href":"https:\/\/stoerpegel.de\/index.php\/wp-json\/wp\/v2\/pages\/643\/revisions"}],"predecessor-version":[{"id":810,"href":"https:\/\/stoerpegel.de\/index.php\/wp-json\/wp\/v2\/pages\/643\/revisions\/810"}],"wp:attachment":[{"href":"https:\/\/stoerpegel.de\/index.php\/wp-json\/wp\/v2\/media?parent=643"}],"curies":[{"name":"wp","href":"https:\/\/api.w.org\/{rel}","templated":true}]}}