{"id":610,"date":"2022-04-07T20:43:45","date_gmt":"2022-04-07T20:43:45","guid":{"rendered":"https:\/\/stoerpegel.de\/?page_id=610"},"modified":"2022-04-10T12:20:14","modified_gmt":"2022-04-10T12:20:14","slug":"die-mutter-meiner-tochter","status":"publish","type":"page","link":"https:\/\/stoerpegel.de\/index.php\/die-mutter-meiner-tochter\/","title":{"rendered":"Die &#8222;Mutter&#8220; meiner Tochter"},"content":{"rendered":"\n<p>DER Grund, warum ich begann, m\u00f6gliche &#8222;kritische Situationen&#8220; mittels Aufnahmen zu dokumentieren.<\/p>\n\n\n\n<p>Warum ich auf dieser Seite die Mutter meines Kindes (Kindsmutter &#8211; KM) erw\u00e4hne?<br>Weil es auff\u00e4llige Parallelen zu den Vorw\u00fcrfen der Polizei beim zweiten Attentat gibt!<br>Weil die Polizei\/StA im Zuge der kommenden Verfahren bestimmt auch &#8222;Sozialprognosen&#8220; von den Unterlagen des Jugendamtes ableiten m\u00f6chte. Denn die KM bel\u00fcgt das Jugendamt und Kinderschutzbund (eigentlich jeden, sogar sich selber&#8230;) seit meine Tochter auf der Welt ist. Fakten, die ich belegen kann, aber selbst der Amtsleiter des JA-Bergkamen hielt es nicht f\u00fcr erforderlich, auf meine schriftliche Beschwerde \u00fcber deren &#8222;Arbeitsmoral&#8220; und Falschaussagen vor Gericht zu reagieren.<\/p>\n\n\n\n<p>Leider hatte ich damals auf meinen Anwalt geh\u00f6rt (ich wollte geteiltes Sorgerecht und festgeschriebenes Umgangsrecht). Der empfahl mir, die Aufnahmen nicht dem Gericht vorzutragen, da diese Aufnahmen als &#8222;pers\u00f6nlichkeitsverletzend&#8220; zu meinem Nachteil ausgelegt h\u00e4tten werden k\u00f6nnen&#8230; Totaler Bl\u00f6dsinn!<\/p>\n\n\n\n<p>Die folgenden Aufnahmen habe ich 2013 mit dem Handy in der Tasche gemacht. Es wurde der Name der KM im zweiten Teil ausgeblendet, ansonsten durchgehende Aufnahme, bei der nur stellenweise die Lautst\u00e4rke angepasst wurde.<br>Nat\u00fcrlich war ich nicht aggressiv, habe nicht angegriffen. Und ich habe NICHT &#8222;sturmgeklingelt&#8220;, wie von der KM behauptet. Dies habe ich jedoch hier weggelassen, da \u00fcber Minuten nur etwa alle 30 Sekunden 1x geklingelt wurde, und dies hier die Zuh\u00f6rer*innen langweilen k\u00f6nnte.<\/p>\n\n\n\n<p>Als im Jugendamt der Sachbearbeiter vor dem Angriff in Ruhestand ging (der zwar auch nichts bewegte, aber wenigstens versuchte), war eine Sachbearbeiterin zust\u00e4ndig. Darauf hat die KM wohl gewartet und sich direkt als \u201eOpfer\u201c dargestellt und sich sogar mit der Jugendamts-Mitarbeiterin &#8222;angefreundet&#8220;.<\/p>\n\n\n\n<p>Die Beeinflussung der KM geht sogar so weit, dass die zust\u00e4ndige Sachbearbeiterin S.V. bis heute NIEMALS zu einem Telefongespr\u00e4ch oder gar Termin mit mir bereit war, jedoch das Gericht &#8222;im Dienste&#8220; der KM eindeutig belogen hat. Bei einem Gerichtsverfahren, das hinter meinem R\u00fccken &#8211; OHNE mich zu informieren &#8211; stattgefunden hat und ich nur von dem Ergebnis  informiert wurde!<\/p>\n\n\n\n<p>Eigentlich wollte ich zu geeigneter Zeit diese und andere Aufnahmen meiner Tochter zeigen, um einige Lebensl\u00fcgen der KM zu enttarnen. Denn ich hatte immer darauf geachtet, nicht schlecht vor meiner Tochter \u00fcber die KM zu reden, und wollte ihr das erst in entsprechendem Alter erz\u00e4hlen. Es w\u00e4re bestimmt besser gewesen, meine Tochter darauf vorzubereiten, diese M\u00f6glichkeit wurde mir jedoch leider von der KM genommen. Denn ich habe seit zwei Jahren nichts mehr von meiner Tochter geh\u00f6rt&#8230; denn die Mutter l\u00fcgt, und l\u00fcgt, und l\u00fcgt&#8230;<\/p>\n\n\n\n<figure class=\"wp-block-embed is-type-video is-provider-youtube wp-block-embed-youtube wp-embed-aspect-16-9 wp-has-aspect-ratio\"><div class=\"wp-block-embed__wrapper\">\n<div class=\"wpbf-responsive-embed\"><iframe loading=\"lazy\" title=\"Die Kindesmutter hat mich angegriffen - vor meiner Tochter!\" width=\"1200\" height=\"675\" src=\"https:\/\/www.youtube.com\/embed\/3LtuVoqjrFg?feature=oembed\" frameborder=\"0\" allow=\"accelerometer; autoplay; clipboard-write; encrypted-media; gyroscope; picture-in-picture\" allowfullscreen><\/iframe><\/div>\n<\/div><\/figure>\n\n\n\n<p>Wem glaubt das Jugendamt bzw. Gericht?<\/p>\n\n\n\n<p>Dem Vater, der seine Unschuld vehement unterstreicht, oder einer Mutter, die \u201eweinend ihr Leiden\u201c IHM zuweist?<\/p>\n\n\n\n<p>Dem Vater, der dem JA sogar Aufnahmen des Angriffs vortragen will, oder der KM, die heulend die \u201ePolizei\u201c ruft und ihre (vorbereitete) Geschichte erz\u00e4hlt?<\/p>\n\n\n\n<p>Dem Vater, der Aufnahmen\/BEWEISE zeigen will, oder der KM, die mit einem angeblichen Kratzer durch ihren Angriff sogar in der \u201eNotaufnahme\u201c war.<\/p>\n\n\n\n<p>Dem Vater, der seit Jahren seine Sorgen \u00fcber das Verh\u00e4ltnis von Mutter zur Tochter nennt, oder der KM, die ihre Tochter von Arzt zu Arzt schleppt, bis die einen findet, der \u201eihrer Meinung\u201c ist? (siehe zweiter Teil des Clips)<\/p>\n\n\n\n<p>Dem Vater, der mehrfach von der KM &#8211; auch vor den Augen seiner Tochter &#8211; geschlagen wurde (und NIEMALS zur\u00fcckgeschlagen hat), oder der KM, die erwiesenerma\u00dfen \u00fcber mangelnde Impulskontrolle verf\u00fcgt?<\/p>\n\n\n\n<p>Dem Vater, der verzweifelt trauert, oder der KM, die schl\u00e4gt und laut schreit?<\/p>\n\n\n\n<p>Dem Vater, der das JA vielfach und leider immer erfolglos \u201eum Mithilfe bittet\u201c, oder der KM, die jedes Hilfsangebot und jedes Gespr\u00e4ch ablehnt bzw. abbricht?<\/p>\n\n\n\n<p>Dem Vater, der alles versucht, Umgang mit seiner Tochter zu bekommen, oder der KM, die dieses konsequent &#8222;verhindert&#8220;?<\/p>\n\n\n\n<p>.<\/p>\n\n\n\n<p><\/p>\n\n\n\n<p><\/p>\n\n\n\n<p>Wer glaubt diesem Jugendamt?<\/p>\n\n\n\n<p>Dem Jugendamt, das immer direkt zu &#8222;gerichtlichen Ma\u00dfnahmen&#8220; meinerseits r\u00e4t (und mir anschlie\u00dfend sogar vorh\u00e4lt), oder dem Vater, der solche Gerichtsverfahren durch gemeinsame Gespr\u00e4che vermeiden will?<\/p>\n\n\n\n<p>Es gibt noch viel zu berichten&#8230; und viele Aufnahmen&#8230;<\/p>\n\n\n\n<p>&#8230;to be continued&#8230;<\/p>\n\n\n\n<p><\/p>\n\n\n\n<p>Hier die nur kurz eingeblendeten Ausschnitte des Schreibens der &#8222;Anw\u00e4ltin&#8220; der KM, die L\u00fcgen sind offensichtlich:<\/p>\n\n\n\n<figure class=\"wp-block-image size-full\"><img loading=\"lazy\" decoding=\"async\" width=\"769\" height=\"159\" src=\"https:\/\/stoerpegel.de\/wp-content\/uploads\/2022\/04\/Anwaeltin-G-Angriff0ano-1.jpg\" alt=\"\" class=\"wp-image-628\" srcset=\"https:\/\/stoerpegel.de\/wp-content\/uploads\/2022\/04\/Anwaeltin-G-Angriff0ano-1.jpg 769w, https:\/\/stoerpegel.de\/wp-content\/uploads\/2022\/04\/Anwaeltin-G-Angriff0ano-1-300x62.jpg 300w\" sizes=\"auto, (max-width: 769px) 100vw, 769px\" \/><\/figure>\n\n\n\n<figure class=\"wp-block-image size-full\"><img loading=\"lazy\" decoding=\"async\" width=\"777\" height=\"561\" src=\"https:\/\/stoerpegel.de\/wp-content\/uploads\/2022\/04\/Anwaeltin-G-Angriff1ano-1.jpg\" alt=\"\" class=\"wp-image-618\" srcset=\"https:\/\/stoerpegel.de\/wp-content\/uploads\/2022\/04\/Anwaeltin-G-Angriff1ano-1.jpg 777w, https:\/\/stoerpegel.de\/wp-content\/uploads\/2022\/04\/Anwaeltin-G-Angriff1ano-1-300x217.jpg 300w, https:\/\/stoerpegel.de\/wp-content\/uploads\/2022\/04\/Anwaeltin-G-Angriff1ano-1-768x555.jpg 768w\" sizes=\"auto, (max-width: 777px) 100vw, 777px\" \/><\/figure>\n\n\n\n<figure class=\"wp-block-image size-full\"><img loading=\"lazy\" decoding=\"async\" width=\"786\" height=\"532\" src=\"https:\/\/stoerpegel.de\/wp-content\/uploads\/2022\/04\/Anwaeltin-G-Angriff2ano-1.jpg\" alt=\"\" class=\"wp-image-619\" srcset=\"https:\/\/stoerpegel.de\/wp-content\/uploads\/2022\/04\/Anwaeltin-G-Angriff2ano-1.jpg 786w, https:\/\/stoerpegel.de\/wp-content\/uploads\/2022\/04\/Anwaeltin-G-Angriff2ano-1-300x203.jpg 300w, https:\/\/stoerpegel.de\/wp-content\/uploads\/2022\/04\/Anwaeltin-G-Angriff2ano-1-768x520.jpg 768w\" sizes=\"auto, (max-width: 786px) 100vw, 786px\" \/><\/figure>\n\n\n\n<figure class=\"wp-block-image size-full\"><img loading=\"lazy\" decoding=\"async\" width=\"780\" height=\"238\" src=\"https:\/\/stoerpegel.de\/wp-content\/uploads\/2022\/04\/Anwaeltin-G-Angriff3ano-1.jpg\" alt=\"\" class=\"wp-image-620\" srcset=\"https:\/\/stoerpegel.de\/wp-content\/uploads\/2022\/04\/Anwaeltin-G-Angriff3ano-1.jpg 780w, https:\/\/stoerpegel.de\/wp-content\/uploads\/2022\/04\/Anwaeltin-G-Angriff3ano-1-300x92.jpg 300w, https:\/\/stoerpegel.de\/wp-content\/uploads\/2022\/04\/Anwaeltin-G-Angriff3ano-1-768x234.jpg 768w\" sizes=\"auto, (max-width: 780px) 100vw, 780px\" \/><\/figure>\n","protected":false},"excerpt":{"rendered":"<p>DER Grund, warum ich begann, m\u00f6gliche &#8222;kritische Situationen&#8220; mittels Aufnahmen zu dokumentieren. Warum ich auf dieser Seite die Mutter meines Kindes (Kindsmutter &#8211; KM) erw\u00e4hne?Weil es auff\u00e4llige Parallelen zu den Vorw\u00fcrfen der Polizei beim zweiten Attentat gibt!Weil die Polizei\/StA im Zuge der kommenden Verfahren bestimmt auch &#8222;Sozialprognosen&#8220; von den Unterlagen des Jugendamtes ableiten m\u00f6chte. Denn [&hellip;]<\/p>\n","protected":false},"author":1,"featured_media":0,"parent":0,"menu_order":0,"comment_status":"closed","ping_status":"closed","template":"","meta":{"footnotes":""},"class_list":["post-610","page","type-page","status-publish","hentry","wpbf-post"],"_links":{"self":[{"href":"https:\/\/stoerpegel.de\/index.php\/wp-json\/wp\/v2\/pages\/610","targetHints":{"allow":["GET"]}}],"collection":[{"href":"https:\/\/stoerpegel.de\/index.php\/wp-json\/wp\/v2\/pages"}],"about":[{"href":"https:\/\/stoerpegel.de\/index.php\/wp-json\/wp\/v2\/types\/page"}],"author":[{"embeddable":true,"href":"https:\/\/stoerpegel.de\/index.php\/wp-json\/wp\/v2\/users\/1"}],"replies":[{"embeddable":true,"href":"https:\/\/stoerpegel.de\/index.php\/wp-json\/wp\/v2\/comments?post=610"}],"version-history":[{"count":8,"href":"https:\/\/stoerpegel.de\/index.php\/wp-json\/wp\/v2\/pages\/610\/revisions"}],"predecessor-version":[{"id":629,"href":"https:\/\/stoerpegel.de\/index.php\/wp-json\/wp\/v2\/pages\/610\/revisions\/629"}],"wp:attachment":[{"href":"https:\/\/stoerpegel.de\/index.php\/wp-json\/wp\/v2\/media?parent=610"}],"curies":[{"name":"wp","href":"https:\/\/api.w.org\/{rel}","templated":true}]}}