{"id":437,"date":"2021-04-18T13:40:26","date_gmt":"2021-04-18T13:40:26","guid":{"rendered":"https:\/\/stoerpegel.de\/?page_id=437"},"modified":"2024-03-04T11:11:34","modified_gmt":"2024-03-04T11:11:34","slug":"neurologin-bielefeld","status":"publish","type":"page","link":"https:\/\/stoerpegel.de\/index.php\/neurologin-bielefeld\/","title":{"rendered":"Neurologin, Bielefeld"},"content":{"rendered":"\n<figure class=\"wp-block-image size-full is-resized\"><img loading=\"lazy\" decoding=\"async\" src=\"https:\/\/stoerpegel.de\/wp-content\/uploads\/2023\/11\/img-Neuro.png\" alt=\"\" class=\"wp-image-1470\" width=\"233\" height=\"233\" srcset=\"https:\/\/stoerpegel.de\/wp-content\/uploads\/2023\/11\/img-Neuro.png 1024w, https:\/\/stoerpegel.de\/wp-content\/uploads\/2023\/11\/img-Neuro-300x300.png 300w, https:\/\/stoerpegel.de\/wp-content\/uploads\/2023\/11\/img-Neuro-150x150.png 150w, https:\/\/stoerpegel.de\/wp-content\/uploads\/2023\/11\/img-Neuro-768x768.png 768w\" sizes=\"auto, (max-width: 233px) 100vw, 233px\" \/><\/figure>\n\n\n\n<p>Ein kurzfristiger Termin wird mir nicht gegeben. Ich teile mit, dass ich \u00fcber Empfindungsst\u00f6rungen in der ganzen rechten Seite leide und in allen Fingern beider H\u00e4nde starkes Kribbeln habe. Es wird jedoch nur an den Handgelenken gemessen, obwohl ich nochmal betone, dass mir beide Arme, Beine und der Hals bis zum jeweils als &#8222;erfolgreiches Knackger\u00e4usch bzw. deren Sch\u00e4digung freudig Kommentiert wurde&#8220; von der Polizei-GT alle Extremit\u00e4ten verdreht und ausgehebelt und so auch die Schultern und Ellenbogen stark schmerzen bzw. gezielt verletzt wurden. Ich soll jedoch erstmal Karpaltunnel links operieren lassen, fr\u00fchestens ein halbes Jahr sp\u00e4ter die andere Seite. Ich komme nach OP zur Kontrolle und es wird wieder nur das Handgelenk gemessen, \u201eder Ellenbogen wird erst nach beiden OPs gemessen\u2026 in einem halben Jahr wird dann bestimmt auch ihre linke Hand wieder besser sein, das kann dauern&#8230;\u201c Wert immer noch Grenzwertig\u2026<\/p>\n\n\n\n<p> <\/p>\n\n\n\n<p>Meine Kommentierung zu dieser &#8222;Anamnese&#8220;:<\/p>\n\n\n\n<ul class=\"wp-block-list\">\n<li>AUSSCHLIESSLICH eine Messung der Handgelenke durchgef\u00fchrt, keinerlei sonstige &#8222;Untersuchungsmethoden&#8220; zum Ausschlusss anderweitiger &#8222;Ursachen bzw. Verletzungen&#8220; angewandt<\/li>\n\n\n\n<li>nicht durchgef\u00fchrte Untersuchungen als durchgef\u00fchrt angegeben, fehlend bzw. &#8222;falsch negativ&#8220;: meine Wirbels\u00e4ulen-Beschwerden, taube K\u00f6rperseite von Kopf bis Fu\u00df, nicht kontrolliert bewegliche Arme und H\u00e4nde, extreme Schmerzen, Tinnitus<\/li>\n\n\n\n<li>Meinen Kopf z.B. konnte ich aufgrund (dort MIR noch nicht bekannt) abgerissenem Dornfortsatz C3 &#8211; WIRBELFRAKTUR &#8211; in keinster Weise &#8222;frei bewegen&#8220;, jedoch als &#8222;Ergebnis&#8220; ebenso falsch angegeben<\/li>\n\n\n\n<li>auch &#8222;keine Paresen&#8220; ist schlichtweg erlogen!! Diese waren schlie\u00dflich der Grund meiner Bem\u00fchungen, hier Behandlungen zu bekommen&#8230;<\/li>\n\n\n\n<li>nur &#8222;Karpalrunnel&#8220; wird als behandlungsbed\u00fcrftig aufgef\u00fchrt (was sich links als erfolglos erwies) und ich ausdr\u00fccklich die Ursache als &#8222;h\u00f6her liegend&#8220; \u00e4u\u00dferte &#8211; in den Schultern oder Wirbels\u00e4ule. Dennoch sollte ich &#8222;erstmal&#8220; Karpaltunnel operieren lassen &#8211; mein Eindruck: Behandlungsfehler, Bewirkung weiterer Verz\u00f6gerungen zur Vertuschung der Polizeigewalt-Folgen<\/li>\n\n\n\n<li>eine &#8222;weitergehende Untersuchung&#8220; sollte erst NACH der Karpaltunnel-OP durchgef\u00fcrt werden, jedoch war mir bereits deren &#8222;Haltung gg\u00fc. Polizeigewalt&#8220; nach diesem sehr kurzem &#8222;Arztgespr\u00e4ch&#8220; ersichtlich!<\/li>\n<\/ul>\n\n\n\n<div data-wp-interactive=\"core\/file\" class=\"wp-block-file\"><object data-wp-bind--hidden=\"!state.hasPdfPreview\" hidden class=\"wp-block-file__embed\" data=\"https:\/\/stoerpegel.de\/wp-content\/uploads\/2024\/03\/191001-Neurologie-BI-K-anodr.pdf\" type=\"application\/pdf\" style=\"width:100%;height:600px\" aria-label=\"Einbettung von 191001-Neurologie-BI-K-anodr.\"><\/object><a id=\"wp-block-file--media-ce596e49-91f2-491a-a9e2-d4d851c82bf4\" href=\"https:\/\/stoerpegel.de\/wp-content\/uploads\/2024\/03\/191001-Neurologie-BI-K-anodr.pdf\">191001-Neurologie-BI-K-anodr<\/a><a href=\"https:\/\/stoerpegel.de\/wp-content\/uploads\/2024\/03\/191001-Neurologie-BI-K-anodr.pdf\" class=\"wp-block-file__button wp-element-button\" download aria-describedby=\"wp-block-file--media-ce596e49-91f2-491a-a9e2-d4d851c82bf4\">Herunterladen<\/a><\/div>\n","protected":false},"excerpt":{"rendered":"<p>Ein kurzfristiger Termin wird mir nicht gegeben. Ich teile mit, dass ich \u00fcber Empfindungsst\u00f6rungen in der ganzen rechten Seite leide und in allen Fingern beider H\u00e4nde starkes Kribbeln habe. Es wird jedoch nur an den Handgelenken gemessen, obwohl ich nochmal betone, dass mir beide Arme, Beine und der Hals bis zum jeweils als &#8222;erfolgreiches Knackger\u00e4usch [&hellip;]<\/p>\n","protected":false},"author":1,"featured_media":0,"parent":0,"menu_order":0,"comment_status":"closed","ping_status":"closed","template":"","meta":{"footnotes":""},"class_list":["post-437","page","type-page","status-publish","hentry","wpbf-post"],"_links":{"self":[{"href":"https:\/\/stoerpegel.de\/index.php\/wp-json\/wp\/v2\/pages\/437","targetHints":{"allow":["GET"]}}],"collection":[{"href":"https:\/\/stoerpegel.de\/index.php\/wp-json\/wp\/v2\/pages"}],"about":[{"href":"https:\/\/stoerpegel.de\/index.php\/wp-json\/wp\/v2\/types\/page"}],"author":[{"embeddable":true,"href":"https:\/\/stoerpegel.de\/index.php\/wp-json\/wp\/v2\/users\/1"}],"replies":[{"embeddable":true,"href":"https:\/\/stoerpegel.de\/index.php\/wp-json\/wp\/v2\/comments?post=437"}],"version-history":[{"count":8,"href":"https:\/\/stoerpegel.de\/index.php\/wp-json\/wp\/v2\/pages\/437\/revisions"}],"predecessor-version":[{"id":1480,"href":"https:\/\/stoerpegel.de\/index.php\/wp-json\/wp\/v2\/pages\/437\/revisions\/1480"}],"wp:attachment":[{"href":"https:\/\/stoerpegel.de\/index.php\/wp-json\/wp\/v2\/media?parent=437"}],"curies":[{"name":"wp","href":"https:\/\/api.w.org\/{rel}","templated":true}]}}