{"id":434,"date":"2021-04-18T13:39:42","date_gmt":"2021-04-18T13:39:42","guid":{"rendered":"https:\/\/stoerpegel.de\/?page_id=434"},"modified":"2021-06-16T12:29:30","modified_gmt":"2021-06-16T12:29:30","slug":"aerztinnen-polizei-staatsanwaltschaft","status":"publish","type":"page","link":"https:\/\/stoerpegel.de\/index.php\/aerztinnen-polizei-staatsanwaltschaft\/","title":{"rendered":"\u00c4rzt*innen, Polizei, Staatsanwaltschaft"},"content":{"rendered":"\n<p>Das Umfeld der \u00c4<\/p>\n\n\n\n<p>Es ist mir schon lange vor meinem Gang an die \u00d6ffentlichkeit das Verhalten einiger \u00c4 \u201ekomisch\u201c vorgekommen. Aber ich bin ja auch traumatisiert, und zweifle oft an meiner Wahrnehmung \u2013 die sich jedoch zumeist als korrekt herausstellte, wie ich bei (Teil-)Durchsicht meiner Aufzeichnungen feststelle. Es war auff\u00e4llig, dass \u00c4rzte schon zu meinem ersten Termin dort \u00fcber die Polizeigewalt informiert waren. Da scheint die Staatsanwaltschaft und Polizei umgehend \u201eDenunzierungsgranaten\u201c zu werfen, die den \u00c4rzten eine ehrliche Aufkl\u00e4rung untersagt. Denn die Staatsanwaltschaften haben ihre Patientenakte, bevor Sie selber die ausgeh\u00e4ndigt bekommen (nur Rechtsmediziner sind von dem Einfluss und Zugriff der StA rechtlich gesch\u00fctzt) \u2013 Vermeiden von entsprechenden Diagnosen und nachtr\u00e4gliche \u00c4nderungen auf \u201eBitten\u201c der P+StA nicht ausgeschlossen. Es wird versucht, Ihre Schmerzen als \u201epsychosomatisch\u201c oder als \u201ealte Verletzung\u201c oder \u201ealtersbedingt\u201c darzustellen. Ohne entsprechende Untersuchungen und ohne jeglichen Versuch, die akuten Schmerzen zu lindern. Denn alleine das Verschreiben von Schmerzmitteln wird einigen \u00c4rzt*innen wohl entsprechend schwer von der Hand gehen, denn es k\u00f6nnte ja als Best\u00e4tigung der zugef\u00fcgten Verletzungen gelten. Und wenn ein fragw\u00fcrdiger Arzt von Ihrer Geschichte wei\u00df, so wird er dies allen anderen mitteilen \u2013 besonders, wenn dieser durch Beziehungen entsprechende Verbindungen (und empfundene Verpflichtung bzw. durch die P+StA gemachten Druck) hat, die Polizei oder StA zu sch\u00fctzen. Dies scheint dann dazu zu f\u00fchren, dass diese Verpflichtung \u00fcber dem Hippokratischen Eid steht. Und so haben einige versucht, mir die Schmerzen als psychosomatisch und \u201eSchmerzged\u00e4chtnis\u201c zu verkaufen \u2013 ohne entsprechende Untersuchungen zum Ausschluss erstellt oder auch nur vorliegende Unterlagen gesichtet zu haben (mehrfach so geschehen).<\/p>\n\n\n\n<p>\u00c4 verweigern die Behandlung. Warum?<\/p>\n\n\n\n<p>Ist die alleinige Behandlung oder auch nur Verschreibung von Schmerzmitteln eine Diagnose, die nicht gestellt werden will? Oder darf??<\/p>\n\n\n\n<p>In diesem Zusammenhang bezweifle ich besonders die \u201eMeinungsfreiheit\u201c von einigen Radiologen. Diese sind schlie\u00dflich zumeist die ersten in der Diagnosekette, die belastbare Diagnosen erstellen k\u00f6nnten. Verdienen die so viel, weil sie direkt im Einfluss des Staates (f\u00fcr solche \u201eF\u00e4lle\u201c wie den meinen) stehen? Warum schauen die meisten nachfolgenden \u00c4rzte nicht die Aufnahmen an, sondern berufen sich auf die geschriebene Anamnese.<\/p>\n\n\n\n<p>Es zeichnet sich f\u00fcr mich ein Bild ab, das ein Spannungsfeld zwischen Polizei, Staatsanwaltschaften und \u00c4rzten darstellt. An dieser Stelle k\u00f6nnte ich jetzt viele Vermutungen \u00fcber Befangenheit, Seilschaften, Clanmentalit\u00e4ten und einfach das Aus\u00fcben von (angeblicher) Macht und falsch gepoltem Pflichtgef\u00fchl anstellen. Es ist jedoch aus meiner Sicht \u201enur\u201c ein Symptom der Polizeigewalt wie sie allt\u00e4glich nur schon unterbewusst in den meisten K\u00f6pfen existiert. Die Ursache liegt jedoch offensichtlich an anderer Stelle\u2026<\/p>\n\n\n\n<p>Da mir keiner helfen will, helfen kann oder k\u00f6nnen will \u2013 oder sonstwie im Geflecht der \u201eGegebenheiten\u201c gefangen ist\u2026<\/p>\n\n\n\n<p>Gedeckt durch Beh\u00f6rden geschieht im Schutz der Kliniken weiteres Unrecht.<\/p>\n\n\n\n<p>Das Abstruse an dieser Situation ist, dass ich \u00fcberhaupt nichts getan habe! Ich werde vom Staat wie ein T\u00e4ter behandelt, obwohl die T\u00e4ter*innen in den eigenen Reihen stehen. So ist es sogar menschlich nachvollziehbar, dass diese \u201eihren Arsch\u201c retten m\u00f6chten. Dass dabei jedoch die angeblichen \u201eGesetzesh\u00fcter\u201c bewusst weitere Gesetze beugen und brechen, hat wohl prim\u00e4r meine Denunzierung und deren eigenen \u201eSchutz\u201c zum Ziel. Damit machen diese jedoch ihre eigene Situation aus meiner Sicht noch viel schlimmer \u2013 und im Endeffekt vor Gericht f\u00fcr mich leichter zu widerlegen. Aber der Druck soll mich vermutlich dazu bringen, die Straftaten der P. nicht weiter zu verfolgen, oder aufzugeben\u2026<\/p>\n\n\n\n<p>Auch ich dachte fr\u00fcher, wenn die Polizei so einen Aufriss macht (was man so in den Medien h\u00f6rt), dann muss die Zielperson ja auch Dreck am Stecken haben.<\/p>\n\n\n\n<p>Heute gehe ich davon aus, dass einige weitere Eins\u00e4tze auch aufgebauscht werden, um von dem eigenen Fehlverhalten abzulenken. Und dies hatte offensichtlich in der Vergangenheit Erfolg. Wenn viele P. einhellig ihre \u201eZeugenaussage\u201c machten, dann muss das ja stimmen\u2026 wird in meinen F\u00e4llen nicht gelingen, daf\u00fcr waren die P viel zu dilettantisch vorgegangen. Und haben zu widerspr\u00fcchliche Berichte erstellt. Und konnten mir die Beweise gegen die nicht \u201esicherstellen\u201c \u2013 was an sich ja auch aus meiner Sicht als \u201eVertuschung einer (oder mehrerer) Straftaten\u201c gewertet werden m\u00fcsste.<\/p>\n","protected":false},"excerpt":{"rendered":"<p>Das Umfeld der \u00c4 Es ist mir schon lange vor meinem Gang an die \u00d6ffentlichkeit das Verhalten einiger \u00c4 \u201ekomisch\u201c vorgekommen. Aber ich bin ja auch traumatisiert, und zweifle oft an meiner Wahrnehmung \u2013 die sich jedoch zumeist als korrekt herausstellte, wie ich bei (Teil-)Durchsicht meiner Aufzeichnungen feststelle. Es war auff\u00e4llig, dass \u00c4rzte schon zu [&hellip;]<\/p>\n","protected":false},"author":1,"featured_media":0,"parent":0,"menu_order":0,"comment_status":"closed","ping_status":"closed","template":"","meta":{"footnotes":""},"class_list":["post-434","page","type-page","status-publish","hentry","wpbf-post"],"_links":{"self":[{"href":"https:\/\/stoerpegel.de\/index.php\/wp-json\/wp\/v2\/pages\/434","targetHints":{"allow":["GET"]}}],"collection":[{"href":"https:\/\/stoerpegel.de\/index.php\/wp-json\/wp\/v2\/pages"}],"about":[{"href":"https:\/\/stoerpegel.de\/index.php\/wp-json\/wp\/v2\/types\/page"}],"author":[{"embeddable":true,"href":"https:\/\/stoerpegel.de\/index.php\/wp-json\/wp\/v2\/users\/1"}],"replies":[{"embeddable":true,"href":"https:\/\/stoerpegel.de\/index.php\/wp-json\/wp\/v2\/comments?post=434"}],"version-history":[{"count":2,"href":"https:\/\/stoerpegel.de\/index.php\/wp-json\/wp\/v2\/pages\/434\/revisions"}],"predecessor-version":[{"id":555,"href":"https:\/\/stoerpegel.de\/index.php\/wp-json\/wp\/v2\/pages\/434\/revisions\/555"}],"wp:attachment":[{"href":"https:\/\/stoerpegel.de\/index.php\/wp-json\/wp\/v2\/media?parent=434"}],"curies":[{"name":"wp","href":"https:\/\/api.w.org\/{rel}","templated":true}]}}