{"id":428,"date":"2021-04-18T13:40:44","date_gmt":"2021-04-18T13:40:44","guid":{"rendered":"https:\/\/stoerpegel.de\/?page_id=428"},"modified":"2024-03-04T10:33:19","modified_gmt":"2024-03-04T10:33:19","slug":"orthopaede-bielefeld","status":"publish","type":"page","link":"https:\/\/stoerpegel.de\/index.php\/orthopaede-bielefeld\/","title":{"rendered":"Orthop\u00e4de, Bielefeld"},"content":{"rendered":"\n<figure class=\"wp-block-image size-full is-resized\"><img loading=\"lazy\" decoding=\"async\" src=\"https:\/\/stoerpegel.de\/wp-content\/uploads\/2023\/11\/img-OrthoB2.png\" alt=\"\" class=\"wp-image-1471\" width=\"429\" height=\"429\" srcset=\"https:\/\/stoerpegel.de\/wp-content\/uploads\/2023\/11\/img-OrthoB2.png 1024w, https:\/\/stoerpegel.de\/wp-content\/uploads\/2023\/11\/img-OrthoB2-300x300.png 300w, https:\/\/stoerpegel.de\/wp-content\/uploads\/2023\/11\/img-OrthoB2-150x150.png 150w, https:\/\/stoerpegel.de\/wp-content\/uploads\/2023\/11\/img-OrthoB2-768x768.png 768w\" sizes=\"auto, (max-width: 429px) 100vw, 429px\" \/><\/figure>\n\n\n\n<p>Dr. B. aus Bielefeld, angeblich ausgebildeter Orthop\u00e4de, sieht sich nicht zu einer funktionellen Diagnostik der Schulter in der Lage: \u201edas kann ich nicht abbilden\u201c \u2013 wie er mir dann nach 5 Terminen (und bekannten unbehandelten Verletzungen und Beschwerden) nach einem Jahr mitteilt. Der Satz \u201ekommen Sie n\u00e4chstes Quartal wieder, wenn es dann immer noch schmerzt\u201c habe ich mir 4mal anh\u00f6ren m\u00fcssen. Keine Hilfe. Hier stehen wohl nicht nur finanzielle Gr\u00fcnde, sondern schlichtweg die gezielte Verz\u00f6gerung\/Verhinderung und\/oder Verweigerung von diagnostischen Mitteln einer vorbildlichen, rechtm\u00e4\u00dfigen Behandlung entgegen. So sah sich der Arzt wohl gezwungen, Untersuchungen aufzuschreiben und als negativ abzuhaken, die er nicht durchgef\u00fchrt hat: Ich hatte mich zu Beginn der Corona-Zeiten auch nicht gewundert, dass mich der Arzt nicht k\u00f6rperlich untersucht. Aber, dass dann nicht durchgef\u00fchrte Untersuchungen aufgeschrieben und die wenigen doch durchgef\u00fchrten sch\u00f6ngemalt werden, das wird einem erst bewusst, wenn man die \u201ePatientenakten\u201c einfordert und mit den eigenen Aufzeichnungen vergleicht.<\/p>\n\n\n\n<p>Es wird mir von einem Radiologen geraten, den Orthop\u00e4den um eine funktionelle Diagnostik zu bitten. (\u201ewenn ich den Arm so bewege, dann tut es dort in der Schulter weh\u201c) \u201eDann soll der (Radiologe) doch die Untersuchung durchf\u00fchren, ich kann das nicht abbilden (nach 5 Terminen)&#8230;<\/p>\n\n\n\n<p>\u201eDie H\u00e4nde sind auch kaputt, aber darum k\u00fcmmert sich ein Handchirurg. Ich kann die Bewegung Zangengriff machen, aber keine Kraft einleiten! Kaffeetasse halten schmerzt schon stark.\u201c. Er schreibt auf \u201ePinzettenengriff ok\u201c<\/p>\n\n\n\n<p>H\u00e4tte ich nicht zu dem Arzt gehen sollen, der vor einem Marathonlauf mit dem Fahrrad vorher f\u00e4hrt und sich entsprechend gerne in der \u00d6ffentlichkeit pr\u00e4sentiert? Er hat doch noch zwei Kollegen in der Praxis, wenn dem das Thema zu hei\u00df ist, dann h\u00e4tte er mich doch zu Dr. F. oder Dr. B. weiterleiten k\u00f6nnen. Oder mich an eine Kolleg*in einer anderen Praxis \u00fcberweisen \u2013 und nicht widerrechtlich Falschdokumentationen vornehmen, um keinen \u00c4rger mit P + StA zu bekommen\u2026<\/p>\n\n\n\n<p>O-Ton Orthop\u00e4de B:<\/p>\n\n\n\n<p class=\"has-vivid-purple-color has-text-color\">&#8222;Alles unauff\u00e4llig, muss man ja leider auch mal sagen&#8230; was hei\u00dft &#8222;leider&#8220;, ist ja auch gut so.&#8220;.<\/p>\n\n\n\n<p> Er weigert sich weiterhin vehement, die Folgen von zweifacher Polizeigewalt zu registrieren, ist m.E. Helfersherlfer zur Vertuschung von Polizeigewalt, Helfershelfer zur Vertuschung von Fasdchismus im Amt, Helfershelfer zur Vertuschung von Behandlungsfehlern und -verweigerungen!<\/p>\n\n\n\n<p class=\"has-vivid-purple-color has-text-color\">&#8222;Aber ich kann SO nichts f\u00fcr Sie tun!&#8220; &#8211; wenn die Ursache &#8222;Gewalt der Polizei G\u00fctersloh, Halle(Westf.)&#8220; ist!!<\/p>\n\n\n\n<p>Und jedes Kind w\u00fcrde auf diesen Bildern &#8222;Abweichungen&#8220; erkennen, aber keine &#8222;\u00c4rzte&#8220; dieses diagnostizieren?<\/p>\n\n\n\n<p>W\u00e4re es nicht sogar meine Pflicht, vor diesen zu warnen, deren Taten anzuprangern, wenn die Justiz sich doch weigert, jegliche &#8222;Ermittlungen&#8220; (trotz ausf\u00fchrlicher Strafantr\u00e4ge, Beweise) einzuleiten?<\/p>\n\n\n\n<p>Die Vertuschung von Polizeigewalt und Faschismus im Amt scheint als &#8222;ehrenwert&#8220; in den d\u00fcsteren Kreisen der Fans des Nationalsozialismus angesehen zu werden.<\/p>\n\n\n\n<p class=\"has-vivid-red-color has-text-color\">Hier war ein Clip, der die &#8222;fragw\u00fcrdige Haltung des \u00c4rztes B.&#8220; zeigen. Aus &#8222;rechtlichen Gr\u00fcnden&#8220; habe ich diesen aktuell entfernt.<\/p>\n\n\n\n<p> <\/p>\n\n\n\n<p>Hier die &#8222;Patientenakte&#8220; &#8211; so viele Widerspr\u00fcche \/ Fehldiagnosen &#8211; m.E. offensichtliche \/ vors\u00e4tzliche &#8222;Vertuschung&#8220;, dass ich diese vorerst nicht weiter kommentiere, scheint mir auch f\u00fcr Laien erkennbar. Auch hier ersichtlich, dass dieser sich weigerte, mehrere K\u00f6rperteile &#8222;gleichzeitig&#8220; zu untersuchen, obwohl jeweils die vielen Beschwerden genannt und ebenso nicht durchgef\u00fchrte Untersuchungen als &#8222;negativ&#8220; bezeichnet. Wenn dort &#8222;kein Druckschmerz&#8220; oder &#8222;keine schmerzhafte Rotation&#8220; genannt wird, ist durchgehend das GEGENTEIL (auch noch immer nach \u00fcber 3 Jahren!!!) der Fall&#8230;:<\/p>\n\n\n\n<div data-wp-interactive=\"core\/file\" class=\"wp-block-file\"><object data-wp-bind--hidden=\"!state.hasPdfPreview\" hidden class=\"wp-block-file__embed\" data=\"https:\/\/stoerpegel.de\/wp-content\/uploads\/2022\/10\/201005-OrthB-Patientenakte-Text-anodr.pdf\" type=\"application\/pdf\" style=\"width:100%;height:600px\" aria-label=\"Einbettung von 201005-OrthB-Patientenakte-Text-anodr.\"><\/object><a id=\"wp-block-file--media-2b9f9aa9-70f2-4f7a-8612-713e52d0a04e\" href=\"https:\/\/stoerpegel.de\/wp-content\/uploads\/2022\/10\/201005-OrthB-Patientenakte-Text-anodr.pdf\">201005-OrthB-Patientenakte-Text-anodr<\/a><a href=\"https:\/\/stoerpegel.de\/wp-content\/uploads\/2022\/10\/201005-OrthB-Patientenakte-Text-anodr.pdf\" class=\"wp-block-file__button wp-element-button\" download aria-describedby=\"wp-block-file--media-2b9f9aa9-70f2-4f7a-8612-713e52d0a04e\">Herunterladen<\/a><\/div>\n","protected":false},"excerpt":{"rendered":"<p>Dr. B. aus Bielefeld, angeblich ausgebildeter Orthop\u00e4de, sieht sich nicht zu einer funktionellen Diagnostik der Schulter in der Lage: \u201edas kann ich nicht abbilden\u201c \u2013 wie er mir dann nach 5 Terminen (und bekannten unbehandelten Verletzungen und Beschwerden) nach einem Jahr mitteilt. Der Satz \u201ekommen Sie n\u00e4chstes Quartal wieder, wenn es dann immer noch schmerzt\u201c [&hellip;]<\/p>\n","protected":false},"author":1,"featured_media":0,"parent":0,"menu_order":0,"comment_status":"closed","ping_status":"closed","template":"","meta":{"footnotes":""},"class_list":["post-428","page","type-page","status-publish","hentry","wpbf-post"],"_links":{"self":[{"href":"https:\/\/stoerpegel.de\/index.php\/wp-json\/wp\/v2\/pages\/428","targetHints":{"allow":["GET"]}}],"collection":[{"href":"https:\/\/stoerpegel.de\/index.php\/wp-json\/wp\/v2\/pages"}],"about":[{"href":"https:\/\/stoerpegel.de\/index.php\/wp-json\/wp\/v2\/types\/page"}],"author":[{"embeddable":true,"href":"https:\/\/stoerpegel.de\/index.php\/wp-json\/wp\/v2\/users\/1"}],"replies":[{"embeddable":true,"href":"https:\/\/stoerpegel.de\/index.php\/wp-json\/wp\/v2\/comments?post=428"}],"version-history":[{"count":9,"href":"https:\/\/stoerpegel.de\/index.php\/wp-json\/wp\/v2\/pages\/428\/revisions"}],"predecessor-version":[{"id":1477,"href":"https:\/\/stoerpegel.de\/index.php\/wp-json\/wp\/v2\/pages\/428\/revisions\/1477"}],"wp:attachment":[{"href":"https:\/\/stoerpegel.de\/index.php\/wp-json\/wp\/v2\/media?parent=428"}],"curies":[{"name":"wp","href":"https:\/\/api.w.org\/{rel}","templated":true}]}}