{"id":424,"date":"2021-04-18T13:40:14","date_gmt":"2021-04-18T13:40:14","guid":{"rendered":"https:\/\/stoerpegel.de\/?page_id=424"},"modified":"2021-04-18T15:33:11","modified_gmt":"2021-04-18T15:33:11","slug":"lwl","status":"publish","type":"page","link":"https:\/\/stoerpegel.de\/index.php\/lwl\/","title":{"rendered":"LWL, G\u00fctersloh"},"content":{"rendered":"\n<p>R\u00fcckblende:<\/p>\n\n\n\n<p>Die P war sich der \u201eunsicheren\u201c Gesetzesinterpretation bewusst. Schlie\u00dflich habe ich die Polizei eindeutig auf meine Grundrechte hingewiesen und die haben mir auch keine sonstige Rechtsgrundlage (Durchsuchungsbeschluss, begr\u00fcndeter Einsatz, \u2026) nennen k\u00f6nnen, die deren weiteren \u201eEinsatz\u201c und Verhalten rechtfertigte.<\/p>\n\n\n\n<p>Zu diesem Zeitpunkt hatten sich schon mehrere P in Form einer bewaffneten Gruppe zur Terrorisierung meiner Person zusammengerottet. Jetzt konnte P K. sich ja nicht die Bl\u00f6\u00dfe geben und feststellen, dass ja (wieder) doch keine Ruhest\u00f6rung vorliegt.<\/p>\n\n\n\n<p>*Oder konnten die das einfach nicht feststellen? Haben die so kr\u00e4ftig gegen meine T\u00fcr geschlagen und getreten, dass die meine nicht vorliegende Ruhest\u00f6rung nicht feststellen konnten? Muss ich mich f\u00fcr meine d\u00fcnne, laute T\u00fcr entschuldigen, dass die so poltert wenn man dagegen schl\u00e4gt, dass Sie ja gar keine M\u00f6glichkeit hatten, keine Ruhest\u00f6rung festzustellen? Denn man muss doch Krach machen, um keine Ruhest\u00f6rung feststellen zu k\u00f6nnen?*<\/p>\n\n\n\n<p>NEIN. War denen aber egal.<\/p>\n\n\n\n<p>War wohl nur das Ziel, mich zu qu\u00e4len, Handy und Laptop zu beschlagnahmen und meine Wohnung zu zerst\u00f6ren. Und mich zu denunzieren und so weiter \u2026<\/p>\n\n\n\n<p>Die wollten mich \u201ein Gewahrsam nehmen\u201c obwohl rechtlich keinerlei Handlungsgrundlage besteht. Es reicht wohl die Tatsache, Beweise gegen die zu besitzen. Als denen klar wurde, dass die Gefahr besteht, dass ich deren Fehlverhalten wiederholt aufzeichne und ebenso wiederholt zur Anzeige bringe, stimmten die sich wohl schon mit dem LWL ab.<\/p>\n\n\n\n<p>Stundenlanger Terror und SEK bricht schlie\u00dflich durch die Wohnungst\u00fcr.<\/p>\n\n\n\n<p>P terrorisierten mich so lange, dass ich bei den mir willk\u00fcrlich zugef\u00fcgten Schmerzen \u201e\u00e4rgerlich\u201c wurde. Zumal ich fixiert war.<\/p>\n\n\n\n<p>.<\/p>\n\n\n\n<p><\/p>\n\n\n\n<p>NOTarzt<\/p>\n\n\n\n<p>Dann wurde ein \u201eNotarzt\u201c hinzugezogen, dessen \u201eHilfe\u201c mir mehr schadete als helfen konnte. Denn er hatte nur den Auftrag \u201ezu tun was die Polizei will, ich bin hier nur auf deren Anforderung\u2026\u201c. Und dann wartete ich vollfixiert an eine Krankentrage, verletzt, mit dem A in ein Krankenhaus gebracht zu werden. Denn ihn k\u00fcmmerten meine Verletzungen nicht. Er sagte, er warte auf die richterliche Entscheidung zur Einweisung in eine psychiatrische Klinik (die nie erteilt (und fragw\u00fcrdig \u00fcberhaupt rechtsg\u00fcltig beantragt) wurde). So wurde ich aber dennoch gegen meinen klar kommunizierten Willen, mit meinen Verletzungen in ein Krankenhaus gebracht zu werden, in das LWL-G\u00fctersloh eingesperrt und auch dort misshandelt bzw. eben nicht behandelt und weiter denunziert und erst nach mehr als 24h freigelassen.<\/p>\n\n\n\n<p>LWL-G\u00fctersloh<\/p>\n\n\n\n<p>Das kam dem Klinikpersonal aber nicht ungew\u00f6hnlich vor \u2013 wurde zumindest nicht dokumentiert, dass die P mich auch vor deren Augen qu\u00e4lten. Naja, das Personal wei\u00df ja, wie brutal die sind und traute sich wohl nicht, etwas zu sagen\u2026 und die P nahm sich auch noch extra Zeit, um die Dokumentation mit dem Klinikpersonal \u201eabzustimmen\u201c\u2026<\/p>\n\n\n\n<p>Unter Zwang musste ich unterschreiben, dass ich \u201efreiwillig\u201c dort war und ebenso das LWL verlassen werde, denn sonst h\u00e4tten die mich \u201enoch mindestens einen weiteren Tag\u201c dort behalten m\u00fcssen, um eine richterliche Einweisung\/Anordnung zu bekommen, so Chefarzt. Denn die Klinik kann ja vermutlich auch nicht best\u00e4tigen, dass dieser \u201eAufenthalt\u201c nicht erforderlich gewesen w\u00e4re. Dann h\u00e4tten die sich das ja auch nicht bezahlen lassen d\u00fcrfen\u2026 und ist ja quasi eine gute Gesch\u00e4ftsbeziehung, zur Polizei\u2026<\/p>\n\n\n\n<p>Ganz normales Verhalten von normalen \u00c4rzten in einer normalen Klinik!?<\/p>\n\n\n\n<p>Zwischenzeitlich hatte die Polizei meine Wohnung in meiner Abwesenheit verw\u00fcstet und mehrere Gegenst\u00e4nde zerst\u00f6rt und weitere mitgenommen aber nicht protokolliert &#8211; sprich gestohlen.<\/p>\n\n\n\n<p>Nach einem normalen Polizeieinsatz?<\/p>\n\n\n\n<p>Entstehen so \u201ePsychiatrische Fehlbehandlungen\u201c bzw. Fehlentscheidungen?<\/p>\n\n\n\n<p>Ist das vielleicht ein \u00fcbliches Vorgehen der Polizei in solchen F\u00e4llen? Zu versuchen, das Opfer erst zu maltr\u00e4tieren und dann f\u00fcr noch bekloppter zu erkl\u00e4ren, als die es selber sind?<\/p>\n\n\n\n<p>Ist das Klinikpersonal befangen, weil die P ja schlie\u00dflich t\u00e4glich \u201eNachschub\u201c liefert (wie ich wortgetreu einen Pfleger fragte \u2013 und der mir wortlos grinsend zustimmte\u2026)?<\/p>\n","protected":false},"excerpt":{"rendered":"<p>R\u00fcckblende: Die P war sich der \u201eunsicheren\u201c Gesetzesinterpretation bewusst. Schlie\u00dflich habe ich die Polizei eindeutig auf meine Grundrechte hingewiesen und die haben mir auch keine sonstige Rechtsgrundlage (Durchsuchungsbeschluss, begr\u00fcndeter Einsatz, \u2026) nennen k\u00f6nnen, die deren weiteren \u201eEinsatz\u201c und Verhalten rechtfertigte. Zu diesem Zeitpunkt hatten sich schon mehrere P in Form einer bewaffneten Gruppe zur Terrorisierung [&hellip;]<\/p>\n","protected":false},"author":1,"featured_media":0,"parent":0,"menu_order":0,"comment_status":"closed","ping_status":"closed","template":"","meta":{"footnotes":""},"class_list":["post-424","page","type-page","status-publish","hentry","wpbf-post"],"_links":{"self":[{"href":"https:\/\/stoerpegel.de\/index.php\/wp-json\/wp\/v2\/pages\/424","targetHints":{"allow":["GET"]}}],"collection":[{"href":"https:\/\/stoerpegel.de\/index.php\/wp-json\/wp\/v2\/pages"}],"about":[{"href":"https:\/\/stoerpegel.de\/index.php\/wp-json\/wp\/v2\/types\/page"}],"author":[{"embeddable":true,"href":"https:\/\/stoerpegel.de\/index.php\/wp-json\/wp\/v2\/users\/1"}],"replies":[{"embeddable":true,"href":"https:\/\/stoerpegel.de\/index.php\/wp-json\/wp\/v2\/comments?post=424"}],"version-history":[{"count":3,"href":"https:\/\/stoerpegel.de\/index.php\/wp-json\/wp\/v2\/pages\/424\/revisions"}],"predecessor-version":[{"id":469,"href":"https:\/\/stoerpegel.de\/index.php\/wp-json\/wp\/v2\/pages\/424\/revisions\/469"}],"wp:attachment":[{"href":"https:\/\/stoerpegel.de\/index.php\/wp-json\/wp\/v2\/media?parent=424"}],"curies":[{"name":"wp","href":"https:\/\/api.w.org\/{rel}","templated":true}]}}