{"id":417,"date":"2021-04-18T13:41:23","date_gmt":"2021-04-18T13:41:23","guid":{"rendered":"https:\/\/stoerpegel.de\/?page_id=417"},"modified":"2021-04-18T13:41:24","modified_gmt":"2021-04-18T13:41:24","slug":"zahnmedizinerinnen","status":"publish","type":"page","link":"https:\/\/stoerpegel.de\/index.php\/zahnmedizinerinnen\/","title":{"rendered":"Zahnmediziner*innen"},"content":{"rendered":"\n<p>Was mir inzwischen mehr als klar geworden ist, ist die Tatsache, dass man im Zusammenhang mit unrechtfertigbarer Polizeigewalt gro\u00dfe Problem haben wird, Hilfe, Diagnosen, oder gar Heilung zu bekommen.<\/p>\n\n\n\n<p>Ein scheinbar banales Beispiel:<\/p>\n\n\n\n<p>Ich wurde aus der Klinik, in die mich die P nach dem zweiten Attentat brachte, entlassen mit dem Hinweis den Kiefer untersuchen zu lassen (sichtbarer Fehlstand).<\/p>\n\n\n\n<p>Ich gehe mit den Beschwerden zu einem Zahnarzt und bitte um eine R\u00f6ntgenaufnahme des Kiefers. Dies wird jedoch abgelehnt! (Ein Zahnarzt, der kein R\u00f6ntgenbild machen m\u00f6chte?) Er m\u00f6chte mir eine Schiene anpassen, die ich im Schlaf tragen soll. Erstmal keine Aufnahme \u2013 ohne Begr\u00fcndung, entgegen meiner Bitte.<\/p>\n\n\n\n<p>Wenigstens bekomme ich eine \u00dcberweisung zu einer Kieferorthop\u00e4din.<\/p>\n\n\n\n<p>Obwohl ich diese ebenso Bitte, die Ursache f\u00fcr die einseitigen Schmerzen und f\u00fcr jedermann wahrnehmbaren Ger\u00e4usche im Kiefergelenk zu ermitteln, m\u00f6chte diese mir eine weitere Schiene anpassen. Ich sage, ich habe schon eine mit fragw\u00fcrdiger Wirkung. Sie bietet mir zwei Behandlungsvarianten an: a) irgendwas mit Kinesiologie umfangreiche Diagnostik und dabei auch R\u00f6ntgenaufnahmen b) Schiene, sonst nichts und abwarten<\/p>\n\n\n\n<p>Ich sage, Variante a) klingt am besten. Ja, das kostet dann 320\u20ac, machen Sie dann bitte einen Termin aus\u2026<\/p>\n\n\n\n<p>Etwas \u00fcberfahren von der Verkaufsmasche stimme ich dem Termin eine Woche sp\u00e4ter zu. Ich \u00fcberdenke anschlie\u00dfend das \u201eAngebot\u201c und teile mit, dass ich doch erst mal die \u201eKassenleistung\u201c ausprobieren m\u00f6chte. Also wird auch hier eine Schiene angepasst, die ebenso unwirksam ist. R\u00f6ntgenaufnahmen werden trotz wiederholter Nachfrage meinerseits abgelehnt.<\/p>\n\n\n\n<p>Eigentlich kenne ich Zahn\u00e4rzte so, dass diese mindestens jedes zweite Mal selber nachfragen \u201ewann wurden denn die letzten Bilder gemacht\u201c und diese auch sehr oft machen. Aber nicht bei Polizeigewalt\u2026<\/p>\n","protected":false},"excerpt":{"rendered":"<p>Was mir inzwischen mehr als klar geworden ist, ist die Tatsache, dass man im Zusammenhang mit unrechtfertigbarer Polizeigewalt gro\u00dfe Problem haben wird, Hilfe, Diagnosen, oder gar Heilung zu bekommen. Ein scheinbar banales Beispiel: Ich wurde aus der Klinik, in die mich die P nach dem zweiten Attentat brachte, entlassen mit dem Hinweis den Kiefer untersuchen [&hellip;]<\/p>\n","protected":false},"author":1,"featured_media":0,"parent":0,"menu_order":0,"comment_status":"closed","ping_status":"closed","template":"","meta":{"footnotes":""},"class_list":["post-417","page","type-page","status-publish","hentry","wpbf-post"],"_links":{"self":[{"href":"https:\/\/stoerpegel.de\/index.php\/wp-json\/wp\/v2\/pages\/417","targetHints":{"allow":["GET"]}}],"collection":[{"href":"https:\/\/stoerpegel.de\/index.php\/wp-json\/wp\/v2\/pages"}],"about":[{"href":"https:\/\/stoerpegel.de\/index.php\/wp-json\/wp\/v2\/types\/page"}],"author":[{"embeddable":true,"href":"https:\/\/stoerpegel.de\/index.php\/wp-json\/wp\/v2\/users\/1"}],"replies":[{"embeddable":true,"href":"https:\/\/stoerpegel.de\/index.php\/wp-json\/wp\/v2\/comments?post=417"}],"version-history":[{"count":1,"href":"https:\/\/stoerpegel.de\/index.php\/wp-json\/wp\/v2\/pages\/417\/revisions"}],"predecessor-version":[{"id":418,"href":"https:\/\/stoerpegel.de\/index.php\/wp-json\/wp\/v2\/pages\/417\/revisions\/418"}],"wp:attachment":[{"href":"https:\/\/stoerpegel.de\/index.php\/wp-json\/wp\/v2\/media?parent=417"}],"curies":[{"name":"wp","href":"https:\/\/api.w.org\/{rel}","templated":true}]}}