{"id":339,"date":"2020-12-14T23:01:04","date_gmt":"2020-12-14T23:01:04","guid":{"rendered":"https:\/\/stoerpegel.de\/?page_id=339"},"modified":"2020-12-20T17:48:00","modified_gmt":"2020-12-20T17:48:00","slug":"und-so-geht-es-weiter","status":"publish","type":"page","link":"https:\/\/stoerpegel.de\/index.php\/und-so-geht-es-weiter\/","title":{"rendered":"Und so geht es weiter&#8230;"},"content":{"rendered":"\n<p>Am 30.04.2020 bekomme ich folgendes Schreiben der Staatsanwaltschaft Bielefeld als Reaktion auf meine Anzeigen gegen die Polizist*innen der Kreispolizei G\u00fctersloh vom 23.09.2019 &#8211; nach der stundenlangen &#8222;Anwendung von Gewalt&#8220; an gefesselter Person&#8230;<br><br>Auch hier werde ich nicht nach Vorlage meiner genannten Beweise gefragt, nicht einmal nach meinen genauen Verletzungen. Die vier Polizist*innen werden angeh\u00f6rt, erg\u00e4nzend zu seitenlangen Polizeibericht(en).<br><br>7 Monate nach Anzeige der ersten Polizist*innen, 3 Monate nach dem zweiten folgenreichen Einsatz vom 18.01.2020 und&#8230;<br><br><br><span class=\"has-inline-color has-vivid-red-color\">&#8230;12 Tage NACH der Erstattung der <a href=\"https:\/\/stoerpegel.de\/index.php\/18-01-2020-polizeieinsatz-der-dritte\/\" data-type=\"URL\" data-id=\"https:\/\/stoerpegel.de\/index.php\/18-01-2020-polizeieinsatz-der-dritte\/\">Strafantr\u00e4ge gegen 11 WEITERE Polizist*innen:<\/a><\/span><br><br><\/p>\n\n\n\n<p class=\"has-cyan-bluish-gray-background-color has-background\">Ermittlungsverfahren gegen PK KXXXXXX u.a.<br>wegen K\u00f6rperverletzung im Amt u.a.<br><br>Datum der Strafanzeigen: 23.09.2019<br><br>Sehr geehrter Herr K\u00f6llerwirth,<br><br>das Ermittlungsverfahren habe ich gem\u00e4\u00df $ 170 Abs. 2 der Strafprozessordnung eingestellt, da ein hinreichender Tatverdacht nicht festgestellt werden konnte.<br>Beweismittel, die eine bedenkenfreie \u00dcberf\u00fchrung erm\u00f6glichen k\u00f6nnten, liegen nicht vor.<br><br>(\u2026)<br><br>Die beschuldigten Polizeibeamten wurden angeh\u00f6rt und der zugrundeliegende Vorgang ausgewertet.<br><br>(\u2026)<br><br>Nach Pr\u00fcfung des Sachverhaltes ist ein strafbares Verhalten hier nicht nachzuweisen, da die polizeilichen Ma\u00dfnahmen durch die polizeilichen bzw. strafprozessualen Eingriffsbefugnisse gedeckt waren.<br><br>(\u2026)<br><br>Damit waren die polizeilichen Ma\u00dfnahmen nur mit Hilfe von unmittelbaren Zwang im Sinne des \u00a7 58 PolG NRW durchzusetzen.<br>Soweit es im Rahmen der Aus\u00fcbung des unmittelbaren Zwanges zu K\u00f6rperverletzungen zu Ihrem Nachteil gekommen ist, waren diese Auswirkungen unbeabsichtigte Folgen Ihrer Gegenwehr und als solche ebenfalls nach $$ 50,55 PolG NRW gerechtfertigt.<br>Dabei ist zu ber\u00fccksichtigen, dass zu Gunsten der Polizeibeamten grunds\u00e4tzlich auf eine ex ante Sichtweise abzustellen ist. Mithin kommt es darauf an, welche Ma\u00dfnahmen die Polizeibeamten in der gegebenen Situation f\u00fcr erforderlich halten durften.<br><br>Soweit es den Vorwurf der K\u00f6rperverletzung im Amt betrifft, weise ich auf die nachfolgende Rechtsmittelbelehrung hin.<br><br>Hochachtungsvoll<br><br>XXX<br><br>Oberstaatsanw\u00e4ltin<\/p>\n\n\n\n<p>20.12.2020: <a href=\"https:\/\/stoerpegel.de\/index.php\/2020\/12\/20\/offener-brief-20-12-2020-per-e-mail\/\">Offener Brief versendet<\/a> + <a rel=\"noreferrer noopener\" href=\"https:\/\/www.youtube.com\/watch?v=Pw6SIurGKE0\" target=\"_blank\">Bildsequenz der Verletzungen ver\u00f6ffentlicht<\/a><\/p>\n","protected":false},"excerpt":{"rendered":"<p>Am 30.04.2020 bekomme ich folgendes Schreiben der Staatsanwaltschaft Bielefeld als Reaktion auf meine Anzeigen gegen die Polizist*innen der Kreispolizei G\u00fctersloh vom 23.09.2019 &#8211; nach der stundenlangen &#8222;Anwendung von Gewalt&#8220; an gefesselter Person&#8230; Auch hier werde ich nicht nach Vorlage meiner genannten Beweise gefragt, nicht einmal nach meinen genauen Verletzungen. Die vier Polizist*innen werden angeh\u00f6rt, erg\u00e4nzend [&hellip;]<\/p>\n","protected":false},"author":1,"featured_media":0,"parent":0,"menu_order":0,"comment_status":"closed","ping_status":"closed","template":"","meta":{"footnotes":""},"class_list":["post-339","page","type-page","status-publish","hentry","wpbf-post"],"_links":{"self":[{"href":"https:\/\/stoerpegel.de\/index.php\/wp-json\/wp\/v2\/pages\/339","targetHints":{"allow":["GET"]}}],"collection":[{"href":"https:\/\/stoerpegel.de\/index.php\/wp-json\/wp\/v2\/pages"}],"about":[{"href":"https:\/\/stoerpegel.de\/index.php\/wp-json\/wp\/v2\/types\/page"}],"author":[{"embeddable":true,"href":"https:\/\/stoerpegel.de\/index.php\/wp-json\/wp\/v2\/users\/1"}],"replies":[{"embeddable":true,"href":"https:\/\/stoerpegel.de\/index.php\/wp-json\/wp\/v2\/comments?post=339"}],"version-history":[{"count":7,"href":"https:\/\/stoerpegel.de\/index.php\/wp-json\/wp\/v2\/pages\/339\/revisions"}],"predecessor-version":[{"id":369,"href":"https:\/\/stoerpegel.de\/index.php\/wp-json\/wp\/v2\/pages\/339\/revisions\/369"}],"wp:attachment":[{"href":"https:\/\/stoerpegel.de\/index.php\/wp-json\/wp\/v2\/media?parent=339"}],"curies":[{"name":"wp","href":"https:\/\/api.w.org\/{rel}","templated":true}]}}