{"id":257,"date":"2020-11-30T16:27:06","date_gmt":"2020-11-30T16:27:06","guid":{"rendered":"https:\/\/stoerpegel.de\/?page_id=257"},"modified":"2020-12-14T17:12:45","modified_gmt":"2020-12-14T17:12:45","slug":"7-monate-ruhe","status":"publish","type":"page","link":"https:\/\/stoerpegel.de\/index.php\/7-monate-ruhe\/","title":{"rendered":"7 Monate Ruhe?!"},"content":{"rendered":"\n<p>In den n\u00e4chsten Tagen habe ich bei der Polizei in Steinhagen angerufen, um klarzustellen, dass ich wiederholten Falschbeschuldigungen der Nachbarn ausgeliefert bin und die Polizei darauf jeweils falsch und voreingenommen reagiert. Ich habe darum gebeten, dieses Gespr\u00e4ch zu protokollieren, was abgelehnt wurde (\u201edann m\u00fcssen Sie schon zu uns kommen und Anzeige erstatten, ich nehme nichts zu Protokoll\u201c).<\/p>\n\n\n\n<p>Es ist f\u00fcr mich nat\u00fcrlich eine Zumutung, nach den Erlebnissen zur Polizei zu gehen, daher entscheide ich mich dazu, meine ersten Online-Anzeigen am Ende der 3-Monats-Frist am 23.09.2019 \u00fcber das NRW-Portal zu erstellen:<\/p>\n\n\n\n<p> <\/p>\n\n\n\n<p class=\"has-text-align-left has-background\" style=\"background-color:#dfdfdf\">1.: Unerlaubter Zutritt in meine Wohnung sowie vollst\u00e4ndige Durchsuchung s\u00e4mtlicher R\u00e4ume inkl. Keller, obwohl ich diesem vehement Widersprach. Es wurde absolutes Chaos hinterlassen. Auch der Zeitraum der Durchsuchung ist nicht zul\u00e4ssig.<br><br>2.: Aufgrund vielfacher K\u00f6rperverletzung im Rahmen eines Gewaltexzesses der Polizisten, Beleidigung (z.B. &#8222;Du Arschloch&#8220;, &#8222;fr\u00fcher sahst Du doch noch ganz vern\u00fcnftig aus&#8220;) und Dem\u00fctigung (Entf\u00fchrung aus der Wohnung in Socken, Unterhose und T-Shirt) durch P1 bis P3 und Unterlass dieses zu unterbinden bzw. ohne zu Deeskalieren P4 habe ich eine schwere PTBS (Posttraumatisches Belastungs-Syndrom) erlitten.<br>Weitere K\u00f6rperverletzungen:<br><br>Es wurden grundlos verschiedene Methoden der Schmerzzuf\u00fchrung an mir vorgef\u00fchrt bzw. getestet (P1 und P2) &#8211; Arme und Finger verdreht. P3 dr\u00fcckte und drehte mir ein T-f\u00f6rmiges etwa 10x5cm gro\u00dfes silbernes Folterinstrument 4 bis 6 mal im Abstand von ca. 3cm auf den linken Spann.<br><br>Trotz der Mitteilung, dass ich unter Klaustrophobie leide extrem bedr\u00e4ngt und sogar gefesselt (H\u00e4nde und F\u00fc\u00dfe) sowie kopf\u00fcber zwischen zwei Polizisten in den hinteren Fu\u00dfraum gestopft.<br><br>P1 schlug mir mit voller Wucht 4-mal hintereinander stark auf die rechte Schl\u00e4fe, bis ich ohnm\u00e4chtig wurde.<br><br>Tritt mit voller Gewalt seitlich gegen das rechte Knie &#8211; P2<br><br>Auf dem Bauch liegend mit den Knien in den R\u00fccken gedr\u00fcckt und dabei meinen Kopf verdreht &#8211; P1<br><br>Auf dem R\u00fcckend liegend sa\u00df P1 auf meinem Bauch, mit vollem K\u00f6rpergewicht die Knie auf den Oberarmen gedr\u00fcckt und hin- und hergerutscht. P2 stand auf meinen Handgelenken und ein weiterer Polizist (P3) hielt die Beine.<br><br>Damit ich nicht weiter um Hilfe rufen konnte, dr\u00fcckte ein Polizist mir stark seinen Daumen unterhalb des Kehlkopfes auf den Hals, bis ich keine Luft mehr bekam &#8211; P1<br><br>Kabelbinder viel zu stramm um die Beine gelegt und keine Lockerung trotz mehrmaligem Hinweis meinerseits..<br><br>3.: Sachbesch\u00e4digung durch die Polizisten im Rahmen der unzul\u00e4ssigen Wohnungs- und Kellerdurchsuchung.<br><br>4.: Herr G. schlug und trat unabl\u00e4ssig gegen meine Wohnungst\u00fcr. Dabei schrie er rum und beleidigte und bedrohte mich (inhaltlich: &#8222;Komm raus du Arschloch, damit ich Dir die Fresse polieren kann&#8220;). Obwohl ich rief, dass er damit aufh\u00f6ren solle, machte dieser weiter bis die Polizei erschien (die dann wohl genauso gegen die T\u00fcr trat und schlug).<\/p>\n\n\n\n<p>Die Beweismittel wurden in dem jeweiligen Feld eingetragen, jede Anzeige habe ich einzeln durch den Formularprozess gezogen, also 4 einzelne Anzeigen abgegeben.<\/p>\n\n\n\n<p> <\/p>\n\n\n<p><br class=\"\u201cclear\u201d\"><\/p>\n\n\n<p>Ich frage danach bei dem NRW-Portal an, unter welchem Aktenzeichen die Anzeigen gef\u00fchrt werden. Es erfolgt der Verweis auf die \u00f6rtlich zugewiesene Polizeidienststelle (G\u00fctersloh), diesen werden die Online-Anzeigen zur Erstbearbeitung zugewiesen\u2026 auch bei Anzeigen gegen Polizist*innen aus den eigenen Reihen\u2026<\/p>\n\n\n\n<p> <\/p>\n\n\n\n<p>Ein Anruf bei der Kreispolizeibeh\u00f6rde G\u00fctersloh ergibt, dass es nur ein Aktenzeichen f\u00fcr alle 4 F\u00e4lle gibt. Dieses wird mir dann endlich nach mehrfachem Nachfragen genannt.<\/p>\n\n\n<p><br class=\"\u201cclear\u201d\"><\/p>\n\n\n<p>Darauf schreibe ich das LKA (Landeskriminalamt) an:<br> <\/p>\n\n\n\n<p> <\/p>\n\n\n\n<p><\/p>\n\n\n\n<p class=\"has-background\" style=\"background-color:#dfdfdf\"><strong>Gesendet:<\/strong> Mittwoch, 25. September 2019 17:04<br><strong>An:<\/strong> F LKA Poststelle<br><strong>Betreff:<\/strong> Anzeige gegen \u00fcberm\u00e4\u00dfig gewaltt\u00e4tige Polizisten erstattet<br><br>Sehr geehrte Damen und Herren,<br><br>ich konnte in Erfahrung bringen, dass aufgrund der mir von der Polizei G\u00fctersloh zugef\u00fcgten K\u00f6rperverletzung vom 23.06.2019 nun auch diese die von mir erstellten Anzeigen gegen die Polizisten bearbeitet.<br><br>Es ist aus meiner Sicht unhaltbar, dass die eigene Stelle gegen sich ermitteln soll, da ich mich massiven, infamen Unterstellungen der Polizisten ausgesetzt sehe und diese ein falsches Protokoll erstellten. Ist es Ihnen m\u00f6glich, dieses Verfahren zu \u00fcbernehmen, begleiten und\/oder zu \u00fcberwachen? Nur so k\u00f6nnte aus meiner Sicht ein faires Verfahren durchgef\u00fchrt werden.<br><br>Das Aktenzeichen der Anzeigen sowohl gegen die Polizei als auch gegen meinen Nachbarn lautet XXXXXXXX.<br><br>Ich bedanke mich im Voraus f\u00fcr Ihre M\u00fche und w\u00fcrde mich \u00fcber Ihre baldige R\u00fcckmeldung sehr freuen.<br><br>Mit freundlichen Gr\u00fc\u00dfen<br><br>Dipl.-Ing.(FH) Markus K\u00f6llerwirth<\/p>\n\n\n\n<p> <\/p>\n\n\n\n<p><\/p>\n\n\n\n<p>und bekomme zeitnah diese Antwort:<br> <\/p>\n\n\n<p><br class=\"\u201cclear\u201d\"><\/p>\n\n\n<p> <\/p>\n\n\n\n<p><\/p>\n\n\n\n<p class=\"has-cyan-bluish-gray-background-color has-background\">Sehr geehrter Herr K\u00f6llerwirth,<br>das von Ihnen genannte polizeiliche Aktenzeichen XXXXXXXXXXXX wird zun\u00e4chst zur rechtlichen W\u00fcrdigung an die Staatsanwaltschaft Bielefeld, als Herrin des Ermittlungsverfahrens, \u00fcbersandt.<br>Wird dort der Anfangsverdacht einer Straftat gem. \u00a7 152 Abs. 2 StP0 bejaht, werden die Ermittlungen gegen die Polizeibeamten gem. Kriminalhauptstellenverordnung zust\u00e4ndigkeitshalber in der KPB Bielefeld gef\u00fchrt.<br><br>Mit freundlichen Gr\u00fc\u00dfen<br><br>Im Auftrag<br><br>XXXXXX<br><br>Kriminalhauptkommissarin<br>Landeskriminalamt Nordrhein-Westfalen<\/p>\n\n\n\n<p>.<\/p>\n\n\n\n<p>.<\/p>\n\n\n\n<p><\/p>\n\n\n\n<p>Fristgerecht reiche ich dann auch am 01.10.2019 die Anzeige gegen die Polizistin ein. Diese hatte mich ja am 01.07.2019 mit erneuter K\u00f6rperverletzung bedroht &#8222;das mache ich gerne wieder&#8230;&#8220;, nachdem diese mir die Woche zuvor K\u00f6rperverletzung zugef\u00fcgt hatte. Auch bei dieser Online-Anzeige ist es nicht m\u00f6glich und auch nicht erforderlich, Beweismittel beizulegen (was ich bestimmt auch nicht tun w\u00fcrde). Jedoch habe ich es als vorhandene &#8222;Aufnahme&#8220; aufgef\u00fchrt.<br>Eine R\u00fcckfrage (bei mir) erfolgte nicht.<\/p>\n\n\n\n<p>Die Reaktion nach gut zwei Wochen der Staatsanwaltschaft Bielefeld, 18.10.2019:<\/p>\n\n\n\n<figure class=\"wp-block-image size-large is-resized\"><a href=\"https:\/\/stoerpegel.de\/wp-content\/uploads\/2020\/11\/191018-Aberkennung-Strafanzeige-Ausschnitt.png\"><img loading=\"lazy\" decoding=\"async\" src=\"https:\/\/stoerpegel.de\/wp-content\/uploads\/2020\/11\/191018-Aberkennung-Strafanzeige-Ausschnitt-1024x403.png\" alt=\"\" class=\"wp-image-273\" width=\"999\" height=\"393\" srcset=\"https:\/\/stoerpegel.de\/wp-content\/uploads\/2020\/11\/191018-Aberkennung-Strafanzeige-Ausschnitt-1024x403.png 1024w, https:\/\/stoerpegel.de\/wp-content\/uploads\/2020\/11\/191018-Aberkennung-Strafanzeige-Ausschnitt-300x118.png 300w, https:\/\/stoerpegel.de\/wp-content\/uploads\/2020\/11\/191018-Aberkennung-Strafanzeige-Ausschnitt-768x302.png 768w, https:\/\/stoerpegel.de\/wp-content\/uploads\/2020\/11\/191018-Aberkennung-Strafanzeige-Ausschnitt.png 1087w\" sizes=\"auto, (max-width: 999px) 100vw, 999px\" \/><\/a><\/figure>\n\n\n\n<figure class=\"wp-block-audio\"><audio controls src=\"https:\/\/stoerpegel.de\/wp-content\/uploads\/2020\/11\/20190701_015832-Polizei-KV-gerne-nochmal.mp3\"><\/audio><figcaption>K\u00f6rperverletzung? Mache ich gerne nochmal!<\/figcaption><\/figure>\n\n\n\n<p>Hier nochmal der Text:<\/p>\n\n\n\n<p class=\"has-cyan-bluish-gray-background-color has-background\">Sehr geehrter Herr K\u00f6llerwirth,<br><br>die von Ihnen beantragte Einleitung eines Ermittlungsverfahrens setzt nach \u00a7 152 Abs. 2 der Strafprozessordnung voraus, dass zureichende tats\u00e4chliche Anhaltspunkte f\u00fcr das Vorliegen einer verfolgbaren Straftat bestehen. Diese Anhaltspunkte m\u00fcssen sich auf den objektiven und subjektiven Tatbestand eines Strafgesetzes beziehen.<br>Ihrem Vorbringen vermag ich solche Anhaltspunkte nicht zu entnehmen. Der geschilderte Sachverhalt f\u00e4llt unter keine strafrechtliche Vorschrift.<br><br>Die Einleitung von Ermittlungen kommt deshalb nicht in Betracht.<br><br>Hochachtungsvoll<br><br>XXX<br><br>Oberstaatsanwalt<\/p>\n","protected":false},"excerpt":{"rendered":"<p>In den n\u00e4chsten Tagen habe ich bei der Polizei in Steinhagen angerufen, um klarzustellen, dass ich wiederholten Falschbeschuldigungen der Nachbarn ausgeliefert bin und die Polizei darauf jeweils falsch und voreingenommen reagiert. Ich habe darum gebeten, dieses Gespr\u00e4ch zu protokollieren, was abgelehnt wurde (\u201edann m\u00fcssen Sie schon zu uns kommen und Anzeige erstatten, ich nehme nichts [&hellip;]<\/p>\n","protected":false},"author":1,"featured_media":0,"parent":0,"menu_order":0,"comment_status":"closed","ping_status":"closed","template":"","meta":{"footnotes":""},"class_list":["post-257","page","type-page","status-publish","hentry","wpbf-post"],"_links":{"self":[{"href":"https:\/\/stoerpegel.de\/index.php\/wp-json\/wp\/v2\/pages\/257","targetHints":{"allow":["GET"]}}],"collection":[{"href":"https:\/\/stoerpegel.de\/index.php\/wp-json\/wp\/v2\/pages"}],"about":[{"href":"https:\/\/stoerpegel.de\/index.php\/wp-json\/wp\/v2\/types\/page"}],"author":[{"embeddable":true,"href":"https:\/\/stoerpegel.de\/index.php\/wp-json\/wp\/v2\/users\/1"}],"replies":[{"embeddable":true,"href":"https:\/\/stoerpegel.de\/index.php\/wp-json\/wp\/v2\/comments?post=257"}],"version-history":[{"count":22,"href":"https:\/\/stoerpegel.de\/index.php\/wp-json\/wp\/v2\/pages\/257\/revisions"}],"predecessor-version":[{"id":324,"href":"https:\/\/stoerpegel.de\/index.php\/wp-json\/wp\/v2\/pages\/257\/revisions\/324"}],"wp:attachment":[{"href":"https:\/\/stoerpegel.de\/index.php\/wp-json\/wp\/v2\/media?parent=257"}],"curies":[{"name":"wp","href":"https:\/\/api.w.org\/{rel}","templated":true}]}}