{"id":231,"date":"2020-11-29T13:21:02","date_gmt":"2020-11-29T13:21:02","guid":{"rendered":"https:\/\/stoerpegel.de\/?page_id=231"},"modified":"2022-10-15T11:36:43","modified_gmt":"2022-10-15T11:36:43","slug":"01-07-2019-0158-uhr","status":"publish","type":"page","link":"https:\/\/stoerpegel.de\/index.php\/01-07-2019-0158-uhr\/","title":{"rendered":"01.07.2019, 01:58 Uhr"},"content":{"rendered":"\n<p>Durch die Verletzungen am Knie ist mein rechtes Bein geschient, und ich kann mich nur schwerlich und stark humpelnd trotz Gehhilfen bewegen. Eine dieser Verletzungen alleine w\u00fcrde die Meisten arbeitsunf\u00e4hig machen, ich habe davon vielfache. In der Wohnung sind noch immer viele Spuren des Polizeieinsatzes sichtbar, da ich mich kaum bewegen kann.<\/p>\n\n\n\n<p>Ich liege schon l\u00e4ngere Zeit im Bett, als in der Nacht von Sonntag auf Montag, den 01.07.2019 um 01:58 Uhr gegen meine Wohnungst\u00fcr gepoltert wird.<\/p>\n\n\n\n<p>Hochgeschreckt von dem L\u00e4rm.<\/p>\n\n\n\n<p>Ist das wieder der Nachbar, der mich eine Woche zuvor bedroht hat, bis die Polizei kam?<\/p>\n\n\n\n<p>Oder ist es wieder die Polizei?<\/p>\n\n\n\n<p>Ich ziehe mich aus dem Bett und stehe mit den Kr\u00fccken auf. Mein Handy schalte ich auf Aufnahme und qu\u00e4le mich aus dem Schlafzimmer, durch das Wohnzimmer in den Wohnungsflur.<\/p>\n\n\n\n<p>Da diese Aufnahme auch die ausdr\u00fcckliche Zustimmung der (namentlich bekannten) Polizistin enth\u00e4lt, darf ich diese ver\u00f6ffentlichen&#8230;<\/p>\n\n\n\n<p>Dieser &#8222;Einsatz&#8220; wurde den Gerichtsakten vollkommen &#8222;vorenthalten&#8220; &#8211; wohl, weil durch die \u00c4u\u00dferung: K\u00f6rperverletzung? &#8222;Mache ich gerne wieder&#8220; deren VORSATZ bei dem 3-st\u00fcndigen Gewaltexzess eine Woche zuvor und sogar die &#8222;Rachetat&#8220; vom 18.01.2020 als ANGEK\u00dcNDIGT belegt werden k\u00f6nnte &#8211; und die anschlie\u00dfend sogar versuchen, diese Polizistin aus dem weiteren Geschehen &#8211; vors\u00e4tzliche K\u00d6RPERVERLETZUNGEN an wehrloser, fixierter, schwer verletzter Person &#8211; FOLTER, MORDVERSUCHE &#8211; &#8222;herauszudichten&#8220;&#8230; und deren bislang begangenen und zur Anzeige bzw. per Strafantrag mitgeteilten Falschaussagen vor Gericht werden &#8222;bislang&#8220; ebensowenig verfolgt&#8230;<\/p>\n\n\n\n<p>Und wieder wird mir Ruhest\u00f6rung vorgeworfen, die ich nicht begangen haben kann, welche WIEDER von DENEN ausgeht!<\/p>\n\n\n\n<p>Aber die Polizistin: &#8222;Dann w\u00e4ren wir ja nicht gerufen worden&#8220;&#8230;<\/p>\n\n\n\n<p><\/p>\n\n\n\n<figure class=\"wp-block-video\"><video controls src=\"https:\/\/stoerpegel.de\/wp-content\/uploads\/2022\/10\/Bedrohung.mp4\"><\/video><\/figure>\n\n\n\n<p> <\/p>\n\n\n\n<p>Hier zum &#8222;Faktencheck f\u00fcr Interessierte&#8220; die unver\u00e4nderte Originalaufnahme zum Download:<\/p>\n\n\n\n<div class=\"wp-block-file\"><a id=\"wp-block-file--media-92d43332-3d5c-4bd4-9594-858d66953752\" href=\"https:\/\/stoerpegel.de\/wp-content\/uploads\/2022\/10\/20190701_015832.mp4\">20190701_015832<\/a><a href=\"https:\/\/stoerpegel.de\/wp-content\/uploads\/2022\/10\/20190701_015832.mp4\" class=\"wp-block-file__button\" download aria-describedby=\"wp-block-file--media-92d43332-3d5c-4bd4-9594-858d66953752\">Herunterladen<\/a><\/div>\n","protected":false},"excerpt":{"rendered":"<p>Durch die Verletzungen am Knie ist mein rechtes Bein geschient, und ich kann mich nur schwerlich und stark humpelnd trotz Gehhilfen bewegen. Eine dieser Verletzungen alleine w\u00fcrde die Meisten arbeitsunf\u00e4hig machen, ich habe davon vielfache. In der Wohnung sind noch immer viele Spuren des Polizeieinsatzes sichtbar, da ich mich kaum bewegen kann. Ich liege schon [&hellip;]<\/p>\n","protected":false},"author":1,"featured_media":0,"parent":0,"menu_order":0,"comment_status":"open","ping_status":"closed","template":"","meta":{"footnotes":""},"class_list":["post-231","page","type-page","status-publish","hentry","wpbf-post"],"_links":{"self":[{"href":"https:\/\/stoerpegel.de\/index.php\/wp-json\/wp\/v2\/pages\/231","targetHints":{"allow":["GET"]}}],"collection":[{"href":"https:\/\/stoerpegel.de\/index.php\/wp-json\/wp\/v2\/pages"}],"about":[{"href":"https:\/\/stoerpegel.de\/index.php\/wp-json\/wp\/v2\/types\/page"}],"author":[{"embeddable":true,"href":"https:\/\/stoerpegel.de\/index.php\/wp-json\/wp\/v2\/users\/1"}],"replies":[{"embeddable":true,"href":"https:\/\/stoerpegel.de\/index.php\/wp-json\/wp\/v2\/comments?post=231"}],"version-history":[{"count":12,"href":"https:\/\/stoerpegel.de\/index.php\/wp-json\/wp\/v2\/pages\/231\/revisions"}],"predecessor-version":[{"id":852,"href":"https:\/\/stoerpegel.de\/index.php\/wp-json\/wp\/v2\/pages\/231\/revisions\/852"}],"wp:attachment":[{"href":"https:\/\/stoerpegel.de\/index.php\/wp-json\/wp\/v2\/media?parent=231"}],"curies":[{"name":"wp","href":"https:\/\/api.w.org\/{rel}","templated":true}]}}