{"id":117,"date":"2020-11-26T15:27:00","date_gmt":"2020-11-26T15:27:00","guid":{"rendered":"https:\/\/stoerpegel.de\/?page_id=117"},"modified":"2020-12-14T21:35:07","modified_gmt":"2020-12-14T21:35:07","slug":"richtiges-verhalten","status":"publish","type":"page","link":"https:\/\/stoerpegel.de\/index.php\/richtiges-verhalten\/","title":{"rendered":"Richtiges Verhalten"},"content":{"rendered":"\n<h2 class=\"wp-block-heading\">Wie verhalte ich mich richtig, wenn ich der Polizei begegne?<\/h2>\n\n\n\n<pre class=\"wp-block-verse\">\"Wenn man keine Ahnung hat, einfach mal die Fresse halten\"<\/pre>\n\n\n\n<p>Zuerst ist es wichtig zu wissen, was ich \u00fcberhaupt sagen MUSS. In der Regel ist schnell auf die Frage &#8222;Wissen Sie, warum wir Sie angesprochen haben&#8220; eine Antwort gegeben, die gegen einen verwendet werden kann. Daher sagen Sie hier einfach nur &#8222;Nein, ist mir nicht bekannt&#8220;. Schlie\u00dflich ist die Polizei auf Sie zugekommen und diese muss ihr Vorhaben begr\u00fcnden &#8211; dabei m\u00f6chte man ja nicht behilflich sein oder gar sich selbst belasten. Es w\u00e4re sogar zul\u00e4ssig, die Beamten anzul\u00fcgen, da man ja nicht als Zeuge vor Gericht befragt wird. Aber genauso wie L\u00fcgen sind besonders schlagfertige Antworten einer kurzen und folgenlosen Ma\u00dfnahme abtr\u00e4glich.<\/p>\n\n\n\n<p>Sind Sie nicht allein, so sollte auch die Begleitung aufpassen, was diese sagt. Es kann schnell eine Aussage getroffen werden, die sich selbst oder andere belastet. Dann kann die Begleitung als Zeuge vorgeladen werden oder wird selbst beschuldigt.<\/p>\n\n\n\n<p>Es sind die zul\u00e4ssigen Mittel im Normalfall: Personenfeststellung (Ausweis zeigen, Name, Wohnsitz, Geburtstag und -ort, Staatsangeh\u00f6rigkeit), im Stra\u00dfenverkehr auch eine Fahrzeugkontrolle (wenn Verbandkasten, Warndreieck und Warnweste im Innenraum und nicht im Kofferraum liegen, ist dieser f\u00fcr die Polizei tabu). Alkohol- oder Drogentests sind erstmal freiwillig, es kann jedoch bei Verdacht eine Blutprobe auf dem Revier angeordnet werden. Jede weitere Ma\u00dfnahme darf nicht grundlos durchgef\u00fchrt werden, aber da findet sich dann je nach Charakter der Polizist*innen manche phantasievolle Geschichte. Daher ist eine Aufzeichnung als objektiver Beweis immer empfehlenswert, auch wenn Zeugen anwesend sind.<\/p>\n\n\n\n<p>F\u00fchren die Polizist*innen weitere (unzul\u00e4ssige) Ma\u00dfnahmen durch, so widersprechen Sie diesen klar. Denn Schweigen w\u00fcrde sonst als Zustimmung gewertet.<\/p>\n\n\n\n<p><\/p>\n\n\n\n<p>SIE werden als Opfer angezeigt!<\/p>\n\n\n\n<p>Werden Sie beschuldigt und bekommen einen Fragebogen oder einen Termin zur Anh\u00f6rung zugeschickt, so m\u00fcssen Sie darauf nicht Antworten und auch nicht bei der Polizei erscheinen! Denn es gilt: Jede Aussage kann (und wird) zu Ihrem Nachteil ausgelegt werden. Auch sind zu diesem Zeitpunkt die Berichte ausschlie\u00dflich der Polizei bekannt, so dass diese noch nicht &#8222;in Stein gemei\u00dfelt&#8220; sind. Daher scheint es fast schon menschlich, wenn die Polizist*innen versuchen w\u00fcrden, sich in gutes Licht zu r\u00fccken, indem Berichte anschlie\u00dfend &#8222;angepasst&#8220; werden. Daher sollte man zu einer Anh\u00f6rung nicht gehen und Frageb\u00f6gen unbeantwortet lassen (nur die Angaben zur Person sind verpflichtend). Es wird Ihnen unter den Fingern\u00e4geln brennen, die Anschuldigungen zu widerlegen &#8211; es ist jedoch zwingend erforderlich, hier keine Informationen preiszugeben. Selbst ein Anruf bei der Polizei kann als Aktenvermerk eingehen und gegen Sie verwendet werden. Erst wenn die Berichte bei der Staatsanwaltschaft &#8211; oder besser bei dem eigenen Anwalt &#8211; gelandet sind, sollte eine Manipulation ausgeschlossen sein. Je nach Schwere des Vorwurfs ist anwaltliche Hilfe erforderlich, um Akteneinsicht in die Ermittlungsakten zu bekommen und sich auf ein Gerichtsverfahren vorbereiten zu k\u00f6nnen.<\/p>\n\n\n\n<p><\/p>\n\n\n\n<p>Sollte die Polizei in Ihre Wohnung eindringen wollen, so ist dies ohne Durchsuchungsbeschluss oder bestehender &#8222;Gefahr in Verzug&#8220; unzul\u00e4ssig. Es ist eine Personenfeststellung m\u00f6glich, das Betreten der Wohnung jedoch nicht ohne Ihre Einwilligung. Betreten diese trotzdem Ihre Wohnung, so \u00e4u\u00dfern Sie Ihren Widerspruch (der dokumentiert werden muss). Reden Sie nicht mit den Beamten und unterschreiben Sie NICHTS. <\/p>\n\n\n\n<p>Selbst wenn Sie in Gewahrsam genommen werden, sagen Sie nichts! Warten Sie, bis Ihr Anwalt da ist.<\/p>\n\n\n\n<p><\/p>\n\n\n\n<p><\/p>\n\n\n\n<p>Darf mir die Polizei das Handy wegnehmen bzw. Aufzeichnungen untersagen?<\/p>\n\n\n\n<p>jein, kommt auf den Fall an<br>Einen guten \u00dcberblick bietet: <a href=\"https:\/\/de.wikibooks.org\/wiki\/Rechte_und_Pflichten_im_Umgang_mit_der_Polizei\/_Filmen_von_Polizeieins%C3%A4tzen\" target=\"_blank\" rel=\"noreferrer noopener\">https:\/\/de.wikibooks.org\/wiki\/Rechte_und_Pflichten_im_Umgang_mit_der_Polizei\/_Filmen_von_Polizeieins%C3%A4tzen<\/a><\/p>\n\n\n\n<p><\/p>\n\n\n\n<p><\/p>\n\n\n\n<p>Darf ich die Polizei filmen?<\/p>\n\n\n\n<p>Auch wenn es widerspr\u00fcchliche Urteile gibt, sehe ich es als empfehlenswert an, jeden Polizeieinsatz &#8211; und sei es eine normale Verkehrskontrolle &#8211; zu filmen. Geschehen diese Aufnahmen f\u00fcr die Polizei unsichtbar, so ist nichts zu bef\u00fcrchten. Filmt man jedoch sichtbar, wird man schnell zur Zielscheibe. Da jedoch die Verwertung polizeilicher Aufnahmen (sofern es diese gibt) in deren eigenen H\u00e4nden liegt und keine neutrale Stelle dazwischen ist, kann man sich nicht auf deren Videomaterial berufen. Zur Herstellung einer Waffengleichheit ist meiner Meinung nach jede Aufzeichnung Gold wert (ungeachtet von m\u00f6glichen rechtlichen Folgen). Besonders, wenn das \u00f6ffentliche Interesse die Pers\u00f6nlichkeitsrechte der Polizist*innen \u00fcbertrifft, ist eine Aufnahme auch rechtlich zul\u00e4ssig. Eine (Teil-)Ver\u00f6ffentlichung der Aufnahmen besonders vor einer gerichtlichen Entscheidung sollte jedoch unter genauen Abw\u00e4gungen stattfinden.<\/p>\n","protected":false},"excerpt":{"rendered":"<p>Wie verhalte ich mich richtig, wenn ich der Polizei begegne? &#8222;Wenn man keine Ahnung hat, einfach mal die Fresse halten&#8220; Zuerst ist es wichtig zu wissen, was ich \u00fcberhaupt sagen MUSS. In der Regel ist schnell auf die Frage &#8222;Wissen Sie, warum wir Sie angesprochen haben&#8220; eine Antwort gegeben, die gegen einen verwendet werden kann. [&hellip;]<\/p>\n","protected":false},"author":1,"featured_media":0,"parent":0,"menu_order":0,"comment_status":"closed","ping_status":"closed","template":"","meta":{"footnotes":""},"class_list":["post-117","page","type-page","status-publish","hentry","wpbf-post"],"_links":{"self":[{"href":"https:\/\/stoerpegel.de\/index.php\/wp-json\/wp\/v2\/pages\/117","targetHints":{"allow":["GET"]}}],"collection":[{"href":"https:\/\/stoerpegel.de\/index.php\/wp-json\/wp\/v2\/pages"}],"about":[{"href":"https:\/\/stoerpegel.de\/index.php\/wp-json\/wp\/v2\/types\/page"}],"author":[{"embeddable":true,"href":"https:\/\/stoerpegel.de\/index.php\/wp-json\/wp\/v2\/users\/1"}],"replies":[{"embeddable":true,"href":"https:\/\/stoerpegel.de\/index.php\/wp-json\/wp\/v2\/comments?post=117"}],"version-history":[{"count":11,"href":"https:\/\/stoerpegel.de\/index.php\/wp-json\/wp\/v2\/pages\/117\/revisions"}],"predecessor-version":[{"id":338,"href":"https:\/\/stoerpegel.de\/index.php\/wp-json\/wp\/v2\/pages\/117\/revisions\/338"}],"wp:attachment":[{"href":"https:\/\/stoerpegel.de\/index.php\/wp-json\/wp\/v2\/media?parent=117"}],"curies":[{"name":"wp","href":"https:\/\/api.w.org\/{rel}","templated":true}]}}