{"id":115,"date":"2020-11-26T15:25:53","date_gmt":"2020-11-26T15:25:53","guid":{"rendered":"https:\/\/stoerpegel.de\/?page_id=115"},"modified":"2020-11-27T19:21:08","modified_gmt":"2020-11-27T19:21:08","slug":"definitionen","status":"publish","type":"page","link":"https:\/\/stoerpegel.de\/index.php\/definitionen\/","title":{"rendered":"Definitionen"},"content":{"rendered":"\n<p><\/p>\n\n\n\n<figure class=\"wp-block-image size-large\"><img loading=\"lazy\" decoding=\"async\" width=\"1024\" height=\"546\" src=\"https:\/\/stoerpegel.de\/wp-content\/uploads\/2020\/11\/der-gemeine-Beamte-stupi-1024x546.png\" alt=\"\" class=\"wp-image-164\" srcset=\"https:\/\/stoerpegel.de\/wp-content\/uploads\/2020\/11\/der-gemeine-Beamte-stupi-1024x546.png 1024w, https:\/\/stoerpegel.de\/wp-content\/uploads\/2020\/11\/der-gemeine-Beamte-stupi-300x160.png 300w, https:\/\/stoerpegel.de\/wp-content\/uploads\/2020\/11\/der-gemeine-Beamte-stupi-768x409.png 768w, https:\/\/stoerpegel.de\/wp-content\/uploads\/2020\/11\/der-gemeine-Beamte-stupi.png 1366w\" sizes=\"auto, (max-width: 1024px) 100vw, 1024px\" \/><\/figure>\n\n\n\n<figure class=\"wp-block-image size-large\"><img loading=\"lazy\" decoding=\"async\" width=\"452\" height=\"373\" src=\"https:\/\/stoerpegel.de\/wp-content\/uploads\/2020\/11\/beamte-Wiki.png\" alt=\"\" class=\"wp-image-162\" srcset=\"https:\/\/stoerpegel.de\/wp-content\/uploads\/2020\/11\/beamte-Wiki.png 452w, https:\/\/stoerpegel.de\/wp-content\/uploads\/2020\/11\/beamte-Wiki-300x248.png 300w\" sizes=\"auto, (max-width: 452px) 100vw, 452px\" \/><figcaption><br><br>Ein Beamter in Deutschland steht gegen\u00fcber seinem Dienstherrn in einem \u00f6ffentlich-rechtlichen Dienst- und Treueverh\u00e4ltnis. Beamte geh\u00f6ren nicht zu den Arbeitnehmern. Vom Beamtentum abzugrenzen sind daher die Besch\u00e4ftigungsverh\u00e4ltnisse als Arbeitnehmer im \u00d6ffentlichen Dienst, die sich nach Arbeitsrecht und Tarifvertr\u00e4gen richten.<a href=\"https:\/\/de.wikipedia.org\/wiki\/Beamter_(Deutschland)\">Wikipedia (DE)<\/a><\/figcaption><\/figure>\n\n\n\n<figure class=\"wp-block-image size-large\"><img loading=\"lazy\" decoding=\"async\" width=\"1024\" height=\"548\" src=\"https:\/\/stoerpegel.de\/wp-content\/uploads\/2020\/11\/gemein-1024x548.png\" alt=\"\" class=\"wp-image-173\" srcset=\"https:\/\/stoerpegel.de\/wp-content\/uploads\/2020\/11\/gemein-1024x548.png 1024w, https:\/\/stoerpegel.de\/wp-content\/uploads\/2020\/11\/gemein-300x161.png 300w, https:\/\/stoerpegel.de\/wp-content\/uploads\/2020\/11\/gemein-768x411.png 768w, https:\/\/stoerpegel.de\/wp-content\/uploads\/2020\/11\/gemein.png 1365w\" sizes=\"auto, (max-width: 1024px) 100vw, 1024px\" \/><figcaption>Gemein gibt\u00b4s sogar bei Amazon ;o)<\/figcaption><\/figure>\n\n\n\n<figure class=\"wp-block-image size-large\"><img loading=\"lazy\" decoding=\"async\" width=\"461\" height=\"426\" src=\"https:\/\/stoerpegel.de\/wp-content\/uploads\/2020\/11\/gemein-Wiki.png\" alt=\"\" class=\"wp-image-165\" srcset=\"https:\/\/stoerpegel.de\/wp-content\/uploads\/2020\/11\/gemein-Wiki.png 461w, https:\/\/stoerpegel.de\/wp-content\/uploads\/2020\/11\/gemein-Wiki-300x277.png 300w\" sizes=\"auto, (max-width: 461px) 100vw, 461px\" \/><figcaption><br>Das Wort gemein bezeichnet urspr\u00fcnglich eine Eigenschaft, die mehrere Menschen gemeinsam besa\u00dfen. Es ist verwandt mit dem lateinischen communis\/commune und dem englischen mean. Au\u00dferhalb dieser und weiterer feststehender Wendungen wird es heute umgangssprachlich oft als Synonym f\u00fcr \u201ab\u00f6sartig\u2018 verwendet. Bei Trivialnamen von Lebewesen bedeutet \u201egemein&#8220;, dass diese Art f\u00fcr die Benenner die bekannteste war beziehungsweise keine besonderen Merkmale hat.<a href=\"https:\/\/de.wikipedia.org\/wiki\/Gemein\"><\/a> <a href=\"https:\/\/de.wikipedia.org\/wiki\/Gemein\">Mehr bei Wikipedia (DE)<\/a><\/figcaption><\/figure>\n\n\n\n<figure class=\"wp-block-image size-large\"><img loading=\"lazy\" decoding=\"async\" width=\"646\" height=\"139\" src=\"https:\/\/stoerpegel.de\/wp-content\/uploads\/2020\/11\/der-gemeine-Beamte-Spiegel.png\" alt=\"\" class=\"wp-image-163\" srcset=\"https:\/\/stoerpegel.de\/wp-content\/uploads\/2020\/11\/der-gemeine-Beamte-Spiegel.png 646w, https:\/\/stoerpegel.de\/wp-content\/uploads\/2020\/11\/der-gemeine-Beamte-Spiegel-300x65.png 300w\" sizes=\"auto, (max-width: 646px) 100vw, 646px\" \/><\/figure>\n\n\n\n<figure class=\"wp-block-image size-large\"><img loading=\"lazy\" decoding=\"async\" width=\"1024\" height=\"546\" src=\"https:\/\/stoerpegel.de\/wp-content\/uploads\/2020\/11\/Polizeiwillkuer-1024x546.png\" alt=\"\" class=\"wp-image-167\" srcset=\"https:\/\/stoerpegel.de\/wp-content\/uploads\/2020\/11\/Polizeiwillkuer-1024x546.png 1024w, https:\/\/stoerpegel.de\/wp-content\/uploads\/2020\/11\/Polizeiwillkuer-300x160.png 300w, https:\/\/stoerpegel.de\/wp-content\/uploads\/2020\/11\/Polizeiwillkuer-768x409.png 768w, https:\/\/stoerpegel.de\/wp-content\/uploads\/2020\/11\/Polizeiwillkuer.png 1366w\" sizes=\"auto, (max-width: 1024px) 100vw, 1024px\" \/><\/figure>\n\n\n\n<figure class=\"wp-block-image size-large\"><img loading=\"lazy\" decoding=\"async\" width=\"528\" height=\"270\" src=\"https:\/\/stoerpegel.de\/wp-content\/uploads\/2020\/11\/Amtsdelikt.png\" alt=\"\" class=\"wp-image-170\" srcset=\"https:\/\/stoerpegel.de\/wp-content\/uploads\/2020\/11\/Amtsdelikt.png 528w, https:\/\/stoerpegel.de\/wp-content\/uploads\/2020\/11\/Amtsdelikt-300x153.png 300w\" sizes=\"auto, (max-width: 528px) 100vw, 528px\" \/><figcaption><br><br>Amtsdelikt oder auch Amtswillk\u00fcr bezeichnet einen strafbaren Akt der Willk\u00fcr durch einen Amtstr\u00e4ger in einer Beh\u00f6rde. Der Inhaber eines \u00f6ffentlichen Amtes ist wegen seiner besonderen Macht- und Vertrauensstellung zur unparteiischen Wahrnehmung der ihm \u00fcbertragenen hoheitlichen und \u00f6ffentlich-rechtlichen Aufgaben verpflichtet.<a href=\"https:\/\/de.wikipedia.org\/wiki\/Amtsdelikt\">Wikipedia (DE)<\/a><\/figcaption><\/figure>\n\n\n\n<figure class=\"wp-block-image size-large\"><img loading=\"lazy\" decoding=\"async\" width=\"649\" height=\"161\" src=\"https:\/\/stoerpegel.de\/wp-content\/uploads\/2020\/11\/Polizeiwillkuer2.jpg\" alt=\"\" class=\"wp-image-168\" srcset=\"https:\/\/stoerpegel.de\/wp-content\/uploads\/2020\/11\/Polizeiwillkuer2.jpg 649w, https:\/\/stoerpegel.de\/wp-content\/uploads\/2020\/11\/Polizeiwillkuer2-300x74.jpg 300w\" sizes=\"auto, (max-width: 649px) 100vw, 649px\" \/><\/figure>\n\n\n\n<p>Als <em>Amtsdelikte<\/em> werden in Deutschland heute diejenigen <a href=\"https:\/\/de.wikipedia.org\/wiki\/Straftat\">Straftaten<\/a> bezeichnet, die durch einen <a href=\"https:\/\/de.wikipedia.org\/wiki\/Amtstr%C3%A4ger\">Amtstr\u00e4ger<\/a> der <a href=\"https:\/\/de.wikipedia.org\/wiki\/%C3%96ffentliche_Verwaltung\">\u00f6ffentlichen Verwaltung<\/a> bei Vornahme oder Unterlassung von Amtsgesch\u00e4ften (im Dienst) begangen wurden. Die Strafandrohungen im 30. Abschnitt des StGB sind verh\u00e4ltnism\u00e4\u00dfig hoch. Amtstr\u00e4ger sollen ihr Amt unter anderem unparteiisch, ehrlich, anst\u00e4ndig und ohne pers\u00f6nliche Vorteile erf\u00fcllen. Dar\u00fcber hinaus sind sie gem\u00e4\u00df <a href=\"https:\/\/de.wikipedia.org\/wiki\/Artikel_20_GG\">Art.&nbsp;20 Abs.&nbsp;3 GG<\/a> und Artikel 34 GG an die verfassungsm\u00e4\u00dfige Ordnung sowie an Gesetz und Recht gebunden. Der Begriff des Amtstr\u00e4gers wird in <a href=\"https:\/\/www.gesetze-im-internet.de\/stgb\/__11.html\">\u00a7&nbsp;11<\/a> Abs.&nbsp;1 Nr.&nbsp;2 <a href=\"https:\/\/de.wikipedia.org\/wiki\/Strafgesetzbuch_(Deutschland)\">StGB<\/a> definiert. Der Begriff Amtstr\u00e4ger umfasst auch Richter im Zusammenhang mit den Erfordernissen des Artikels 34 GG. Vgl. OLG D\u00fcsseldorf, Beschluss vom 5. M\u00e4rz 2009 \u2013 23 W 99\/08<\/p>\n\n\n\n<p>Ein Amtsdelikt stellt bei einer Verletzung individueller Rechte oder des Verm\u00f6gens <em><a href=\"https:\/\/de.wikipedia.org\/wiki\/Zivilrecht\">zivilrechtlich<\/a><\/em> regelm\u00e4\u00dfig eine Amtspflichtverletzung dar, die eine Haftung aus <a href=\"https:\/\/www.gesetze-im-internet.de\/bgb\/__839.html\">\u00a7&nbsp;839<\/a> <a href=\"https:\/\/de.wikipedia.org\/wiki\/B%C3%BCrgerliches_Gesetzbuch\">BGB<\/a> (<a href=\"https:\/\/de.wikipedia.org\/wiki\/Amtshaftung\">Amtshaftung<\/a>) ausl\u00f6st, die vor den <a href=\"https:\/\/de.wikipedia.org\/wiki\/Zivilgerichtsbarkeit_(Deutschland)\">Zivilgerichten<\/a> zu verfolgen ist. Effektiver Rechtsschutz ist auch subsidi\u00e4r (also zus\u00e4tzlich) durch die Erhebung einer Feststellungsklage nach (<a href=\"https:\/\/www.gesetze-im-internet.de\/zpo\/__256.html\">\u00a7&nbsp;256<\/a> ZPO) basierend auf den Grundrechten gem\u00e4\u00df Artikel 34 Satz 3 GG gegen den Staat oder die K\u00f6rperschaft zu erlangen.<\/p>\n\n\n\n<p>Zudem stellt ein Amtsdelikt bei <a href=\"https:\/\/de.wikipedia.org\/wiki\/Beamter_(Deutschland)\">Beamten<\/a>, <a href=\"https:\/\/de.wikipedia.org\/wiki\/Richter_(Deutschland)\">Richtern<\/a> und <a href=\"https:\/\/de.wikipedia.org\/wiki\/Soldat_(Deutschland)\">Soldaten<\/a> (nicht aber bei Angestellten) regelm\u00e4\u00dfig ein <a href=\"https:\/\/de.wikipedia.org\/wiki\/Dienstvergehen\">Dienstvergehen<\/a> dar, das oft zus\u00e4tzlich in einem f\u00f6rmlichen <a href=\"https:\/\/de.wikipedia.org\/wiki\/Disziplinarverfahren\">Disziplinarverfahren<\/a> verfolgt wird. Im Regelfall wird, abgesehen von vorl\u00e4ufigen Ma\u00dfnahmen wie einer <a href=\"https:\/\/de.wikipedia.org\/wiki\/Freistellung_(Arbeitsrecht)\">Suspendierung<\/a>, der rechtskr\u00e4ftige Ausgang des Strafverfahrens abgewartet, bevor das Disziplinarverfahren (weiter-)betrieben bzw. eingestellt wird.<\/p>\n\n\n\n<p>Amtsdelikte sind durchweg <a href=\"https:\/\/de.wikipedia.org\/wiki\/Offizialdelikt_(Deutschland)\">Offizialdelikte<\/a>. Es werden <em>echte<\/em> von <em>unechten Amtsdelikten<\/em> unterschieden:<\/p>\n\n\n\n<h3 class=\"wp-block-heading\">Echte Amtsdelikte<\/h3>\n\n\n\n<p><em>Echte Amtsdelikte<\/em> (auch <em>eigentliche Amtsdelikte<\/em>) sind Straftaten, die nur unter Missbrauch der Position des Amtstr\u00e4gers begangen werden k\u00f6nnen:<\/p>\n\n\n\n<ul class=\"wp-block-list\"><li><a href=\"https:\/\/de.wikipedia.org\/wiki\/Aussageerpressung\">Aussageerpressung<\/a> (<a href=\"https:\/\/www.gesetze-im-internet.de\/stgb\/__343.html\">\u00a7&nbsp;343<\/a> StGB)<\/li><li><a href=\"https:\/\/de.wikipedia.org\/wiki\/Falschbeurkundung_im_Amt\">Falschbeurkundung im Amt<\/a> (<a href=\"https:\/\/www.gesetze-im-internet.de\/stgb\/__348.html\">\u00a7&nbsp;348<\/a> StGB)<\/li><li><a href=\"https:\/\/de.wikipedia.org\/wiki\/Geb%C3%BChren%C3%BCberhebung\">Geb\u00fchren-<\/a> und <a href=\"https:\/\/de.wikipedia.org\/wiki\/Abgaben%C3%BCberhebung\">Abgaben\u00fcberhebung<\/a> und <a href=\"https:\/\/de.wikipedia.org\/wiki\/Leistungsk%C3%BCrzung\">Leistungsk\u00fcrzung<\/a> (<a href=\"https:\/\/www.gesetze-im-internet.de\/stgb\/__352.html\">\u00a7&nbsp;352<\/a>, <a href=\"https:\/\/www.gesetze-im-internet.de\/stgb\/__353.html\">\u00a7&nbsp;353<\/a> StGB)<\/li><li><a href=\"https:\/\/de.wikipedia.org\/wiki\/Rechtsbeugung\">Rechtsbeugung<\/a> (<a href=\"https:\/\/www.gesetze-im-internet.de\/stgb\/__339.html\">\u00a7&nbsp;339<\/a> StGB)<\/li><li><a href=\"https:\/\/de.wikipedia.org\/wiki\/Vorteilsannahme\">Vorteilsannahme<\/a> und <a href=\"https:\/\/de.wikipedia.org\/wiki\/Bestechlichkeit\">Bestechlichkeit<\/a> (<a href=\"https:\/\/www.gesetze-im-internet.de\/stgb\/__331.html\">\u00a7&nbsp;331<\/a>, <a href=\"https:\/\/www.gesetze-im-internet.de\/stgb\/__332.html\">\u00a7&nbsp;332<\/a>, <a href=\"https:\/\/www.gesetze-im-internet.de\/stgb\/__335.html\">\u00a7&nbsp;335<\/a> StGB)<\/li><li><a href=\"https:\/\/www.gesetze-im-internet.de\/stgb\/__333.html\">Vorteilsgew\u00e4hrung<\/a> und <a href=\"https:\/\/www.gesetze-im-internet.de\/stgb\/__334.html\">Bestechung<\/a> (\u00a7 333, \u00a7 334 StGB)<\/li><li><a href=\"https:\/\/de.wikipedia.org\/wiki\/Verfolgung_Unschuldiger\">Verfolgung Unschuldiger<\/a> und die <a href=\"https:\/\/de.wikipedia.org\/wiki\/Vollstreckung_gegen_Unschuldige\">Vollstreckung gegen Unschuldige<\/a> (<a href=\"https:\/\/www.gesetze-im-internet.de\/stgb\/__344.html\">\u00a7&nbsp;344<\/a>, <a href=\"https:\/\/www.gesetze-im-internet.de\/stgb\/__345.html\">\u00a7&nbsp;345<\/a> StGB)<\/li><li>Verletzung des Dienstgeheimnisses und einer besonderen Geheimhaltungspflicht sowie Verletzung des Steuergeheimnisses (<a href=\"https:\/\/www.gesetze-im-internet.de\/stgb\/__353b.html\">\u00a7&nbsp;353b<\/a>, <a href=\"https:\/\/www.gesetze-im-internet.de\/stgb\/__355.html\">\u00a7&nbsp;355<\/a> StGB)<\/li><\/ul>\n\n\n\n<p>Bei den echten Amtsdelikten ist im Allgemeinen die Amtstr\u00e4gerschaft ein strafbegr\u00fcndendes pers\u00f6nliches Merkmal im Sinne des <a href=\"https:\/\/www.gesetze-im-internet.de\/stgb\/__28.html\">\u00a7&nbsp;28<\/a> Abs.&nbsp;1 StGB.<\/p>\n\n\n\n<p>Bei den Straftatbest\u00e4nden der Abgaben\u00fcberhebung und Leistungsk\u00fcrzung gem\u00e4\u00df \u00a7&nbsp;353 StGB ist jedoch das strafbegr\u00fcndende Merkmal ausschlie\u00dflich die Begehung der Tat zum Nachteil des Staates. Ihre Begehung zum Vorteil des Staates stellt keine Straftat dar.<\/p>\n\n\n\n<h3 class=\"wp-block-heading\">Unechte Amtsdelikte<\/h3>\n\n\n\n<p>Als <em>unechte Amtsdelikte<\/em> werden Delikte bezeichnet, die allgemein strafbar sind, bei Amtstr\u00e4gern jedoch zu einem h\u00f6heren Strafma\u00df f\u00fchren. F\u00fcr diese Unterart existieren eigene Strafvorschriften:<\/p>\n\n\n\n<ul class=\"wp-block-list\"><li><a href=\"https:\/\/de.wikipedia.org\/wiki\/K%C3%B6rperverletzung_im_Amt\">K\u00f6rperverletzung im Amt<\/a> (<a href=\"https:\/\/www.gesetze-im-internet.de\/stgb\/__340.html\">\u00a7&nbsp;340<\/a> StGB)<\/li><li>Gefangenenbefreiung im Amt (<a href=\"https:\/\/www.gesetze-im-internet.de\/stgb\/__120.html\">\u00a7&nbsp;120<\/a> Abs.&nbsp;2 StGB)<\/li><li>Strafvereitelung im Amt (<a href=\"https:\/\/www.gesetze-im-internet.de\/stgb\/__258a.html\">\u00a7&nbsp;258a<\/a> StGB)<\/li><li>Verwahrungsbruch im Amt (<a href=\"https:\/\/www.gesetze-im-internet.de\/stgb\/__133.html\">\u00a7&nbsp;133<\/a> Abs.&nbsp;3 StGB)<\/li><li>Sexueller Missbrauch unter Ausnutzung einer Amtsstellung (<a href=\"https:\/\/www.gesetze-im-internet.de\/stgb\/__174b.html\">\u00a7&nbsp;174b<\/a> StGB)<\/li><li>N\u00f6tigung unter Missbrauch der Amtsbefugnisse oder der -stellung (<a href=\"https:\/\/www.gesetze-im-internet.de\/stgb\/__240.html\">\u00a7&nbsp;240<\/a> Abs.&nbsp;4 S. 2 Nr.&nbsp;2 StGB)<\/li><\/ul>\n\n\n\n<p>Bei diesen Delikten ist die Amtstr\u00e4gereigenschaft straferh\u00f6hendes Merkmal des <a href=\"https:\/\/www.gesetze-im-internet.de\/stgb\/__28.html\">\u00a7&nbsp;28<\/a> Abs.&nbsp;2 StGB.<\/p>\n\n\n\n<figure class=\"wp-block-image size-large\"><img loading=\"lazy\" decoding=\"async\" width=\"1024\" height=\"546\" src=\"https:\/\/stoerpegel.de\/wp-content\/uploads\/2020\/11\/Polizeigewalt-1024x546.png\" alt=\"\" class=\"wp-image-166\" srcset=\"https:\/\/stoerpegel.de\/wp-content\/uploads\/2020\/11\/Polizeigewalt-1024x546.png 1024w, https:\/\/stoerpegel.de\/wp-content\/uploads\/2020\/11\/Polizeigewalt-300x160.png 300w, https:\/\/stoerpegel.de\/wp-content\/uploads\/2020\/11\/Polizeigewalt-768x409.png 768w, https:\/\/stoerpegel.de\/wp-content\/uploads\/2020\/11\/Polizeigewalt.png 1366w\" sizes=\"auto, (max-width: 1024px) 100vw, 1024px\" \/><\/figure>\n\n\n\n<figure class=\"wp-block-image size-large\"><img loading=\"lazy\" decoding=\"async\" width=\"521\" height=\"266\" src=\"https:\/\/stoerpegel.de\/wp-content\/uploads\/2020\/11\/Polizeigewalt2.jpg\" alt=\"\" class=\"wp-image-171\" srcset=\"https:\/\/stoerpegel.de\/wp-content\/uploads\/2020\/11\/Polizeigewalt2.jpg 521w, https:\/\/stoerpegel.de\/wp-content\/uploads\/2020\/11\/Polizeigewalt2-300x153.jpg 300w\" sizes=\"auto, (max-width: 521px) 100vw, 521px\" \/><figcaption><br>Der Begriff Polizeigewalt wird in der Kriminologie und den Medien verwendet, um k\u00f6rperliche und psychische Gewalt zu beschreiben, die von Polizisten ausge\u00fcbt wird. Die Anwendung von Gewalt ist vom Gesetz nur unter bestimmten Voraussetzungen erlaubt und dann nur in einem verh\u00e4ltnism\u00e4\u00dfigen Ausma\u00df.<a href=\"https:\/\/de.wikipedia.org\/wiki\/Polizeigewalt\">Wikipedia (DE)<\/a><\/figcaption><\/figure>\n\n\n\n<p>Antragsdelikte<\/p>\n\n\n\n<p><a href=\"https:\/\/de.wikipedia.org\/wiki\/Antragsdelikt\">https:\/\/de.wikipedia.org\/wiki\/Antragsdelikt<\/a><\/p>\n\n\n\n<p><a href=\"https:\/\/de.wikipedia.org\/wiki\/Offizialdelikt_(Deutschland)\">https:\/\/de.wikipedia.org\/wiki\/Offizialdelikt_(Deutschland)<\/a><\/p>\n\n\n\n<figure class=\"wp-block-image size-large\"><img loading=\"lazy\" decoding=\"async\" width=\"1024\" height=\"545\" src=\"https:\/\/stoerpegel.de\/wp-content\/uploads\/2020\/11\/Sie-koennen-mich-mal-1024x545.png\" alt=\"\" class=\"wp-image-169\" srcset=\"https:\/\/stoerpegel.de\/wp-content\/uploads\/2020\/11\/Sie-koennen-mich-mal-1024x545.png 1024w, https:\/\/stoerpegel.de\/wp-content\/uploads\/2020\/11\/Sie-koennen-mich-mal-300x160.png 300w, https:\/\/stoerpegel.de\/wp-content\/uploads\/2020\/11\/Sie-koennen-mich-mal-768x408.png 768w, https:\/\/stoerpegel.de\/wp-content\/uploads\/2020\/11\/Sie-koennen-mich-mal.png 1365w\" sizes=\"auto, (max-width: 1024px) 100vw, 1024px\" \/><\/figure>\n\n\n\n<p><\/p>\n","protected":false},"excerpt":{"rendered":"<p>Als Amtsdelikte werden in Deutschland heute diejenigen Straftaten bezeichnet, die durch einen Amtstr\u00e4ger der \u00f6ffentlichen Verwaltung bei Vornahme oder Unterlassung von Amtsgesch\u00e4ften (im Dienst) begangen wurden. Die Strafandrohungen im 30. Abschnitt des StGB sind verh\u00e4ltnism\u00e4\u00dfig hoch. Amtstr\u00e4ger sollen ihr Amt unter anderem unparteiisch, ehrlich, anst\u00e4ndig und ohne pers\u00f6nliche Vorteile erf\u00fcllen. Dar\u00fcber hinaus sind sie gem\u00e4\u00df [&hellip;]<\/p>\n","protected":false},"author":1,"featured_media":0,"parent":0,"menu_order":0,"comment_status":"closed","ping_status":"closed","template":"","meta":{"footnotes":""},"class_list":["post-115","page","type-page","status-publish","hentry","wpbf-post"],"_links":{"self":[{"href":"https:\/\/stoerpegel.de\/index.php\/wp-json\/wp\/v2\/pages\/115","targetHints":{"allow":["GET"]}}],"collection":[{"href":"https:\/\/stoerpegel.de\/index.php\/wp-json\/wp\/v2\/pages"}],"about":[{"href":"https:\/\/stoerpegel.de\/index.php\/wp-json\/wp\/v2\/types\/page"}],"author":[{"embeddable":true,"href":"https:\/\/stoerpegel.de\/index.php\/wp-json\/wp\/v2\/users\/1"}],"replies":[{"embeddable":true,"href":"https:\/\/stoerpegel.de\/index.php\/wp-json\/wp\/v2\/comments?post=115"}],"version-history":[{"count":8,"href":"https:\/\/stoerpegel.de\/index.php\/wp-json\/wp\/v2\/pages\/115\/revisions"}],"predecessor-version":[{"id":187,"href":"https:\/\/stoerpegel.de\/index.php\/wp-json\/wp\/v2\/pages\/115\/revisions\/187"}],"wp:attachment":[{"href":"https:\/\/stoerpegel.de\/index.php\/wp-json\/wp\/v2\/media?parent=115"}],"curies":[{"name":"wp","href":"https:\/\/api.w.org\/{rel}","templated":true}]}}