{"id":109,"date":"2020-11-26T15:27:30","date_gmt":"2020-11-26T15:27:30","guid":{"rendered":"https:\/\/stoerpegel.de\/?page_id=109"},"modified":"2022-10-16T13:53:10","modified_gmt":"2022-10-16T13:53:10","slug":"erstkontakt","status":"publish","type":"page","link":"https:\/\/stoerpegel.de\/index.php\/erstkontakt\/","title":{"rendered":"23.06.2019, 00:30 Uhr"},"content":{"rendered":"\n<h2 class=\"wp-block-heading\">Deutschland, Steinhagen, Wiesenstra\u00dfe&#8230;<\/h2>\n\n\n\n<figure class=\"wp-block-image size-large\"><img loading=\"lazy\" decoding=\"async\" width=\"928\" height=\"653\" src=\"https:\/\/stoerpegel.de\/wp-content\/uploads\/2020\/11\/google-Wiesenstrasse.png\" alt=\"\" class=\"wp-image-200\" srcset=\"https:\/\/stoerpegel.de\/wp-content\/uploads\/2020\/11\/google-Wiesenstrasse.png 928w, https:\/\/stoerpegel.de\/wp-content\/uploads\/2020\/11\/google-Wiesenstrasse-300x211.png 300w, https:\/\/stoerpegel.de\/wp-content\/uploads\/2020\/11\/google-Wiesenstrasse-768x540.png 768w\" sizes=\"auto, (max-width: 928px) 100vw, 928px\" \/><\/figure>\n\n\n\n<figure class=\"wp-block-image size-large\"><img loading=\"lazy\" decoding=\"async\" width=\"1024\" height=\"625\" src=\"https:\/\/stoerpegel.de\/wp-content\/uploads\/2020\/11\/google-Wiesenstrasse-10-1024x625.png\" alt=\"\" class=\"wp-image-201\" srcset=\"https:\/\/stoerpegel.de\/wp-content\/uploads\/2020\/11\/google-Wiesenstrasse-10-1024x625.png 1024w, https:\/\/stoerpegel.de\/wp-content\/uploads\/2020\/11\/google-Wiesenstrasse-10-300x183.png 300w, https:\/\/stoerpegel.de\/wp-content\/uploads\/2020\/11\/google-Wiesenstrasse-10-768x469.png 768w, https:\/\/stoerpegel.de\/wp-content\/uploads\/2020\/11\/google-Wiesenstrasse-10.png 1077w\" sizes=\"auto, (max-width: 1024px) 100vw, 1024px\" \/><\/figure>\n\n\n\n<p><\/p>\n\n\n\n<p>Eine sehr warme Sommernacht, in meiner Wohnung unter dem Dach ist es noch etwa 27\u00b0C und ich bin nach einem Grillabend bierselig vor dem Fernseher einged\u00f6st.<\/p>\n\n\n\n<p><em>Es wird mir Ruhest\u00f6rung unterstellt (wie ich hinterher erfuhr), obwohl der L\u00e4rm von dem Nachbarn ausgeht, der gegen meine T\u00fcr poltert und mich bedroht. Dieser bzw. seine Frau ruft die Polizei und unterstellt mir Ruhest\u00f6rung.<\/em><\/p>\n\n\n\n<p>Die Polizei erscheint zu viert (3m, 1w) direkt und ohne Durchsuchungsbeschluss in meiner Wohnung.<br>Ich beschwere mich sofort, dass hier wohl etwas schief l\u00e4uft und die Polizist*innen meine Wohnung sofort zu verlassen haben und auch nicht durchsuchen d\u00fcrfen. Gemeinsam gehen erst zwei mich an und legen mir Handschellen auf dem R\u00fccken an. Die anderen beiden unterbrechen die Durchsuchung und kommen dazu. Jeder hat jeweils einen Arm oder Bein von mir und es werden an mir (gefesselt) dort bereits willk\u00fcrlich Schmerzgriffe angewendet.<\/p>\n\n\n\n<p>Zusammen tragen mich dann alle vier in den Hausflur. Dann werde ich mit dem Gesicht nach unten die Treppe heruntergeschleift. Ich muss gegen die Schmerzen in den Schultern den Kopf anheben, damit mein Gesicht nicht auf die Treppenstufen knallt. Meine gefesselten Arme werden so verdreht und mein eigenes Gewicht auf die Schultern gedr\u00fcckt, dass diese knacken und ich vor Schmerzen schreie.<\/p>\n\n\n\n<p>Doch keiner l\u00e4sst auch nur ein wenig nach, ganz im Gegenteil, es wird noch brutaler an mir gewirkt, als ich mitteile, dass ich diese Enge nicht ertrage.<\/p>\n\n\n\n<p>Ich werde auf den Asphalt vor den Einsatzwagen geworfen, auf den Boden gedr\u00fcckt und schreie weiterhin vor Schmerzen. Ein Polizist stellt sich links vor das Auto, etwa 5 Meter entfernt. Jetzt \u201enur\u201c noch 3 Polizist*innen bearbeiten mich jedoch weiterhin\u2026<\/p>\n\n\n\n<p>&#8222;Genau wegen Leuten wie Ihnen habe ich eine Rechtsschutzversicherung. Das gibt eine fette Anzeige!&#8220; h\u00e4tte ich wohl nicht sagen sollen, denn jetzt f\u00e4ngt mein traumatisierendes Erlebnis erst richtig an.<\/p>\n\n\n\n<p>Anfangs gedacht, das geht gleich vorbei, die h\u00f6ren gleich auf damit.<br>Doch sie h\u00f6ren nicht auf, sie fangen grade erst an!<\/p>\n\n\n\n<p>Ich denke nach einer Minute noch immer, jetzt h\u00f6ren sie auf.<\/p>\n\n\n\n<blockquote class=\"wp-block-quote is-layout-flow wp-block-quote-is-layout-flow\"><p>Nach 5 Minuten machen die aber noch immer weiter.<br>Nach 10 Minuten auch\u2026<br>&#8230;nach einer halben Stunden noch immer\u2026<br>&#8230;nach einer Stunde auch noch\u2026<br>&#8230;nach 100 Minuten lebe ich zwar noch, aber ich werde noch immer maltr\u00e4tiert.<\/p><p>Nach etwa 2 Stunden werden die noch immer nicht fertig sein&#8230;<\/p><p><\/p><\/blockquote>\n\n\n\n<p>Es entsteht eine ungew\u00f6hnliche Gruppendynamik unter den drei jungen Polizist*innen, so dass die sich gegenseitig immer weiter anstacheln. Es werden M\u00f6glichkeiten an mir vorgef\u00fchrt und besprochen, wie man m\u00f6glichst effektiv aber schwer nachzuweisen welchen Schmerzgriff anwendet. Verdreht mir einer das rechte Bein, so dass die H\u00fcfte knackt, machte dies ein anderer mit der anderen Seite nach und wurde korrigiert und kontrovers diskutiert (\u201eBei Dir schreit der aber gar nicht\u201c \u201eDoch, Moment noch, mehr Gewicht hier drauf, siehste?!\u201c).<\/p>\n\n\n\n<p>Ich werde mehrmals wieder mit Gewalt aufgerichtet, mit weiteren Schmerzgriffen hin- und hergeschoben und wieder zu Fall gebracht. Mir wird mehrere Minuten lang und wiederholt die Luftzufuhr durch Knie auf dem Hals abgedr\u00fcckt, so dass ich mehrfach um mein Leben flehte (meine Anzeige ist zweifelsfrei dokumentiert vor George Floyds grausamen Tod).<\/p>\n\n\n\n<figure class=\"wp-block-image size-large\"><img loading=\"lazy\" decoding=\"async\" width=\"569\" height=\"477\" src=\"https:\/\/stoerpegel.de\/wp-content\/uploads\/2020\/11\/Pose-liegend-Handgelenke-wuergen.png\" alt=\"\" class=\"wp-image-56\" srcset=\"https:\/\/stoerpegel.de\/wp-content\/uploads\/2020\/11\/Pose-liegend-Handgelenke-wuergen.png 569w, https:\/\/stoerpegel.de\/wp-content\/uploads\/2020\/11\/Pose-liegend-Handgelenke-wuergen-300x251.png 300w\" sizes=\"auto, (max-width: 569px) 100vw, 569px\" \/><\/figure>\n\n\n\n<p style=\"font-size:18px\"><em>Doch sie h\u00f6ren <\/em><em>einfach <\/em><em>nicht auf.<\/em><\/p>\n\n\n\n<p>Ich werde wieder aufgerichtet und wieder mit einem anderen Griff zu Boden gebracht. Und ca. 30 Sekunden lang mit beiden H\u00e4nden am Hals gew\u00fcrgt, weil ich weiter um Hilfe schreie.<\/p>\n\n\n\n<p>Und dann werden weitere Schmerzgriffe durchgef\u00fchrt.<br>Es wird mehrfach gegen mein linkes Fu\u00dfgelenk von dem j\u00fcngsten Polizisten getreten, um mich zu Fall zu bringen. Nach mehreren Versuchen tritt ein anderer Kollege von vorne rechts gegen mein rechtes Knie. Ich falle hart auf den Boden und schreie vor Schmerzen.<br>\u201eSo macht man das!\u201c verk\u00fcndet er den Kolleg*innen.<\/p>\n\n\n\n<p>Mein Knie ist gebrochen und B\u00e4nder gerissen.<\/p>\n\n\n\n<p>Dann werde ich mehrmals wieder aufgerichtet doch kann auf einem besch\u00e4digten Bein kaum stehen und sacke immer wieder zu Boden. Nach diesen Versuchen werde ich auf dem Boden gelassen. Meine F\u00fc\u00dfe werden mit einem Kabelbinder fest zusammengezogen. Er ist so stabil, dass man mich daran einige Meter \u00fcber den Boden ziehen kann. An die Kante eines tiefen Schlagloches.<\/p>\n\n\n\n<p>Ich lerne, dass ein Knie auf dem Hals und eine ca. 8 cm Steinkante von unten gegen den Hals noch effektiver die Sauerstoffzufuhr unterbindet und Schmerzen und Sch\u00e4den erh\u00f6ht.<br>Und dass in der Kombination Handschellen auf dem R\u00fccken und Kabelbinder an den Beinen sich ganz neue Schmerzgriffe ergeben. Damit ist es m\u00f6glich, dass nur ein Polizist einer Person an mehreren gro\u00dfen Gelenken gleichzeitig Schmerzen zuf\u00fcgen kann.<\/p>\n\n\n\n<p>Auch habe ich erfahren, dass es Griffe gibt, die f\u00fcr Unbeteiligte von au\u00dfen nach normalem Fixieren aussehen, jedoch diverse Blut- und Nervenwege beeintr\u00e4chtigen. Dies sind jedoch auch Methoden, die \u201eoffiziell nicht angewendet werden d\u00fcrfen\u201c, wie aus einem Wortwechsel der Polizist*innen hervorgeht.<\/p>\n\n\n\n<figure class=\"wp-block-image size-large\"><img loading=\"lazy\" decoding=\"async\" width=\"526\" height=\"486\" src=\"https:\/\/stoerpegel.de\/wp-content\/uploads\/2020\/11\/Schmerzgriff-Huefte-und-Wirbelsaeule.png\" alt=\"\" class=\"wp-image-52\" srcset=\"https:\/\/stoerpegel.de\/wp-content\/uploads\/2020\/11\/Schmerzgriff-Huefte-und-Wirbelsaeule.png 526w, https:\/\/stoerpegel.de\/wp-content\/uploads\/2020\/11\/Schmerzgriff-Huefte-und-Wirbelsaeule-300x277.png 300w\" sizes=\"auto, (max-width: 526px) 100vw, 526px\" \/><\/figure>\n\n\n\n<p>Und es gibt Griffe, die einem die Wirbel besch\u00e4digen k\u00f6nnen. Passiert.<br>Diese sind nat\u00fcrlich auch streng verboten. Besonders f\u00fcr Polizist*innen und Kampfsportler.<\/p>\n\n\n\n<p>Irgendwann l\u00f6sen die Polizist*innen dann meine Handschellen und ich habe kurzfristig Hoffnung auf ein Ende dieser Szene.<br>Aber auf meine Frage, ob denn die Kabelbinder bitte auch gel\u00f6st werden, da ich kein Gef\u00fchl mehr in den F\u00fc\u00dfen habe, wird unerwartet reagiert:<\/p>\n\n\n\n<p>Ich werde wieder hingestellt und zu Fall gebracht, vom Bauch auf den R\u00fccken gedreht und wieder zur\u00fcck, wieder und wieder \u2013 mit Schmerzgriffen an Schultern, Ellbogen Handgelenken, Fingern, Beinen, \u2026 zeitweise wieder an drei Extremit\u00e4ten von den drei Polizist*innen gleichzeitig.<\/p>\n\n\n\n<p>Nach etwa 2 Stunden h\u00f6ren die Polizist*innen dann auf mich zu bearbeiten\u2026 hoffe ich kurz. Es werden mir wieder die Handschellen angelegt und ich werde kopf\u00fcber in den hinteren Fu\u00dfraum gesteckt. Fast mein gesamtes K\u00f6rpergewicht lastet auf meinem Hals, denn meine Beine und F\u00fc\u00dfe werden von oben maltr\u00e4tiert.<\/p>\n\n\n\n<p>Der j\u00fcngste Polizist schl\u00e4gt mir dann mehrfach so lange auf die Schl\u00e4fe, dass ich ohnm\u00e4chtig werde.<\/p>\n\n\n\n<p>Es werden mir dann noch weitere Schmerzen zugef\u00fcgt, um mein Bewusstsein festzustellen. Ich habe jedoch seit Stunden solche Todesangst, dass ich die Reflexe unterbinden kann.<\/p>\n\n\n\n<p>Also muss die Polizei mich einer Not\u00e4rztin \u00fcbergeben, die mich vor weiteren Angriffen bewahren kann.<br>Diese ordnet die Fahrt ins Krankenhaus an und nicht mehr auf die Wache, was bei den Polizist*innen auf Widerspruch st\u00f6\u00dft. Sie reden auf die Not\u00e4rztin ein \u201eaber das hat der doch verdient\u201c&#8230;<\/p>\n\n\n\n<p>Es ist laut Ambulanzprotokoll 03:39 Uhr, als ich im Krankenhaus ankomme&#8230;<\/p>\n\n\n\n<figure class=\"wp-block-image size-full is-resized\"><img loading=\"lazy\" decoding=\"async\" src=\"https:\/\/stoerpegel.de\/wp-content\/uploads\/2022\/10\/Einlieferung-StE-H-GT.jpg\" alt=\"\" class=\"wp-image-886\" width=\"772\" height=\"352\" srcset=\"https:\/\/stoerpegel.de\/wp-content\/uploads\/2022\/10\/Einlieferung-StE-H-GT.jpg 533w, https:\/\/stoerpegel.de\/wp-content\/uploads\/2022\/10\/Einlieferung-StE-H-GT-300x137.jpg 300w\" sizes=\"auto, (max-width: 772px) 100vw, 772px\" \/><\/figure>\n\n\n\n<figure class=\"wp-block-image size-full\"><img loading=\"lazy\" decoding=\"async\" width=\"778\" height=\"476\" src=\"https:\/\/stoerpegel.de\/wp-content\/uploads\/2022\/10\/FB-Bild-KVx-1.png\" alt=\"\" class=\"wp-image-887\" srcset=\"https:\/\/stoerpegel.de\/wp-content\/uploads\/2022\/10\/FB-Bild-KVx-1.png 778w, https:\/\/stoerpegel.de\/wp-content\/uploads\/2022\/10\/FB-Bild-KVx-1-300x184.png 300w, https:\/\/stoerpegel.de\/wp-content\/uploads\/2022\/10\/FB-Bild-KVx-1-768x470.png 768w\" sizes=\"auto, (max-width: 778px) 100vw, 778px\" \/><\/figure>\n\n\n\n<figure class=\"wp-block-image size-full\"><img loading=\"lazy\" decoding=\"async\" width=\"394\" height=\"557\" src=\"https:\/\/stoerpegel.de\/wp-content\/uploads\/2022\/10\/Einlieferung-StE-H-GT-Knie-c.jpg\" alt=\"\" class=\"wp-image-889\" srcset=\"https:\/\/stoerpegel.de\/wp-content\/uploads\/2022\/10\/Einlieferung-StE-H-GT-Knie-c.jpg 394w, https:\/\/stoerpegel.de\/wp-content\/uploads\/2022\/10\/Einlieferung-StE-H-GT-Knie-c-212x300.jpg 212w\" sizes=\"auto, (max-width: 394px) 100vw, 394px\" \/><\/figure>\n\n\n\n<p>20.12.2020: <a href=\"https:\/\/www.youtube.com\/watch?v=Pw6SIurGKE0\" data-type=\"URL\" data-id=\"https:\/\/www.youtube.com\/watch?v=Pw6SIurGKE0\" target=\"_blank\" rel=\"noreferrer noopener\">Bildsequenz der Verletzungen ver\u00f6ffentlicht.<\/a><\/p>\n","protected":false},"excerpt":{"rendered":"<p>Deutschland, Steinhagen, Wiesenstra\u00dfe&#8230; Eine sehr warme Sommernacht, in meiner Wohnung unter dem Dach ist es noch etwa 27\u00b0C und ich bin nach einem Grillabend bierselig vor dem Fernseher einged\u00f6st. Es wird mir Ruhest\u00f6rung unterstellt (wie ich hinterher erfuhr), obwohl der L\u00e4rm von dem Nachbarn ausgeht, der gegen meine T\u00fcr poltert und mich bedroht. Dieser bzw. [&hellip;]<\/p>\n","protected":false},"author":1,"featured_media":0,"parent":0,"menu_order":0,"comment_status":"open","ping_status":"closed","template":"","meta":{"footnotes":""},"class_list":["post-109","page","type-page","status-publish","hentry","wpbf-post"],"_links":{"self":[{"href":"https:\/\/stoerpegel.de\/index.php\/wp-json\/wp\/v2\/pages\/109","targetHints":{"allow":["GET"]}}],"collection":[{"href":"https:\/\/stoerpegel.de\/index.php\/wp-json\/wp\/v2\/pages"}],"about":[{"href":"https:\/\/stoerpegel.de\/index.php\/wp-json\/wp\/v2\/types\/page"}],"author":[{"embeddable":true,"href":"https:\/\/stoerpegel.de\/index.php\/wp-json\/wp\/v2\/users\/1"}],"replies":[{"embeddable":true,"href":"https:\/\/stoerpegel.de\/index.php\/wp-json\/wp\/v2\/comments?post=109"}],"version-history":[{"count":25,"href":"https:\/\/stoerpegel.de\/index.php\/wp-json\/wp\/v2\/pages\/109\/revisions"}],"predecessor-version":[{"id":890,"href":"https:\/\/stoerpegel.de\/index.php\/wp-json\/wp\/v2\/pages\/109\/revisions\/890"}],"wp:attachment":[{"href":"https:\/\/stoerpegel.de\/index.php\/wp-json\/wp\/v2\/media?parent=109"}],"curies":[{"name":"wp","href":"https:\/\/api.w.org\/{rel}","templated":true}]}}