{"id":107,"date":"2020-11-26T15:26:39","date_gmt":"2020-11-26T15:26:39","guid":{"rendered":"https:\/\/stoerpegel.de\/?page_id=107"},"modified":"2023-09-03T21:49:23","modified_gmt":"2023-09-03T21:49:23","slug":"hilfe","status":"publish","type":"page","link":"https:\/\/stoerpegel.de\/index.php\/hilfe\/","title":{"rendered":"Hilfe!"},"content":{"rendered":"\n<form action=\"https:\/\/www.paypal.com\/donate\" method=\"post\" target=\"_top\"> <input type=\"hidden\" name=\"hosted_button_id\" value=\"UTTACZMPG42R4\"> <input type=\"image\" src=\"https:\/\/www.paypalobjects.com\/de_DE\/DE\/i\/btn\/btn_donateCC_LG.gif\" border=\"0\" name=\"submit\" title=\"PayPal - The safer, easier way to pay online!\" alt=\"Spenden mit dem PayPal-Button\"> <img loading=\"lazy\" decoding=\"async\" alt=\"\" border=\"0\" src=\"https:\/\/www.paypal.com\/de_DE\/i\/scr\/pixel.gif\" width=\"1\" height=\"1\"> <\/form>\n\n\n\n<p>Ich suche noch immer Hilfe:<\/p>\n\n\n\n<p>\u00c4rzt*innen, die mich wirklich behandeln wollen,<\/p>\n\n\n\n<p>Anw\u00e4lt*innen f\u00fcr Straf-, Medizin- und Zivilrecht,<\/p>\n\n\n\n<p>und jede(n), die\/der dieses Projekt in welcher Form auch immer unterst\u00fctzen will.<br><br><br>In Zukunft m\u00f6chte ich Personen unterst\u00fctzen, die in \u00e4hnliche Situationen geraten sind.<br>Denn es gibt keine funktionierende Anlaufstelle f\u00fcr Opfer von Polizeigewalt!<br><br><br>Leider ist es auch in Deutschland nicht so, dass jede(r) vor dem Recht gleichgestellt ist &#8211; inbesondere nicht, wenn die Polizei das Recht umgeht und Anw\u00e4lt*innen teilweise die Mandatschaft ablehnen &#8211; wegen z.B. Angst vor der Polizei oder &#8222;Befangenheit&#8220;.<br>Auch scheinen Mediziner*innen, die privat t\u00e4tig sind, hier &#8222;offener f\u00fcr Diagnosen&#8220; zu sein, aber halt nicht &#8222;kostenlos&#8220;&#8230;<br><br>Durch die weiterhin bestehende Arbeitsunf\u00e4higkeit bin ich finanziell stark eingeengt.<br><\/p>\n\n\n\n<p><\/p>\n\n\n\n<p>Sollten f\u00fcr dieses Projekt finanzielle Mittel zusammenkommen, die mehr als das N\u00f6tigste f\u00fcr meine Unterst\u00fctzung darstellen, so wird das Geld dazu verwendet, Opfern von Polizeigewalt zu helfen. Nat\u00fcrlich werden gew\u00fcnschte Verwendungszwecke soweit m\u00f6glich ber\u00fccksichtigt und die Verwendung wird (unter Wahrung erforderlicher Anonymit\u00e4t der Unterst\u00fctzer*innen und Opfer) nachvollziehbar dargelegt.<br><br>Ich bin f\u00fcr jede Hilfe dankbar!<\/p>\n\n\n\n<p>Kontakt: info@stoerpegel.de<br>                koellerwirth@gmx.de<br><br><\/p>\n\n\n\n<form action=\"https:\/\/www.paypal.com\/donate\" method=\"post\" target=\"_top\"> <input type=\"hidden\" name=\"hosted_button_id\" value=\"UTTACZMPG42R4\"> <input type=\"image\" src=\"https:\/\/www.paypalobjects.com\/de_DE\/DE\/i\/btn\/btn_donateCC_LG.gif\" border=\"0\" name=\"submit\" title=\"PayPal - The safer, easier way to pay online!\" alt=\"Spenden mit dem PayPal-Button\"> <img loading=\"lazy\" decoding=\"async\" alt=\"\" border=\"0\" src=\"https:\/\/www.paypal.com\/de_DE\/i\/scr\/pixel.gif\" width=\"1\" height=\"1\"> <\/form>\n\n\n\n<p> <\/p>\n\n\n\n<p> <\/p>\n\n\n\n<p> <\/p>\n\n\n\n<figure class=\"wp-block-gallery has-nested-images columns-default is-cropped wp-block-gallery-1 is-layout-flex wp-block-gallery-is-layout-flex\">\n<figure class=\"wp-block-image size-large\"><img loading=\"lazy\" decoding=\"async\" width=\"485\" height=\"1024\" data-id=\"1392\" src=\"https:\/\/stoerpegel.de\/wp-content\/uploads\/2023\/09\/pp_my_qrcode-485x1024.jpg\" alt=\"\" class=\"wp-image-1392\" srcset=\"https:\/\/stoerpegel.de\/wp-content\/uploads\/2023\/09\/pp_my_qrcode-485x1024.jpg 485w, https:\/\/stoerpegel.de\/wp-content\/uploads\/2023\/09\/pp_my_qrcode-142x300.jpg 142w, https:\/\/stoerpegel.de\/wp-content\/uploads\/2023\/09\/pp_my_qrcode-768x1621.jpg 768w, https:\/\/stoerpegel.de\/wp-content\/uploads\/2023\/09\/pp_my_qrcode-728x1536.jpg 728w, https:\/\/stoerpegel.de\/wp-content\/uploads\/2023\/09\/pp_my_qrcode-970x2048.jpg 970w, https:\/\/stoerpegel.de\/wp-content\/uploads\/2023\/09\/pp_my_qrcode.jpg 1080w\" sizes=\"auto, (max-width: 485px) 100vw, 485px\" \/><\/figure>\n\n\n\n<figure class=\"wp-block-image size-large\"><img loading=\"lazy\" decoding=\"async\" width=\"485\" height=\"1024\" data-id=\"1393\" src=\"https:\/\/stoerpegel.de\/wp-content\/uploads\/2023\/09\/pp_my_qrcode_tip_only-485x1024.jpg\" alt=\"\" class=\"wp-image-1393\" srcset=\"https:\/\/stoerpegel.de\/wp-content\/uploads\/2023\/09\/pp_my_qrcode_tip_only-485x1024.jpg 485w, https:\/\/stoerpegel.de\/wp-content\/uploads\/2023\/09\/pp_my_qrcode_tip_only-142x300.jpg 142w, https:\/\/stoerpegel.de\/wp-content\/uploads\/2023\/09\/pp_my_qrcode_tip_only-768x1621.jpg 768w, https:\/\/stoerpegel.de\/wp-content\/uploads\/2023\/09\/pp_my_qrcode_tip_only-728x1536.jpg 728w, https:\/\/stoerpegel.de\/wp-content\/uploads\/2023\/09\/pp_my_qrcode_tip_only-970x2048.jpg 970w, https:\/\/stoerpegel.de\/wp-content\/uploads\/2023\/09\/pp_my_qrcode_tip_only.jpg 1080w\" sizes=\"auto, (max-width: 485px) 100vw, 485px\" \/><\/figure>\n<\/figure>\n\n\n\n<figure class=\"wp-block-image size-full is-resized\"><img loading=\"lazy\" decoding=\"async\" src=\"https:\/\/stoerpegel.de\/wp-content\/uploads\/2023\/09\/BinancePayQR-1.png\" alt=\"\" class=\"wp-image-1389\" width=\"768\" height=\"1114\" srcset=\"https:\/\/stoerpegel.de\/wp-content\/uploads\/2023\/09\/BinancePayQR-1.png 384w, https:\/\/stoerpegel.de\/wp-content\/uploads\/2023\/09\/BinancePayQR-1-207x300.png 207w\" sizes=\"auto, (max-width: 768px) 100vw, 768px\" \/><\/figure>\n\n\n\n<figure class=\"wp-block-gallery has-nested-images columns-default is-cropped wp-block-gallery-2 is-layout-flex wp-block-gallery-is-layout-flex\">\n<figure class=\"wp-block-image size-large\"><img loading=\"lazy\" decoding=\"async\" width=\"384\" height=\"609\" data-id=\"1391\" src=\"https:\/\/stoerpegel.de\/wp-content\/uploads\/2023\/09\/BinancePayQR_BTC.png\" alt=\"\" class=\"wp-image-1391\" srcset=\"https:\/\/stoerpegel.de\/wp-content\/uploads\/2023\/09\/BinancePayQR_BTC.png 384w, https:\/\/stoerpegel.de\/wp-content\/uploads\/2023\/09\/BinancePayQR_BTC-189x300.png 189w\" sizes=\"auto, (max-width: 384px) 100vw, 384px\" \/><\/figure>\n\n\n\n<figure class=\"wp-block-image size-large\"><img loading=\"lazy\" decoding=\"async\" width=\"384\" height=\"609\" data-id=\"1390\" src=\"https:\/\/stoerpegel.de\/wp-content\/uploads\/2023\/09\/BinancePayQR_ETH.png\" alt=\"\" class=\"wp-image-1390\" srcset=\"https:\/\/stoerpegel.de\/wp-content\/uploads\/2023\/09\/BinancePayQR_ETH.png 384w, https:\/\/stoerpegel.de\/wp-content\/uploads\/2023\/09\/BinancePayQR_ETH-189x300.png 189w\" sizes=\"auto, (max-width: 384px) 100vw, 384px\" \/><\/figure>\n<\/figure>\n\n\n\n<p> <\/p>\n\n\n\n<figure class=\"wp-block-image size-full is-resized\"><img loading=\"lazy\" decoding=\"async\" src=\"https:\/\/stoerpegel.de\/wp-content\/uploads\/2022\/02\/BTC-Wallet-Stoerpegel-1.jpg\" alt=\"\" class=\"wp-image-592\" width=\"325\" height=\"360\" srcset=\"https:\/\/stoerpegel.de\/wp-content\/uploads\/2022\/02\/BTC-Wallet-Stoerpegel-1.jpg 649w, https:\/\/stoerpegel.de\/wp-content\/uploads\/2022\/02\/BTC-Wallet-Stoerpegel-1-270x300.jpg 270w\" sizes=\"auto, (max-width: 325px) 100vw, 325px\" \/><\/figure>\n\n\n\n<p>\n<\/p>\n\n\n\n<p>Bitcoin<br>BTC: 1CJ3Tq4SMY1Pmy1EWDGt8uSqQgeesHsWPu<\/p>\n\n\n\n<p><\/p>\n","protected":false},"excerpt":{"rendered":"<p>Ich suche noch immer Hilfe: \u00c4rzt*innen, die mich wirklich behandeln wollen, Anw\u00e4lt*innen f\u00fcr Straf-, Medizin- und Zivilrecht, und jede(n), die\/der dieses Projekt in welcher Form auch immer unterst\u00fctzen will. In Zukunft m\u00f6chte ich Personen unterst\u00fctzen, die in \u00e4hnliche Situationen geraten sind.Denn es gibt keine funktionierende Anlaufstelle f\u00fcr Opfer von Polizeigewalt! Leider ist es auch in [&hellip;]<\/p>\n","protected":false},"author":1,"featured_media":0,"parent":0,"menu_order":0,"comment_status":"closed","ping_status":"closed","template":"","meta":{"footnotes":""},"class_list":["post-107","page","type-page","status-publish","hentry","wpbf-post"],"_links":{"self":[{"href":"https:\/\/stoerpegel.de\/index.php\/wp-json\/wp\/v2\/pages\/107","targetHints":{"allow":["GET"]}}],"collection":[{"href":"https:\/\/stoerpegel.de\/index.php\/wp-json\/wp\/v2\/pages"}],"about":[{"href":"https:\/\/stoerpegel.de\/index.php\/wp-json\/wp\/v2\/types\/page"}],"author":[{"embeddable":true,"href":"https:\/\/stoerpegel.de\/index.php\/wp-json\/wp\/v2\/users\/1"}],"replies":[{"embeddable":true,"href":"https:\/\/stoerpegel.de\/index.php\/wp-json\/wp\/v2\/comments?post=107"}],"version-history":[{"count":7,"href":"https:\/\/stoerpegel.de\/index.php\/wp-json\/wp\/v2\/pages\/107\/revisions"}],"predecessor-version":[{"id":1394,"href":"https:\/\/stoerpegel.de\/index.php\/wp-json\/wp\/v2\/pages\/107\/revisions\/1394"}],"wp:attachment":[{"href":"https:\/\/stoerpegel.de\/index.php\/wp-json\/wp\/v2\/media?parent=107"}],"curies":[{"name":"wp","href":"https:\/\/api.w.org\/{rel}","templated":true}]}}